{"id":912,"date":"2011-10-07T17:37:52","date_gmt":"2011-10-07T06:37:52","guid":{"rendered":"http:\/\/kitesurfnoumea.nc\/wp\/?post_type=product&#038;p=912"},"modified":"2016-12-14T16:25:38","modified_gmt":"2016-12-14T05:25:38","slug":"double-up-geisha","status":"publish","type":"product","link":"https:\/\/kitesurfnoumea.nc\/en\/product\/double-up-geisha\/","title":{"rendered":"Double Up Geisha"},"content":{"rendered":"<p>La Geisha est la petite soeur de la Seven. Elle s&#8217;adresse \u00e0 des gabarits plus l\u00e9gers tout en offrant des performances de qualit\u00e9. Efficace en prise de carre bateau ou cable, c\u2019est une machine pour ceux qui aiment encha\u00eener les tricks : D\u00e9rives moul\u00e9es courtes, larges aux extremit\u00e9s, carres \u00e0 angles variables du nose vers le centre.<\/p>\n<p>&nbsp;<\/p>\n<p><a href=\"http:\/\/kitesurfnoumea.nc\/wp\/wp-content\/uploads\/2011\/10\/Geishapark.jpg\"><img loading=\"lazy\" class=\"alignleft size-medium wp-image-2662\" alt=\"Geishapark\" src=\"http:\/\/kitesurfnoumea.nc\/wp\/wp-content\/uploads\/2011\/10\/Geishapark-211x300.jpg\" width=\"211\" height=\"300\" \/><\/a><\/p>\n","protected":false},"excerpt":{"rendered":"<p>La Geisha est la petite soeur de la Seven. Elle s&#8217;adresse \u00e0 des gabarits plus l\u00e9gers tout en offrant des performances de qualit\u00e9. Efficace en prise de carre bateau ou cable, c\u2019est une machine pour ceux qui aiment encha\u00eener les &hellip;<\/p>\n","protected":false},"featured_media":0,"comment_status":"open","ping_status":"open","template":"","product_category":[273],"product_tag":[63,220,221,217],"_links":{"self":[{"href":"https:\/\/kitesurfnoumea.nc\/en\/wp-json\/wp\/v2\/product\/912"}],"collection":[{"href":"https:\/\/kitesurfnoumea.nc\/en\/wp-json\/wp\/v2\/product"}],"about":[{"href":"https:\/\/kitesurfnoumea.nc\/en\/wp-json\/wp\/v2\/types\/product"}],"replies":[{"embeddable":true,"href":"https:\/\/kitesurfnoumea.nc\/en\/wp-json\/wp\/v2\/comments?post=912"}],"version-history":[{"count":1,"href":"https:\/\/kitesurfnoumea.nc\/en\/wp-json\/wp\/v2\/product\/912\/revisions"}],"predecessor-version":[{"id":2661,"href":"https:\/\/kitesurfnoumea.nc\/en\/wp-json\/wp\/v2\/product\/912\/revisions\/2661"}],"wp:attachment":[{"href":"https:\/\/kitesurfnoumea.nc\/en\/wp-json\/wp\/v2\/media?parent=912"}],"wp:term":[{"taxonomy":"product_category","embeddable":true,"href":"https:\/\/kitesurfnoumea.nc\/en\/wp-json\/wp\/v2\/product_category?post=912"},{"taxonomy":"product_tag","embeddable":true,"href":"https:\/\/kitesurfnoumea.nc\/en\/wp-json\/wp\/v2\/product_tag?post=912"}],"curies":[{"name":"wp","href":"https:\/\/api.w.org\/{rel}","templated":true}]}}