{"id":830,"date":"2011-10-07T15:44:00","date_gmt":"2011-10-07T04:44:00","guid":{"rendered":"http:\/\/kitesurfnoumea.nc\/wp\/?post_type=product&#038;p=830"},"modified":"2016-11-04T18:25:40","modified_gmt":"2016-11-04T07:25:40","slug":"takoon-furia-ltd-2","status":"publish","type":"product","link":"https:\/\/kitesurfnoumea.nc\/en\/product\/takoon-furia-ltd-2\/","title":{"rendered":"Airush Diamond 2017"},"content":{"rendered":"<p><span style=\"text-decoration: underline;\"><strong>Airush Diamond 2017<\/strong><\/span><\/p>\n<p><a href=\"http:\/\/kitesurfnoumea.nc\/wp\/wp-content\/uploads\/2016\/09\/Diamond-2017.jpg\"><img loading=\"lazy\" class=\"alignleft size-medium wp-image-3226\" alt=\"diamond-2017\" src=\"http:\/\/kitesurfnoumea.nc\/wp\/wp-content\/uploads\/2016\/09\/Diamond-2017-300x200.jpg\" width=\"300\" height=\"200\" srcset=\"https:\/\/kitesurfnoumea.nc\/wp-content\/uploads\/2016\/09\/Diamond-2017-300x200.jpg 300w, https:\/\/kitesurfnoumea.nc\/wp-content\/uploads\/2016\/09\/Diamond-2017-450x300.jpg 450w, https:\/\/kitesurfnoumea.nc\/wp-content\/uploads\/2016\/09\/Diamond-2017-200x133.jpg 200w, https:\/\/kitesurfnoumea.nc\/wp-content\/uploads\/2016\/09\/Diamond-2017-36x24.jpg 36w, https:\/\/kitesurfnoumea.nc\/wp-content\/uploads\/2016\/09\/Diamond-2017-90x60.jpg 90w, https:\/\/kitesurfnoumea.nc\/wp-content\/uploads\/2016\/09\/Diamond-2017-150x100.jpg 150w, https:\/\/kitesurfnoumea.nc\/wp-content\/uploads\/2016\/09\/Diamond-2017-32x21.jpg 32w, https:\/\/kitesurfnoumea.nc\/wp-content\/uploads\/2016\/09\/Diamond-2017.jpg 960w\" sizes=\"(max-width: 300px) 100vw, 300px\" \/><\/a><\/p>\n<p>&nbsp;<\/p>\n<p>La Diamond poss\u00e8de une large plage d&#8217;utilisation.<br \/>\nLe profil de la Diamond \u00e0 \u00e9t\u00e9 retravaill\u00e9 pour correspondre \u00e0 un plus large panel de rideuses. De cette fa\u00e7on elle devient la r\u00e9f\u00e9rence des ailes polyvalentes pour femme.<br \/>\nElle s&#8217;adaptera aussi bien au freestyle qu&#8217;au wave riding.<br \/>\nVous n&#8217;aurez plus de difficult\u00e9 \u00e0 balancer votre aile dans la fen\u00eatre m\u00eame dans des grosses conditions.<br \/>\nTehcnoforce D2<br \/>\nAirush Bumper pour augmenter la durabilit\u00e9 de l&#8217;aile<br \/>\nBar pressure adjustment<br \/>\nOne pump valves<\/p>\n<p><a href=\"http:\/\/kitesurfnoumea.nc\/wp\/wp-content\/uploads\/2011\/10\/DIAMOND-2017.png\"><img loading=\"lazy\" class=\"alignleft size-medium wp-image-3265\" alt=\"diamond-2017\" src=\"http:\/\/kitesurfnoumea.nc\/wp\/wp-content\/uploads\/2011\/10\/DIAMOND-2017-300x254.png\" width=\"300\" height=\"254\" srcset=\"https:\/\/kitesurfnoumea.nc\/wp-content\/uploads\/2011\/10\/DIAMOND-2017-300x254.png 300w, https:\/\/kitesurfnoumea.nc\/wp-content\/uploads\/2011\/10\/DIAMOND-2017-353x300.png 353w, https:\/\/kitesurfnoumea.nc\/wp-content\/uploads\/2011\/10\/DIAMOND-2017-176x150.png 176w, https:\/\/kitesurfnoumea.nc\/wp-content\/uploads\/2011\/10\/DIAMOND-2017-36x30.png 36w, https:\/\/kitesurfnoumea.nc\/wp-content\/uploads\/2011\/10\/DIAMOND-2017-90x76.png 90w, https:\/\/kitesurfnoumea.nc\/wp-content\/uploads\/2011\/10\/DIAMOND-2017-150x127.png 150w, https:\/\/kitesurfnoumea.nc\/wp-content\/uploads\/2011\/10\/DIAMOND-2017-32x27.png 32w, https:\/\/kitesurfnoumea.nc\/wp-content\/uploads\/2011\/10\/DIAMOND-2017.png 530w\" sizes=\"(max-width: 300px) 100vw, 300px\" \/><\/a><\/p>\n","protected":false},"excerpt":{"rendered":"<p>Airush Diamond 2017 &nbsp; La Diamond poss\u00e8de une large plage d&#8217;utilisation. Le profil de la Diamond \u00e0 \u00e9t\u00e9 retravaill\u00e9 pour correspondre \u00e0 un plus large panel de rideuses. De cette fa\u00e7on elle devient la r\u00e9f\u00e9rence des ailes polyvalentes pour femme. &hellip;<\/p>\n","protected":false},"featured_media":3265,"comment_status":"open","ping_status":"open","template":"","product_category":[24],"product_tag":[276],"_links":{"self":[{"href":"https:\/\/kitesurfnoumea.nc\/en\/wp-json\/wp\/v2\/product\/830"}],"collection":[{"href":"https:\/\/kitesurfnoumea.nc\/en\/wp-json\/wp\/v2\/product"}],"about":[{"href":"https:\/\/kitesurfnoumea.nc\/en\/wp-json\/wp\/v2\/types\/product"}],"replies":[{"embeddable":true,"href":"https:\/\/kitesurfnoumea.nc\/en\/wp-json\/wp\/v2\/comments?post=830"}],"version-history":[{"count":1,"href":"https:\/\/kitesurfnoumea.nc\/en\/wp-json\/wp\/v2\/product\/830\/revisions"}],"predecessor-version":[{"id":2843,"href":"https:\/\/kitesurfnoumea.nc\/en\/wp-json\/wp\/v2\/product\/830\/revisions\/2843"}],"wp:featuredmedia":[{"embeddable":true,"href":"https:\/\/kitesurfnoumea.nc\/en\/wp-json\/wp\/v2\/media\/3265"}],"wp:attachment":[{"href":"https:\/\/kitesurfnoumea.nc\/en\/wp-json\/wp\/v2\/media?parent=830"}],"wp:term":[{"taxonomy":"product_category","embeddable":true,"href":"https:\/\/kitesurfnoumea.nc\/en\/wp-json\/wp\/v2\/product_category?post=830"},{"taxonomy":"product_tag","embeddable":true,"href":"https:\/\/kitesurfnoumea.nc\/en\/wp-json\/wp\/v2\/product_tag?post=830"}],"curies":[{"name":"wp","href":"https:\/\/api.w.org\/{rel}","templated":true}]}}