{"id":822,"date":"2011-10-07T15:38:15","date_gmt":"2011-10-07T04:38:15","guid":{"rendered":"http:\/\/kitesurfnoumea.nc\/wp\/?post_type=product&#038;p=822"},"modified":"2016-12-12T17:49:53","modified_gmt":"2016-12-12T06:49:53","slug":"airush-varial-x-race","status":"publish","type":"product","link":"https:\/\/kitesurfnoumea.nc\/en\/product\/airush-varial-x-race\/","title":{"rendered":"Airush Union 2017"},"content":{"rendered":"<p><strong><span style=\"text-decoration: underline;\">\u00a0Airush Union 2017<\/span><\/strong><\/p>\n<p><a href=\"http:\/\/kitesurfnoumea.nc\/wp\/wp-content\/uploads\/2011\/10\/UNOIN-BLUE-2017.png\"><img loading=\"lazy\" class=\"alignleft size-medium wp-image-3262\" alt=\"unoin-blue-2017\" src=\"http:\/\/kitesurfnoumea.nc\/wp\/wp-content\/uploads\/2011\/10\/UNOIN-BLUE-2017-300x254.png\" width=\"300\" height=\"254\" srcset=\"https:\/\/kitesurfnoumea.nc\/wp-content\/uploads\/2011\/10\/UNOIN-BLUE-2017-300x254.png 300w, https:\/\/kitesurfnoumea.nc\/wp-content\/uploads\/2011\/10\/UNOIN-BLUE-2017-353x300.png 353w, https:\/\/kitesurfnoumea.nc\/wp-content\/uploads\/2011\/10\/UNOIN-BLUE-2017-176x150.png 176w, https:\/\/kitesurfnoumea.nc\/wp-content\/uploads\/2011\/10\/UNOIN-BLUE-2017-36x30.png 36w, https:\/\/kitesurfnoumea.nc\/wp-content\/uploads\/2011\/10\/UNOIN-BLUE-2017-90x76.png 90w, https:\/\/kitesurfnoumea.nc\/wp-content\/uploads\/2011\/10\/UNOIN-BLUE-2017-150x127.png 150w, https:\/\/kitesurfnoumea.nc\/wp-content\/uploads\/2011\/10\/UNOIN-BLUE-2017-32x27.png 32w, https:\/\/kitesurfnoumea.nc\/wp-content\/uploads\/2011\/10\/UNOIN-BLUE-2017.png 530w\" sizes=\"(max-width: 300px) 100vw, 300px\" \/><\/a>Conduite directe et \u00a0tr\u00e9s r\u00e9active.<br \/>\nHaute performance d\u00e9hook\u00e9e<br \/>\nLa union correspond parfaitement pour les riders de niveaux interm\u00e9diaire et avanc\u00e9 pour une perfromance en allround.<br \/>\nElle combine les charact\u00e9ristiques freestyle de la razor, les charact\u00e9ristics de la wave et de la lithium, la rendant l&#8217;aile LA plus polyvalente du march\u00e9.<br \/>\nDyneema Load Frame<br \/>\nPanneaux technoforce D2 pour plus de r\u00e9sistance et de performance.<br \/>\nXL Inflate\/Deflate valve pour un gonflage ultra rapide de l&#8217;aile qui r\u00e9duira la pression sur la pompe.<br \/>\nRenforcements en Kevlar dans les zones critiques pour am\u00e9liorer la r\u00e9sistance sans influencer le poids et la performance<a href=\"http:\/\/kitesurfnoumea.nc\/wp\/wp-content\/uploads\/2011\/10\/UNION-ORANGE-2017.png\"><img loading=\"lazy\" class=\"alignleft size-medium wp-image-3263\" alt=\"union-orange-2017\" src=\"http:\/\/kitesurfnoumea.nc\/wp\/wp-content\/uploads\/2011\/10\/UNION-ORANGE-2017-300x254.png\" width=\"300\" height=\"254\" srcset=\"https:\/\/kitesurfnoumea.nc\/wp-content\/uploads\/2011\/10\/UNION-ORANGE-2017-300x254.png 300w, https:\/\/kitesurfnoumea.nc\/wp-content\/uploads\/2011\/10\/UNION-ORANGE-2017-353x300.png 353w, https:\/\/kitesurfnoumea.nc\/wp-content\/uploads\/2011\/10\/UNION-ORANGE-2017-176x150.png 176w, https:\/\/kitesurfnoumea.nc\/wp-content\/uploads\/2011\/10\/UNION-ORANGE-2017-36x30.png 36w, https:\/\/kitesurfnoumea.nc\/wp-content\/uploads\/2011\/10\/UNION-ORANGE-2017-90x76.png 90w, https:\/\/kitesurfnoumea.nc\/wp-content\/uploads\/2011\/10\/UNION-ORANGE-2017-150x127.png 150w, https:\/\/kitesurfnoumea.nc\/wp-content\/uploads\/2011\/10\/UNION-ORANGE-2017-32x27.png 32w, https:\/\/kitesurfnoumea.nc\/wp-content\/uploads\/2011\/10\/UNION-ORANGE-2017.png 530w\" sizes=\"(max-width: 300px) 100vw, 300px\" \/><\/a><\/p>\n","protected":false},"excerpt":{"rendered":"<p>\u00a0Airush Union 2017 Conduite directe et \u00a0tr\u00e9s r\u00e9active. Haute performance d\u00e9hook\u00e9e La union correspond parfaitement pour les riders de niveaux interm\u00e9diaire et avanc\u00e9 pour une perfromance en allround. Elle combine les charact\u00e9ristiques freestyle de la razor, les charact\u00e9ristics de la &hellip;<\/p>\n","protected":false},"featured_media":3262,"comment_status":"open","ping_status":"open","template":"","product_category":[24],"product_tag":[163,282,275,90,286],"_links":{"self":[{"href":"https:\/\/kitesurfnoumea.nc\/en\/wp-json\/wp\/v2\/product\/822"}],"collection":[{"href":"https:\/\/kitesurfnoumea.nc\/en\/wp-json\/wp\/v2\/product"}],"about":[{"href":"https:\/\/kitesurfnoumea.nc\/en\/wp-json\/wp\/v2\/types\/product"}],"replies":[{"embeddable":true,"href":"https:\/\/kitesurfnoumea.nc\/en\/wp-json\/wp\/v2\/comments?post=822"}],"version-history":[{"count":1,"href":"https:\/\/kitesurfnoumea.nc\/en\/wp-json\/wp\/v2\/product\/822\/revisions"}],"predecessor-version":[{"id":2677,"href":"https:\/\/kitesurfnoumea.nc\/en\/wp-json\/wp\/v2\/product\/822\/revisions\/2677"}],"wp:featuredmedia":[{"embeddable":true,"href":"https:\/\/kitesurfnoumea.nc\/en\/wp-json\/wp\/v2\/media\/3262"}],"wp:attachment":[{"href":"https:\/\/kitesurfnoumea.nc\/en\/wp-json\/wp\/v2\/media?parent=822"}],"wp:term":[{"taxonomy":"product_category","embeddable":true,"href":"https:\/\/kitesurfnoumea.nc\/en\/wp-json\/wp\/v2\/product_category?post=822"},{"taxonomy":"product_tag","embeddable":true,"href":"https:\/\/kitesurfnoumea.nc\/en\/wp-json\/wp\/v2\/product_tag?post=822"}],"curies":[{"name":"wp","href":"https:\/\/api.w.org\/{rel}","templated":true}]}}