{"id":3695,"date":"2017-03-11T11:32:19","date_gmt":"2017-03-11T00:32:19","guid":{"rendered":"http:\/\/kitesurfnoumea.nc\/?post_type=product&#038;p=3695"},"modified":"2017-03-11T11:32:19","modified_gmt":"2017-03-11T00:32:19","slug":"underwave-sultan-kite-waist","status":"publish","type":"product","link":"https:\/\/kitesurfnoumea.nc\/en\/product\/underwave-sultan-kite-waist\/","title":{"rendered":"Underwave Sultan kite waist"},"content":{"rendered":"<p>R\u00e9sultats d&#8217;ann\u00e9es d&#8217;utilisation sur le terrain et d&#8217;optimisation des constats, les harnais Underwave se distinguent par leur maintien et leur confort.<\/p>\n<p>Le harnais Sultan\u00a0est thermo moul\u00e9 en 3D, il b\u00e9n\u00e9ficie d&#8217;une qualit\u00e9 de construction exceptionnelle. B\u00e9n\u00e9ficant d&#8217;une coque en pvc et de nombreux renforts, c&#8217;est un harnais agr\u00e9able\u00a0\u00e0 porter, durable et de grande qualit\u00e9.\u00a0Il se d\u00e9clina en trois look, du plus sobre au plus funky.<\/p>\n<p>Tous les harnais Underwave sont \u00e9quip\u00e9s d&#8217;un coupe ligne d&#8217;urgence, accessible en permanence \u00e0 proximit\u00e9 de la barre: un excellent ajout s\u00e9curitaire.<\/p>\n<p><strong><span style=\"text-decoration: underline;\">Caract\u00e9ristiques<\/span><\/strong>:<\/p>\n<p>&#8211; Harnais thermo moul\u00e9 \u00e0 l&#8217;int\u00e9rieur comme \u00e0 l&#8217;ext\u00e9rieur<br \/>\n&#8211; Tube de s\u00e9curit\u00e9 handlepass int\u00e9gr\u00e9e<br \/>\n&#8211; Spreader Bar avec pad rembourr\u00e9 int\u00e9gr\u00e9<br \/>\n&#8211; Verrouillage de la barre<br \/>\n&#8211; Coupe-ligne de s\u00e9curit\u00e9 int\u00e9gr\u00e9<br \/>\n&#8211; Stabilisateur de barre<br \/>\n&#8211; Pad dorsal renforc\u00e9<br \/>\n&#8211; Fermeture \u00e9lastique Fit Belt<br \/>\n&#8211; Bords en n\u00e9opr\u00e8ne ultra doux<br \/>\n&#8211; D\u00e9crochage rapide<br \/>\n&#8211; Coque de protection dorsale en PVC<\/p>\n","protected":false},"excerpt":{"rendered":"<p>R\u00e9sultats d&#8217;ann\u00e9es d&#8217;utilisation sur le terrain et d&#8217;optimisation des constats, les harnais Underwave se distinguent par leur maintien et leur confort. Le harnais Sultan\u00a0est thermo moul\u00e9 en 3D, il b\u00e9n\u00e9ficie d&#8217;une qualit\u00e9 de construction exceptionnelle. B\u00e9n\u00e9ficant d&#8217;une coque en pvc &hellip;<\/p>\n","protected":false},"featured_media":3696,"comment_status":"open","ping_status":"open","template":"","product_category":[26],"product_tag":[],"_links":{"self":[{"href":"https:\/\/kitesurfnoumea.nc\/en\/wp-json\/wp\/v2\/product\/3695"}],"collection":[{"href":"https:\/\/kitesurfnoumea.nc\/en\/wp-json\/wp\/v2\/product"}],"about":[{"href":"https:\/\/kitesurfnoumea.nc\/en\/wp-json\/wp\/v2\/types\/product"}],"replies":[{"embeddable":true,"href":"https:\/\/kitesurfnoumea.nc\/en\/wp-json\/wp\/v2\/comments?post=3695"}],"version-history":[{"count":0,"href":"https:\/\/kitesurfnoumea.nc\/en\/wp-json\/wp\/v2\/product\/3695\/revisions"}],"wp:featuredmedia":[{"embeddable":true,"href":"https:\/\/kitesurfnoumea.nc\/en\/wp-json\/wp\/v2\/media\/3696"}],"wp:attachment":[{"href":"https:\/\/kitesurfnoumea.nc\/en\/wp-json\/wp\/v2\/media?parent=3695"}],"wp:term":[{"taxonomy":"product_category","embeddable":true,"href":"https:\/\/kitesurfnoumea.nc\/en\/wp-json\/wp\/v2\/product_category?post=3695"},{"taxonomy":"product_tag","embeddable":true,"href":"https:\/\/kitesurfnoumea.nc\/en\/wp-json\/wp\/v2\/product_tag?post=3695"}],"curies":[{"name":"wp","href":"https:\/\/api.w.org\/{rel}","templated":true}]}}