{"id":3684,"date":"2017-03-11T11:08:23","date_gmt":"2017-03-11T00:08:23","guid":{"rendered":"http:\/\/kitesurfnoumea.nc\/?post_type=product&#038;p=3684"},"modified":"2017-03-11T11:18:08","modified_gmt":"2017-03-11T00:18:08","slug":"gun-sails-rock-kite-waist","status":"publish","type":"product","link":"https:\/\/kitesurfnoumea.nc\/en\/product\/gun-sails-rock-kite-waist\/","title":{"rendered":"Gun Sails Rock kite waist"},"content":{"rendered":"<p><em><strong>Harnais ceinture classique\u00a0<\/strong><\/em><\/p>\n<p>\u25b2 Forme adapt\u00e9e \u00e0 toute utilisation Wave, Freestyle et Freeride<br \/>\n\u25b2 Construction int\u00e9rieure en moulage 3D pour un maximum de confort<br \/>\n\u25b2 Renforts lat\u00e9raux en n\u00e9opr\u00e8ne<br \/>\n\u25b2 Integrated Belt System : ceinture 360\u00b0 int\u00e9gr\u00e9e, ajustable, garantissant un maintien total du harnais<\/p>\n<p>\u25b2 Petite pochette arri\u00e8re<br \/>\n\u25b2 Tailles : S, M, L, XL<br \/>\n\u25b2 Secure Lock System inclus<\/p>\n","protected":false},"excerpt":{"rendered":"<p>Harnais ceinture classique\u00a0 \u25b2 Forme adapt\u00e9e \u00e0 toute utilisation Wave, Freestyle et Freeride \u25b2 Construction int\u00e9rieure en moulage 3D pour un maximum de confort \u25b2 Renforts lat\u00e9raux en n\u00e9opr\u00e8ne \u25b2 Integrated Belt System : ceinture 360\u00b0 int\u00e9gr\u00e9e, ajustable, garantissant un &hellip;<\/p>\n","protected":false},"featured_media":3690,"comment_status":"open","ping_status":"open","template":"","product_category":[26],"product_tag":[],"_links":{"self":[{"href":"https:\/\/kitesurfnoumea.nc\/en\/wp-json\/wp\/v2\/product\/3684"}],"collection":[{"href":"https:\/\/kitesurfnoumea.nc\/en\/wp-json\/wp\/v2\/product"}],"about":[{"href":"https:\/\/kitesurfnoumea.nc\/en\/wp-json\/wp\/v2\/types\/product"}],"replies":[{"embeddable":true,"href":"https:\/\/kitesurfnoumea.nc\/en\/wp-json\/wp\/v2\/comments?post=3684"}],"version-history":[{"count":0,"href":"https:\/\/kitesurfnoumea.nc\/en\/wp-json\/wp\/v2\/product\/3684\/revisions"}],"wp:featuredmedia":[{"embeddable":true,"href":"https:\/\/kitesurfnoumea.nc\/en\/wp-json\/wp\/v2\/media\/3690"}],"wp:attachment":[{"href":"https:\/\/kitesurfnoumea.nc\/en\/wp-json\/wp\/v2\/media?parent=3684"}],"wp:term":[{"taxonomy":"product_category","embeddable":true,"href":"https:\/\/kitesurfnoumea.nc\/en\/wp-json\/wp\/v2\/product_category?post=3684"},{"taxonomy":"product_tag","embeddable":true,"href":"https:\/\/kitesurfnoumea.nc\/en\/wp-json\/wp\/v2\/product_tag?post=3684"}],"curies":[{"name":"wp","href":"https:\/\/api.w.org\/{rel}","templated":true}]}}