{"id":3682,"date":"2017-03-11T11:06:56","date_gmt":"2017-03-11T00:06:56","guid":{"rendered":"http:\/\/kitesurfnoumea.nc\/?post_type=product&#038;p=3682"},"modified":"2017-03-11T11:14:42","modified_gmt":"2017-03-11T00:14:42","slug":"gun-sails-trion-kite-waist","status":"publish","type":"product","link":"https:\/\/kitesurfnoumea.nc\/en\/product\/gun-sails-trion-kite-waist\/","title":{"rendered":"Gun Sails Trion kite waist"},"content":{"rendered":"<p><em><strong>Harnais ceinture Crossover pour Wave et Freestyle<\/strong><\/em><\/p>\n<p>\u25b2 Construction int\u00e9rieure et ext\u00e9rieure en moulage 3D pour un maintien et un confort maximal<br \/>\n\u25b2 Protection anti-choc gr\u00e2ce \u00e0 l\u2019utilisation de mat\u00e9riaux PU hydrofuge<br \/>\n\u25b2 Renforts lat\u00e9raux en n\u00e9opr\u00e8ne<br \/>\n\u25b2 Integrated Belt System : ceinture 360\u00b0 int\u00e9gr\u00e9e, ajustable, garantissant un maintien total du harnais<br \/>\n\u25b2 Coussin lombaire amovible pour un confort individuel<\/p>\n<p>\u25b2 Petite pochette arri\u00e8re<br \/>\n\u25b2 Tailles : S, M, L, XL<br \/>\n\u25b2 Secure Lock System inclus<\/p>\n","protected":false},"excerpt":{"rendered":"<p>Harnais ceinture Crossover pour Wave et Freestyle \u25b2 Construction int\u00e9rieure et ext\u00e9rieure en moulage 3D pour un maintien et un confort maximal \u25b2 Protection anti-choc gr\u00e2ce \u00e0 l\u2019utilisation de mat\u00e9riaux PU hydrofuge \u25b2 Renforts lat\u00e9raux en n\u00e9opr\u00e8ne \u25b2 Integrated Belt &hellip;<\/p>\n","protected":false},"featured_media":3688,"comment_status":"open","ping_status":"open","template":"","product_category":[26],"product_tag":[],"_links":{"self":[{"href":"https:\/\/kitesurfnoumea.nc\/en\/wp-json\/wp\/v2\/product\/3682"}],"collection":[{"href":"https:\/\/kitesurfnoumea.nc\/en\/wp-json\/wp\/v2\/product"}],"about":[{"href":"https:\/\/kitesurfnoumea.nc\/en\/wp-json\/wp\/v2\/types\/product"}],"replies":[{"embeddable":true,"href":"https:\/\/kitesurfnoumea.nc\/en\/wp-json\/wp\/v2\/comments?post=3682"}],"version-history":[{"count":0,"href":"https:\/\/kitesurfnoumea.nc\/en\/wp-json\/wp\/v2\/product\/3682\/revisions"}],"wp:featuredmedia":[{"embeddable":true,"href":"https:\/\/kitesurfnoumea.nc\/en\/wp-json\/wp\/v2\/media\/3688"}],"wp:attachment":[{"href":"https:\/\/kitesurfnoumea.nc\/en\/wp-json\/wp\/v2\/media?parent=3682"}],"wp:term":[{"taxonomy":"product_category","embeddable":true,"href":"https:\/\/kitesurfnoumea.nc\/en\/wp-json\/wp\/v2\/product_category?post=3682"},{"taxonomy":"product_tag","embeddable":true,"href":"https:\/\/kitesurfnoumea.nc\/en\/wp-json\/wp\/v2\/product_tag?post=3682"}],"curies":[{"name":"wp","href":"https:\/\/api.w.org\/{rel}","templated":true}]}}