{"id":3679,"date":"2017-03-11T11:05:06","date_gmt":"2017-03-11T00:05:06","guid":{"rendered":"http:\/\/kitesurfnoumea.nc\/?post_type=product&#038;p=3679"},"modified":"2017-03-11T11:16:25","modified_gmt":"2017-03-11T00:16:25","slug":"manera-senso-kite-waist","status":"publish","type":"product","link":"https:\/\/kitesurfnoumea.nc\/en\/product\/manera-senso-kite-waist\/","title":{"rendered":"Manera Senso Kite waist"},"content":{"rendered":"<p>Avec ce harnais de Kitesurf, votre corps n&#8217;a plus \u00e0 compenser tous les points de pression mal plac\u00e9s avec des contractions musculaires tout en adoptant des positions non naturelles.\u00a0<strong>Le SENSO de Manera<\/strong>, \u00e9pouse parfaitement le corps de l&#8217;utilisateur, et procure d\u00e8s sa premi\u00e8re utilisation une\u00a0<strong>souplesse et une libert\u00e9 de mouvement incroyable<\/strong>\u00a0tout en \u00e9vitant les zones de frictions et ainsi les blessures.<\/p>\n<p><strong>Ce harnais de kitesurf<\/strong>\u00a0a \u00e9t\u00e9 enti\u00e8rement repens\u00e9 et retravaill\u00e9. En effet sur la version 2016 on retrouve un big\u00a0<strong>Ergonomic Prefit\u00a0<\/strong>ce qui permet de ne pas avoir de plis ou de bosse dans le dos ou sur les c\u00f4tes.<\/p>\n<p>La technologie\u00a0<strong>Energy Dispersion Frame<\/strong>\u00a0( EDF) permet de r\u00e9partir les forces sur l&#8217;ensemble du dos et au niveau du bassin , et offre aux utilisateurs\u00a0<strong>un confort\u00a0<\/strong>in\u00e9gal\u00e9.\u00a0<strong>Le harnais est pr\u00e9moul\u00e9\u00a0<\/strong>afin d&#8217;\u00e9pouser parfaitement la morphologie du rideur et ainsi \u00e9viter toutes sortes de g\u00eanes lors de la navigation.<\/p>\n<p>L&#8217;\u00e9quipe R&amp;D de chez Manera a developp\u00e9 un tout nouveau m\u00e9canisme d&#8217;attache asym\u00e9trique\u00a0<strong>(Down Hold System)<\/strong>qui distribue les forces vers le bas. Fig\u00e9e dans sa position initiale, la boucle ne remonte pas.<\/p>\n<p><span style=\"text-decoration: underline;\"><strong>Caract\u00e9ristiques:\u00a0<\/strong><\/span><\/p>\n<p>Energy Dispersion Frame<br \/>\nCocoon Concept<br \/>\nErgonomic Prefit<br \/>\nSeamless Neoprene Area = N\u00e9opr\u00e8ne sans coutures pour limiter les frottements<br \/>\nDown Hold System<\/p>\n","protected":false},"excerpt":{"rendered":"<p>Avec ce harnais de Kitesurf, votre corps n&#8217;a plus \u00e0 compenser tous les points de pression mal plac\u00e9s avec des contractions musculaires tout en adoptant des positions non naturelles.\u00a0Le SENSO de Manera, \u00e9pouse parfaitement le corps de l&#8217;utilisateur, et procure &hellip;<\/p>\n","protected":false},"featured_media":3689,"comment_status":"open","ping_status":"open","template":"","product_category":[26],"product_tag":[],"_links":{"self":[{"href":"https:\/\/kitesurfnoumea.nc\/en\/wp-json\/wp\/v2\/product\/3679"}],"collection":[{"href":"https:\/\/kitesurfnoumea.nc\/en\/wp-json\/wp\/v2\/product"}],"about":[{"href":"https:\/\/kitesurfnoumea.nc\/en\/wp-json\/wp\/v2\/types\/product"}],"replies":[{"embeddable":true,"href":"https:\/\/kitesurfnoumea.nc\/en\/wp-json\/wp\/v2\/comments?post=3679"}],"version-history":[{"count":0,"href":"https:\/\/kitesurfnoumea.nc\/en\/wp-json\/wp\/v2\/product\/3679\/revisions"}],"wp:featuredmedia":[{"embeddable":true,"href":"https:\/\/kitesurfnoumea.nc\/en\/wp-json\/wp\/v2\/media\/3689"}],"wp:attachment":[{"href":"https:\/\/kitesurfnoumea.nc\/en\/wp-json\/wp\/v2\/media?parent=3679"}],"wp:term":[{"taxonomy":"product_category","embeddable":true,"href":"https:\/\/kitesurfnoumea.nc\/en\/wp-json\/wp\/v2\/product_category?post=3679"},{"taxonomy":"product_tag","embeddable":true,"href":"https:\/\/kitesurfnoumea.nc\/en\/wp-json\/wp\/v2\/product_tag?post=3679"}],"curies":[{"name":"wp","href":"https:\/\/api.w.org\/{rel}","templated":true}]}}