{"id":3677,"date":"2017-03-11T11:00:48","date_gmt":"2017-03-11T00:00:48","guid":{"rendered":"http:\/\/kitesurfnoumea.nc\/?post_type=product&#038;p=3677"},"modified":"2017-03-11T11:00:48","modified_gmt":"2017-03-11T00:00:48","slug":"manera-exo-kite-waist","status":"publish","type":"product","link":"https:\/\/kitesurfnoumea.nc\/en\/product\/manera-exo-kite-waist\/","title":{"rendered":"Manera Exo Kite Waist"},"content":{"rendered":"<div title=\"Page 47\">\n<div>\n<div>\n<div>\n<p>HARNAIS EXO<\/p>\n<p>Conscients des limites des produits existants sur le march\u00e9, nous voulions d\u00e9velopper et offrir un harnais innovant, capable de nettement augmenter la longueur de vos sessions gr\u00e2ce \u00e0 son confort. C\u2019est pourquoi nous avons collabor\u00e9 avec un laboratoire des sciences du mouvement humain pour nous aider dans ce projet. Leur approche scienti que et leur connaissance de la morphologie humaine nous ont permis de cr\u00e9er un harnais offrant un niveau de confort jusqu\u2019alors inexistant.<\/p>\n<div title=\"Page 47\">\n<div>\n<div>\n<div>\n<p>Le harnais EXO a \u00e9t\u00e9 d\u00e9velopp\u00e9 pour optimiser la distribution des charges et ainsi \u00e9viter au pratiquant d\u2019avoir des points de pression mal plac\u00e9s comme sur les c\u00f4tes ottantes ou les lombaires. Nous avons donc choisi de guider les pressions sur le sacrum ou la cr\u00eate iliaque, anatomiquement beaucoup plus adapt\u00e9s \u00e0 recevoir des charges.<\/p>\n<p>Le corps n\u2019a donc plus \u00e0 compenser les points de pressions mal plac\u00e9s avec des contractions musculaires ou en prenant des positions non naturelles. Cela r\u00e9duit la fatigue et les douleurs du rider pour lui permettre de naviguer plus longtemps, et dans de meilleures conditions de confort. Le d\u00e9veloppement du harnais EXO a donn\u00e9 lieu \u00e0 de nombreuses innovations et \u00e0 la cr\u00e9ation de nouvelles technologies.<\/p>\n<p><strong><span style=\"text-decoration: underline;\">Caracteristiques :<\/span><\/strong><br \/>\n&#8211; Energy Dispersion Frame : Pour une parfaite r\u00e9partition des efforts<br \/>\n&#8211; Cocoon concept : Pour un confort optimal<br \/>\n&#8211; Ergonomic Fit : Pour un maintien et une ergonomie parfaite<br \/>\n&#8211;\u00a0Down Hold System +\u00a0Tuck Flap : Pour une tenue parfaite du crochet de harnais<\/p>\n<\/div>\n<\/div>\n<\/div>\n<\/div>\n<\/div>\n<\/div>\n<\/div>\n<\/div>\n","protected":false},"excerpt":{"rendered":"<p>HARNAIS EXO Conscients des limites des produits existants sur le march\u00e9, nous voulions d\u00e9velopper et offrir un harnais innovant, capable de nettement augmenter la longueur de vos sessions gr\u00e2ce \u00e0 son confort. C\u2019est pourquoi nous avons collabor\u00e9 avec un laboratoire &hellip;<\/p>\n","protected":false},"featured_media":3678,"comment_status":"open","ping_status":"open","template":"","product_category":[26],"product_tag":[],"_links":{"self":[{"href":"https:\/\/kitesurfnoumea.nc\/en\/wp-json\/wp\/v2\/product\/3677"}],"collection":[{"href":"https:\/\/kitesurfnoumea.nc\/en\/wp-json\/wp\/v2\/product"}],"about":[{"href":"https:\/\/kitesurfnoumea.nc\/en\/wp-json\/wp\/v2\/types\/product"}],"replies":[{"embeddable":true,"href":"https:\/\/kitesurfnoumea.nc\/en\/wp-json\/wp\/v2\/comments?post=3677"}],"version-history":[{"count":0,"href":"https:\/\/kitesurfnoumea.nc\/en\/wp-json\/wp\/v2\/product\/3677\/revisions"}],"wp:featuredmedia":[{"embeddable":true,"href":"https:\/\/kitesurfnoumea.nc\/en\/wp-json\/wp\/v2\/media\/3678"}],"wp:attachment":[{"href":"https:\/\/kitesurfnoumea.nc\/en\/wp-json\/wp\/v2\/media?parent=3677"}],"wp:term":[{"taxonomy":"product_category","embeddable":true,"href":"https:\/\/kitesurfnoumea.nc\/en\/wp-json\/wp\/v2\/product_category?post=3677"},{"taxonomy":"product_tag","embeddable":true,"href":"https:\/\/kitesurfnoumea.nc\/en\/wp-json\/wp\/v2\/product_tag?post=3677"}],"curies":[{"name":"wp","href":"https:\/\/api.w.org\/{rel}","templated":true}]}}