{"id":3659,"date":"2017-03-11T10:01:01","date_gmt":"2017-03-10T23:01:01","guid":{"rendered":"http:\/\/kitesurfnoumea.nc\/?post_type=product&#038;p=3659"},"modified":"2017-03-11T10:01:01","modified_gmt":"2017-03-10T23:01:01","slug":"chinook-pieds-de-mat","status":"publish","type":"product","link":"https:\/\/kitesurfnoumea.nc\/en\/product\/chinook-pieds-de-mat\/","title":{"rendered":"Chinook Pieds de m\u00e2t"},"content":{"rendered":"<p>Nous vous proposons des pieds de mat adapt\u00e9s \u00e0 vos besoins<\/p>\n","protected":false},"excerpt":{"rendered":"<p>Nous vous proposons des pieds de mat adapt\u00e9s \u00e0 vos besoins<\/p>\n","protected":false},"featured_media":3660,"comment_status":"open","ping_status":"open","template":"","product_category":[269],"product_tag":[],"_links":{"self":[{"href":"https:\/\/kitesurfnoumea.nc\/en\/wp-json\/wp\/v2\/product\/3659"}],"collection":[{"href":"https:\/\/kitesurfnoumea.nc\/en\/wp-json\/wp\/v2\/product"}],"about":[{"href":"https:\/\/kitesurfnoumea.nc\/en\/wp-json\/wp\/v2\/types\/product"}],"replies":[{"embeddable":true,"href":"https:\/\/kitesurfnoumea.nc\/en\/wp-json\/wp\/v2\/comments?post=3659"}],"version-history":[{"count":0,"href":"https:\/\/kitesurfnoumea.nc\/en\/wp-json\/wp\/v2\/product\/3659\/revisions"}],"wp:featuredmedia":[{"embeddable":true,"href":"https:\/\/kitesurfnoumea.nc\/en\/wp-json\/wp\/v2\/media\/3660"}],"wp:attachment":[{"href":"https:\/\/kitesurfnoumea.nc\/en\/wp-json\/wp\/v2\/media?parent=3659"}],"wp:term":[{"taxonomy":"product_category","embeddable":true,"href":"https:\/\/kitesurfnoumea.nc\/en\/wp-json\/wp\/v2\/product_category?post=3659"},{"taxonomy":"product_tag","embeddable":true,"href":"https:\/\/kitesurfnoumea.nc\/en\/wp-json\/wp\/v2\/product_tag?post=3659"}],"curies":[{"name":"wp","href":"https:\/\/api.w.org\/{rel}","templated":true}]}}