{"id":3657,"date":"2017-03-11T09:58:28","date_gmt":"2017-03-10T22:58:28","guid":{"rendered":"http:\/\/kitesurfnoumea.nc\/?post_type=product&#038;p=3657"},"modified":"2017-03-11T09:58:35","modified_gmt":"2017-03-10T22:58:35","slug":"bout","status":"publish","type":"product","link":"https:\/\/kitesurfnoumea.nc\/en\/product\/bout\/","title":{"rendered":"Bout"},"content":{"rendered":"<p>Votre bout a cass\u00e9, n&#8217;h\u00e9sitez pas nous vous proposons du bout \u00e0 votre longueur &#8230;<\/p>\n","protected":false},"excerpt":{"rendered":"<p>Votre bout a cass\u00e9, n&#8217;h\u00e9sitez pas nous vous proposons du bout \u00e0 votre longueur &#8230;<\/p>\n","protected":false},"featured_media":3658,"comment_status":"open","ping_status":"open","template":"","product_category":[269],"product_tag":[],"_links":{"self":[{"href":"https:\/\/kitesurfnoumea.nc\/en\/wp-json\/wp\/v2\/product\/3657"}],"collection":[{"href":"https:\/\/kitesurfnoumea.nc\/en\/wp-json\/wp\/v2\/product"}],"about":[{"href":"https:\/\/kitesurfnoumea.nc\/en\/wp-json\/wp\/v2\/types\/product"}],"replies":[{"embeddable":true,"href":"https:\/\/kitesurfnoumea.nc\/en\/wp-json\/wp\/v2\/comments?post=3657"}],"version-history":[{"count":0,"href":"https:\/\/kitesurfnoumea.nc\/en\/wp-json\/wp\/v2\/product\/3657\/revisions"}],"wp:featuredmedia":[{"embeddable":true,"href":"https:\/\/kitesurfnoumea.nc\/en\/wp-json\/wp\/v2\/media\/3658"}],"wp:attachment":[{"href":"https:\/\/kitesurfnoumea.nc\/en\/wp-json\/wp\/v2\/media?parent=3657"}],"wp:term":[{"taxonomy":"product_category","embeddable":true,"href":"https:\/\/kitesurfnoumea.nc\/en\/wp-json\/wp\/v2\/product_category?post=3657"},{"taxonomy":"product_tag","embeddable":true,"href":"https:\/\/kitesurfnoumea.nc\/en\/wp-json\/wp\/v2\/product_tag?post=3657"}],"curies":[{"name":"wp","href":"https:\/\/api.w.org\/{rel}","templated":true}]}}