{"id":3653,"date":"2017-03-10T19:51:43","date_gmt":"2017-03-10T08:51:43","guid":{"rendered":"http:\/\/kitesurfnoumea.nc\/?post_type=product&#038;p=3653"},"modified":"2017-03-11T11:48:09","modified_gmt":"2017-03-11T00:48:09","slug":"gun-sails-rapid","status":"publish","type":"product","link":"https:\/\/kitesurfnoumea.nc\/en\/product\/gun-sails-rapid\/","title":{"rendered":"Gun Sails RAPID"},"content":{"rendered":"<p>Une voile Freerace sans camber, capable d&#8217;aller taquiner de pr\u00e8s quelques b\u00eates de course ? Et bien, c&#8217;est tout \u00e0 fait possible avec le mod\u00e8le RAPID. Cette voile d\u00e9fie les r\u00e8gles de la discipline Freerace. Avec un d\u00e9part au planing explosif, de grosses acc\u00e9l\u00e9rations et des vitesses de pointes remarquables pour une voile sans camber, la RAPID tient t\u00eate aux t\u00e9nors de la discipline en se d\u00e9marquant par sa maniabilit\u00e9 d\u00e9concertante. Avec 7 lattes, dont 4 tubulaires, son profil est toujours bien bloqu\u00e9 pour passer les trous d&#8217;air et continuer \u00e0 acc\u00e9l\u00e9rer sans broncher. Les surfaces jusqu&#8217;\u00e0 6,7 m\u00b2 peuvent tout aussi bien se gr\u00e9er avec un m\u00e2t RDM (haut pourcentage de carbone) si vous optez pour plus de confort sans perdre en performances.<\/p>\n<p><em><strong>Particularit\u00e9s<\/strong><\/em><\/p>\n<p>\u25ba Voile Freerace sans camber offrant des performances exceptionnelles<br \/>\n\u25ba Outline typ\u00e9e Slalom pour de meilleures performances<br \/>\n\u25ba Cross Batten Concept avec 7\/4 tubes pour un maximum de stabilit\u00e9 de profil et d&#8217;a\u00e9rodynamisme<br \/>\n\u25ba 2 \u0153illets \u00e0 l\u2019\u00e9coute pour un r\u00e9glage individuel<br \/>\n\u25ba X-Ply Frame pour garantir sa long\u00e9vit\u00e9 et optimiser son poids<\/p>\n","protected":false},"excerpt":{"rendered":"<p>Une voile Freerace sans camber, capable d&#8217;aller taquiner de pr\u00e8s quelques b\u00eates de course ? Et bien, c&#8217;est tout \u00e0 fait possible avec le mod\u00e8le RAPID. Cette voile d\u00e9fie les r\u00e8gles de la discipline Freerace. Avec un d\u00e9part au planing &hellip;<\/p>\n","protected":false},"featured_media":3700,"comment_status":"open","ping_status":"open","template":"","product_category":[266],"product_tag":[],"_links":{"self":[{"href":"https:\/\/kitesurfnoumea.nc\/en\/wp-json\/wp\/v2\/product\/3653"}],"collection":[{"href":"https:\/\/kitesurfnoumea.nc\/en\/wp-json\/wp\/v2\/product"}],"about":[{"href":"https:\/\/kitesurfnoumea.nc\/en\/wp-json\/wp\/v2\/types\/product"}],"replies":[{"embeddable":true,"href":"https:\/\/kitesurfnoumea.nc\/en\/wp-json\/wp\/v2\/comments?post=3653"}],"version-history":[{"count":0,"href":"https:\/\/kitesurfnoumea.nc\/en\/wp-json\/wp\/v2\/product\/3653\/revisions"}],"wp:featuredmedia":[{"embeddable":true,"href":"https:\/\/kitesurfnoumea.nc\/en\/wp-json\/wp\/v2\/media\/3700"}],"wp:attachment":[{"href":"https:\/\/kitesurfnoumea.nc\/en\/wp-json\/wp\/v2\/media?parent=3653"}],"wp:term":[{"taxonomy":"product_category","embeddable":true,"href":"https:\/\/kitesurfnoumea.nc\/en\/wp-json\/wp\/v2\/product_category?post=3653"},{"taxonomy":"product_tag","embeddable":true,"href":"https:\/\/kitesurfnoumea.nc\/en\/wp-json\/wp\/v2\/product_tag?post=3653"}],"curies":[{"name":"wp","href":"https:\/\/api.w.org\/{rel}","templated":true}]}}