{"id":3646,"date":"2017-03-10T19:34:47","date_gmt":"2017-03-10T08:34:47","guid":{"rendered":"http:\/\/kitesurfnoumea.nc\/?post_type=product&#038;p=3646"},"modified":"2017-03-10T19:35:40","modified_gmt":"2017-03-10T08:35:40","slug":"gun-sails-flight-bag","status":"publish","type":"product","link":"https:\/\/kitesurfnoumea.nc\/en\/product\/gun-sails-flight-bag\/","title":{"rendered":"Gun Sails Flight Bag"},"content":{"rendered":"<p>Sac de voyage de type valise sur roulettes, id\u00e9al pour les s\u00e9jours de courte dur\u00e9e et d\u00e9placements en avion.<br \/>\n\u25b2\u00a0Fabrication robuste en Ripstop 600<br \/>\n\u25b2 Parfait pour l&#8217;avion en bagage \u00e0 mains<br \/>\n\u25b2 2 grands compartiments ext\u00e9rieurs<br \/>\n\u25b2 Roulettes de transport int\u00e9gr\u00e9es<br \/>\n\u25b2 Poign\u00e9e t\u00e9lescopique<br \/>\n\u25b2 2 compartiments int\u00e9rieures avec filets de s\u00e9paration<br \/>\n\u25b2 Poign\u00e9es ergonomiques sur le dessus et le c\u00f4t\u00e9<br \/>\n\u25b2 Arri\u00e8re du sac renforc\u00e9 en PVC<br \/>\n\u25b2 Dimensions : L: 52 cm, l : 32 cm, H : 25 cm<br \/>\n\u25b2 Porte-\u00e9tiquette de voyage<\/p>\n","protected":false},"excerpt":{"rendered":"<p>Sac de voyage de type valise sur roulettes, id\u00e9al pour les s\u00e9jours de courte dur\u00e9e et d\u00e9placements en avion. \u25b2\u00a0Fabrication robuste en Ripstop 600 \u25b2 Parfait pour l&#8217;avion en bagage \u00e0 mains \u25b2 2 grands compartiments ext\u00e9rieurs \u25b2 Roulettes de &hellip;<\/p>\n","protected":false},"featured_media":3647,"comment_status":"open","ping_status":"open","template":"","product_category":[269],"product_tag":[],"_links":{"self":[{"href":"https:\/\/kitesurfnoumea.nc\/en\/wp-json\/wp\/v2\/product\/3646"}],"collection":[{"href":"https:\/\/kitesurfnoumea.nc\/en\/wp-json\/wp\/v2\/product"}],"about":[{"href":"https:\/\/kitesurfnoumea.nc\/en\/wp-json\/wp\/v2\/types\/product"}],"replies":[{"embeddable":true,"href":"https:\/\/kitesurfnoumea.nc\/en\/wp-json\/wp\/v2\/comments?post=3646"}],"version-history":[{"count":0,"href":"https:\/\/kitesurfnoumea.nc\/en\/wp-json\/wp\/v2\/product\/3646\/revisions"}],"wp:featuredmedia":[{"embeddable":true,"href":"https:\/\/kitesurfnoumea.nc\/en\/wp-json\/wp\/v2\/media\/3647"}],"wp:attachment":[{"href":"https:\/\/kitesurfnoumea.nc\/en\/wp-json\/wp\/v2\/media?parent=3646"}],"wp:term":[{"taxonomy":"product_category","embeddable":true,"href":"https:\/\/kitesurfnoumea.nc\/en\/wp-json\/wp\/v2\/product_category?post=3646"},{"taxonomy":"product_tag","embeddable":true,"href":"https:\/\/kitesurfnoumea.nc\/en\/wp-json\/wp\/v2\/product_tag?post=3646"}],"curies":[{"name":"wp","href":"https:\/\/api.w.org\/{rel}","templated":true}]}}