{"id":3644,"date":"2017-03-10T19:24:56","date_gmt":"2017-03-10T08:24:56","guid":{"rendered":"http:\/\/kitesurfnoumea.nc\/?post_type=product&#038;p=3644"},"modified":"2017-03-10T19:25:33","modified_gmt":"2017-03-10T08:25:33","slug":"gun-sails-expert-mat","status":"publish","type":"product","link":"https:\/\/kitesurfnoumea.nc\/en\/product\/gun-sails-expert-mat\/","title":{"rendered":"Gun Sails EXPERT M\u00e2t"},"content":{"rendered":"<p>Les m\u00e2ts EXPERT de chez Gun Sais existent en SDM et RDM<\/p>\n<p><em><strong>SP\u00c9CIFICIT\u00c9S<\/strong><\/em><em><strong>\u00a0:<\/strong><\/em><\/p>\n<p>\u25b2 Classe de m\u00e2ts haute performance combinant parfaitement poids r\u00e9duit, dynamisme et r\u00e9activit\u00e9 accrue<br \/>\n\u25b2 70 % de carbone pour gagner en l\u00e9g\u00e8ret\u00e9<br \/>\n\u25b2 Augmente consid\u00e9rablement le confort et le contr\u00f4le dans les vents irr\u00e9guliers<br \/>\n\u25b2 Protection en Polyamide sur l&#8217;ensemble du m\u00e2t le prot\u00e8geant efficacement contre les UV et garantissant une excellente long\u00e9vit\u00e9<br \/>\n\u25b2 Single Mastbag inclus<\/p>\n","protected":false},"excerpt":{"rendered":"<p>Les m\u00e2ts EXPERT de chez Gun Sais existent en SDM et RDM SP\u00c9CIFICIT\u00c9S\u00a0: \u25b2 Classe de m\u00e2ts haute performance combinant parfaitement poids r\u00e9duit, dynamisme et r\u00e9activit\u00e9 accrue \u25b2 70 % de carbone pour gagner en l\u00e9g\u00e8ret\u00e9 \u25b2 Augmente consid\u00e9rablement le &hellip;<\/p>\n","protected":false},"featured_media":0,"comment_status":"open","ping_status":"open","template":"","product_category":[268],"product_tag":[],"_links":{"self":[{"href":"https:\/\/kitesurfnoumea.nc\/en\/wp-json\/wp\/v2\/product\/3644"}],"collection":[{"href":"https:\/\/kitesurfnoumea.nc\/en\/wp-json\/wp\/v2\/product"}],"about":[{"href":"https:\/\/kitesurfnoumea.nc\/en\/wp-json\/wp\/v2\/types\/product"}],"replies":[{"embeddable":true,"href":"https:\/\/kitesurfnoumea.nc\/en\/wp-json\/wp\/v2\/comments?post=3644"}],"version-history":[{"count":0,"href":"https:\/\/kitesurfnoumea.nc\/en\/wp-json\/wp\/v2\/product\/3644\/revisions"}],"wp:attachment":[{"href":"https:\/\/kitesurfnoumea.nc\/en\/wp-json\/wp\/v2\/media?parent=3644"}],"wp:term":[{"taxonomy":"product_category","embeddable":true,"href":"https:\/\/kitesurfnoumea.nc\/en\/wp-json\/wp\/v2\/product_category?post=3644"},{"taxonomy":"product_tag","embeddable":true,"href":"https:\/\/kitesurfnoumea.nc\/en\/wp-json\/wp\/v2\/product_tag?post=3644"}],"curies":[{"name":"wp","href":"https:\/\/api.w.org\/{rel}","templated":true}]}}