{"id":3642,"date":"2017-03-10T19:23:09","date_gmt":"2017-03-10T08:23:09","guid":{"rendered":"http:\/\/kitesurfnoumea.nc\/?post_type=product&#038;p=3642"},"modified":"2017-03-10T19:23:46","modified_gmt":"2017-03-10T08:23:46","slug":"gun-sails-cross-mat","status":"publish","type":"product","link":"https:\/\/kitesurfnoumea.nc\/en\/product\/gun-sails-cross-mat\/","title":{"rendered":"Gun Sails CROSS M\u00e2t"},"content":{"rendered":"<p>Les m\u00e2ts CROSS de chez Gun Sails existent en SDM et RDM<\/p>\n<p><em><strong>SP\u00c9CIFICIT\u00c9S<\/strong><\/em><em><strong>\u00a0:<\/strong><\/em><br \/>\n\u25b2 Grande polyvalence pour tout rider orient\u00e9 performance<br \/>\n\u25b2 50 % de carbone assurant un excellent rapport poids, dynamisme, performance<br \/>\n\u25b2 Tr\u00e8s bonne r\u00e9activit\u00e9 et fiabilit\u00e9<br \/>\n\u25b2 Protection en Polyamide sur l&#8217;ensemble du m\u00e2t le prot\u00e8geant efficacement contre les UV et garantissant une excellente long\u00e9vit\u00e9<br \/>\n\u25b2 Single Mastbag inclus<\/p>\n","protected":false},"excerpt":{"rendered":"<p>Les m\u00e2ts CROSS de chez Gun Sails existent en SDM et RDM SP\u00c9CIFICIT\u00c9S\u00a0: \u25b2 Grande polyvalence pour tout rider orient\u00e9 performance \u25b2 50 % de carbone assurant un excellent rapport poids, dynamisme, performance \u25b2 Tr\u00e8s bonne r\u00e9activit\u00e9 et fiabilit\u00e9 \u25b2 &hellip;<\/p>\n","protected":false},"featured_media":3643,"comment_status":"open","ping_status":"open","template":"","product_category":[268],"product_tag":[],"_links":{"self":[{"href":"https:\/\/kitesurfnoumea.nc\/en\/wp-json\/wp\/v2\/product\/3642"}],"collection":[{"href":"https:\/\/kitesurfnoumea.nc\/en\/wp-json\/wp\/v2\/product"}],"about":[{"href":"https:\/\/kitesurfnoumea.nc\/en\/wp-json\/wp\/v2\/types\/product"}],"replies":[{"embeddable":true,"href":"https:\/\/kitesurfnoumea.nc\/en\/wp-json\/wp\/v2\/comments?post=3642"}],"version-history":[{"count":0,"href":"https:\/\/kitesurfnoumea.nc\/en\/wp-json\/wp\/v2\/product\/3642\/revisions"}],"wp:featuredmedia":[{"embeddable":true,"href":"https:\/\/kitesurfnoumea.nc\/en\/wp-json\/wp\/v2\/media\/3643"}],"wp:attachment":[{"href":"https:\/\/kitesurfnoumea.nc\/en\/wp-json\/wp\/v2\/media?parent=3642"}],"wp:term":[{"taxonomy":"product_category","embeddable":true,"href":"https:\/\/kitesurfnoumea.nc\/en\/wp-json\/wp\/v2\/product_category?post=3642"},{"taxonomy":"product_tag","embeddable":true,"href":"https:\/\/kitesurfnoumea.nc\/en\/wp-json\/wp\/v2\/product_tag?post=3642"}],"curies":[{"name":"wp","href":"https:\/\/api.w.org\/{rel}","templated":true}]}}