{"id":3640,"date":"2017-03-10T19:21:53","date_gmt":"2017-03-10T08:21:53","guid":{"rendered":"http:\/\/kitesurfnoumea.nc\/?post_type=product&#038;p=3640"},"modified":"2017-03-10T19:21:53","modified_gmt":"2017-03-10T08:21:53","slug":"gun-sails-advantage","status":"publish","type":"product","link":"https:\/\/kitesurfnoumea.nc\/en\/product\/gun-sails-advantage\/","title":{"rendered":"Gun Sails Advantage"},"content":{"rendered":"<p>Les m\u00e2ts Advantage de chez Gun Sais existe en SDM et RDM<\/p>\n<p><em><strong>SP\u00c9CIFICIT\u00c9S<\/strong><\/em><em><strong>\u00a0:<\/strong><\/em><\/p>\n<p>\u25b2 Rapport qualit\u00e9-prix imbattable<br \/>\n\u25b2 Parfait pour d\u00e9butant et niveau interm\u00e9diaire<br \/>\n\u25b2 Robustesse et polyvalence pour toute utilisation Wave, Freemove et Freeride<br \/>\n\u25b2 Technologie Prepreg Carbon<br \/>\n\u25b2 Partie basse du m\u00e2t avec protection Polyamide<\/p>\n","protected":false},"excerpt":{"rendered":"<p>Les m\u00e2ts Advantage de chez Gun Sais existe en SDM et RDM SP\u00c9CIFICIT\u00c9S\u00a0: \u25b2 Rapport qualit\u00e9-prix imbattable \u25b2 Parfait pour d\u00e9butant et niveau interm\u00e9diaire \u25b2 Robustesse et polyvalence pour toute utilisation Wave, Freemove et Freeride \u25b2 Technologie Prepreg Carbon \u25b2 &hellip;<\/p>\n","protected":false},"featured_media":3641,"comment_status":"open","ping_status":"open","template":"","product_category":[268],"product_tag":[],"_links":{"self":[{"href":"https:\/\/kitesurfnoumea.nc\/en\/wp-json\/wp\/v2\/product\/3640"}],"collection":[{"href":"https:\/\/kitesurfnoumea.nc\/en\/wp-json\/wp\/v2\/product"}],"about":[{"href":"https:\/\/kitesurfnoumea.nc\/en\/wp-json\/wp\/v2\/types\/product"}],"replies":[{"embeddable":true,"href":"https:\/\/kitesurfnoumea.nc\/en\/wp-json\/wp\/v2\/comments?post=3640"}],"version-history":[{"count":0,"href":"https:\/\/kitesurfnoumea.nc\/en\/wp-json\/wp\/v2\/product\/3640\/revisions"}],"wp:featuredmedia":[{"embeddable":true,"href":"https:\/\/kitesurfnoumea.nc\/en\/wp-json\/wp\/v2\/media\/3641"}],"wp:attachment":[{"href":"https:\/\/kitesurfnoumea.nc\/en\/wp-json\/wp\/v2\/media?parent=3640"}],"wp:term":[{"taxonomy":"product_category","embeddable":true,"href":"https:\/\/kitesurfnoumea.nc\/en\/wp-json\/wp\/v2\/product_category?post=3640"},{"taxonomy":"product_tag","embeddable":true,"href":"https:\/\/kitesurfnoumea.nc\/en\/wp-json\/wp\/v2\/product_tag?post=3640"}],"curies":[{"name":"wp","href":"https:\/\/api.w.org\/{rel}","templated":true}]}}