{"id":3638,"date":"2017-03-10T19:16:18","date_gmt":"2017-03-10T08:16:18","guid":{"rendered":"http:\/\/kitesurfnoumea.nc\/?post_type=product&#038;p=3638"},"modified":"2017-03-11T11:57:47","modified_gmt":"2017-03-11T00:57:47","slug":"gun-sails-select","status":"publish","type":"product","link":"https:\/\/kitesurfnoumea.nc\/en\/product\/gun-sails-select\/","title":{"rendered":"Gun Sails SELECT"},"content":{"rendered":"<p>De fabrication <strong>monocoque full carbone<\/strong> avec rallonge arri\u00e8re Square Tail en Loop-to-loop ou Wide Square Tail avec poulies int\u00e9rgr\u00e9es selon mod\u00e8le, le wishbone Select 100 % carbone combine parfaitement l\u00e9g\u00e8ret\u00e9, stabilit\u00e9, r\u00e9sistance et rigidit\u00e9 ! Le profil de la voile reste toujours bloqu\u00e9 vers l&#8217;avant et les d\u00e9formations sont ainsi \u00e9vit\u00e9es.<\/p>\n<p>Nouveaut\u00e9 de cet \u00e9t\u00e9 2016, le mod\u00e8le\u00a0<strong><em>SELECT SLIM 140-190 cm<\/em><\/strong>. Gr\u00e2ce \u00e0 ses tubes de diam\u00e8tre 26 mm, ce nouveau wishbone procure une excellente prise en main en navigation, g\u00e9n\u00e8re moins de fatigue, apporte de meilleurs appuis et plus de confort.<\/p>\n<p><em><strong>CARACT\u00c9RISTIQUES TECHNIQUES :<\/strong><\/em><br \/>\n\u25ba Construction 100 % carbone monocoque New School<br \/>\n\u25ba Diam\u00e8tre des tubes : 26 mm pour le mod\u00e8le\u00a0<strong><em>SELECT SLIM 140-190<\/em><\/strong><br \/>\n\u25ba Mod\u00e8le 140-190 cm (hors Slim) et 160-220 cm : tubes de 27,5 mm de diam\u00e8tre et nouvelle rallonge arri\u00e8re en carbone Square Tail, Loop-to-Loop pour toute utilisation Wave, Freestyle, Freeride<br \/>\n\u25ba\u00a0Mod\u00e8le 180-240 cm et 230-290 cm : tubes de 29 mm de diam\u00e8tre au niveau des bouts de harnais avec l\u00e9ger V-Shape, puis 34 mm pour garantir une rigidit\u00e9 et r\u00e9sistance absolues. Ces longueurs profitent d&#8217;une nouvelle rallonge arri\u00e8re en carbone Wide Square Tail avec poulies int\u00e9gr\u00e9es pour toute utilisation Freerace, Slalom et Formula<br \/>\n\u25ba Poign\u00e9e avant SL pivotante supprimant les pressions exerc\u00e9es sur le m\u00e2t<br \/>\n\u25ba Rallonge arri\u00e8re en carbone Square Tail avec ajustement Loop-to-Loop<br \/>\n\u25ba Syst\u00e8me Double Pin-Lock s\u00e9curis\u00e9 avec v\u00e9rouillage tous les 2 cm<\/p>\n<table border=\"1\" cellspacing=\"0\" cellpadding=\"0\">\n<tbody>\n<tr>\n<td valign=\"top\" width=\"62\"><b>Long. cm<\/b><\/td>\n<td valign=\"top\" width=\"57\"><b>Poids kg<\/b><\/td>\n<td valign=\"top\" width=\"64\"><b>Diam mm<\/b><\/td>\n<td valign=\"top\" width=\"71\"><b>Taille voile<\/b><\/td>\n<td valign=\"top\" width=\"130\"><b>Part. arr<\/b><\/td>\n<td valign=\"top\" width=\"77\"><b>Poign\u00e9e avt<\/b><\/td>\n<\/tr>\n<tr>\n<td valign=\"top\" width=\"62\">140-190<\/td>\n<td valign=\"top\" width=\"57\">2,05<\/td>\n<td valign=\"top\" width=\"64\">26<\/td>\n<td valign=\"top\" width=\"71\">3,2-6,5<\/td>\n<td valign=\"top\" width=\"130\">Square tail<\/td>\n<td valign=\"top\" width=\"77\">Monocoque<\/td>\n<\/tr>\n<tr>\n<td valign=\"top\" width=\"62\">160-220<\/td>\n<td valign=\"top\" width=\"57\">2,4<\/td>\n<td valign=\"top\" width=\"64\">27,5<\/td>\n<td valign=\"top\" width=\"71\">4,6-8,1<\/td>\n<td valign=\"top\" width=\"130\">Square tail<\/td>\n<td valign=\"top\" width=\"77\">Monocoque<\/td>\n<\/tr>\n<tr>\n<td valign=\"top\" width=\"62\">180-240<\/td>\n<td valign=\"top\" width=\"57\">3,4<\/td>\n<td valign=\"top\" width=\"64\">29<\/td>\n<td valign=\"top\" width=\"71\">5,7-9,6<\/td>\n<td valign=\"top\" width=\"130\">Wide Square tail<\/td>\n<td valign=\"top\" width=\"77\">Monocoque<\/td>\n<\/tr>\n<tr>\n<td valign=\"top\" width=\"62\">230-290<\/td>\n<td valign=\"top\" width=\"57\">3,7<\/td>\n<td valign=\"top\" width=\"64\">29<\/td>\n<td valign=\"top\" width=\"71\">8,6-12<\/td>\n<td valign=\"top\" width=\"130\">Wide Square tail<\/td>\n<td valign=\"top\" width=\"77\">Monocoque<\/td>\n<\/tr>\n<\/tbody>\n<\/table>\n","protected":false},"excerpt":{"rendered":"<p>De fabrication monocoque full carbone avec rallonge arri\u00e8re Square Tail en Loop-to-loop ou Wide Square Tail avec poulies int\u00e9rgr\u00e9es selon mod\u00e8le, le wishbone Select 100 % carbone combine parfaitement l\u00e9g\u00e8ret\u00e9, stabilit\u00e9, r\u00e9sistance et rigidit\u00e9 ! Le profil de la voile &hellip;<\/p>\n","protected":false},"featured_media":3705,"comment_status":"open","ping_status":"open","template":"","product_category":[267],"product_tag":[],"_links":{"self":[{"href":"https:\/\/kitesurfnoumea.nc\/en\/wp-json\/wp\/v2\/product\/3638"}],"collection":[{"href":"https:\/\/kitesurfnoumea.nc\/en\/wp-json\/wp\/v2\/product"}],"about":[{"href":"https:\/\/kitesurfnoumea.nc\/en\/wp-json\/wp\/v2\/types\/product"}],"replies":[{"embeddable":true,"href":"https:\/\/kitesurfnoumea.nc\/en\/wp-json\/wp\/v2\/comments?post=3638"}],"version-history":[{"count":0,"href":"https:\/\/kitesurfnoumea.nc\/en\/wp-json\/wp\/v2\/product\/3638\/revisions"}],"wp:featuredmedia":[{"embeddable":true,"href":"https:\/\/kitesurfnoumea.nc\/en\/wp-json\/wp\/v2\/media\/3705"}],"wp:attachment":[{"href":"https:\/\/kitesurfnoumea.nc\/en\/wp-json\/wp\/v2\/media?parent=3638"}],"wp:term":[{"taxonomy":"product_category","embeddable":true,"href":"https:\/\/kitesurfnoumea.nc\/en\/wp-json\/wp\/v2\/product_category?post=3638"},{"taxonomy":"product_tag","embeddable":true,"href":"https:\/\/kitesurfnoumea.nc\/en\/wp-json\/wp\/v2\/product_tag?post=3638"}],"curies":[{"name":"wp","href":"https:\/\/api.w.org\/{rel}","templated":true}]}}