{"id":3636,"date":"2017-03-10T19:04:57","date_gmt":"2017-03-10T08:04:57","guid":{"rendered":"http:\/\/kitesurfnoumea.nc\/?post_type=product&#038;p=3636"},"modified":"2017-03-11T11:58:40","modified_gmt":"2017-03-11T00:58:40","slug":"gun-sails-expert","status":"publish","type":"product","link":"https:\/\/kitesurfnoumea.nc\/en\/product\/gun-sails-expert\/","title":{"rendered":"Gun Sails EXPERT"},"content":{"rendered":"<p><em><strong>SP\u00c9CIFICIT\u00c9S<\/strong><\/em><em><strong>\u00a0:<\/strong><\/em><\/p>\n<p>&nbsp;<\/p>\n<ul>\n<ul>\n<li>Construction hybride carbone\/aluminium monocoque T8 haute r\u00e9sistance<\/li>\n<\/ul>\n<\/ul>\n<ul>\n<ul>\n<li>Long. 150 cm: tubes de 27,5 mm de diam\u00e8tre et nouvelle rallonge arri\u00e8re en carbone Square Tail, Loop-to-Loop pour toute utilisation Wave, Freestyle, Freemove<\/li>\n<\/ul>\n<\/ul>\n<ul>\n<ul>\n<li>Long. 190 cm: tubes de 29 mm de diam\u00e8tre et rallonge arri\u00e8re avec poulies int\u00e9gr\u00e9es pour toute utilisation Freeride, Freerace<\/li>\n<\/ul>\n<\/ul>\n<ul>\n<ul>\n<li>Courbe New School permettant de naviguer sans fatigue<\/li>\n<\/ul>\n<\/ul>\n<ul>\n<li>Syst\u00e8me Double Pin-Lock s\u00e9curis\u00e9 avec verrouillage tous les 2 cm<\/li>\n<\/ul>\n<table border=\"1\">\n<tbody>\n<tr dir=\"ltr\">\n<td style=\"border: 1px solid #000000;\" scope=\"col\">Long cm<\/td>\n<td style=\"border: 1px solid #000000;\" scope=\"col\">Poids kg<\/td>\n<td style=\"border: 1px solid #000000;\" scope=\"col\">Diam mm<\/td>\n<td style=\"border: 1px solid #000000;\" scope=\"col\">Taille<\/td>\n<td style=\"border: 1px solid #000000;\" scope=\"col\">Partie arr<\/td>\n<td style=\"border: 1px solid #000000;\" scope=\"col\">Poign\u00e9e avt<\/td>\n<\/tr>\n<tr>\n<td style=\"border: 1px solid #000000;\" scope=\"col\">150-200<\/td>\n<td style=\"border: 1px solid #000000;\" scope=\"col\">2,6<\/td>\n<td style=\"border: 1px solid #000000;\" scope=\"col\">27,5<\/td>\n<td style=\"border: 1px solid #000000;\" scope=\"col\">3,8-6,9<\/td>\n<td style=\"border: 1px solid #000000;\" scope=\"col\">Square Tail carbon<\/td>\n<td style=\"border: 1px solid #000000;\" scope=\"col\">Monocoque<\/td>\n<\/tr>\n<tr>\n<td style=\"border: 1px solid #000000;\" scope=\"col\">190-240<\/td>\n<td style=\"border: 1px solid #000000;\" scope=\"col\">3,1<\/td>\n<td style=\"border: 1px solid #000000;\" scope=\"col\">29<\/td>\n<td style=\"border: 1px solid #000000;\" scope=\"col\">6,3-9,6<\/td>\n<td style=\"border: 1px solid #000000;\" scope=\"col\">Carbon Round Tail<\/td>\n<td style=\"border: 1px solid #000000;\" scope=\"col\">Monocoque<\/td>\n<\/tr>\n<\/tbody>\n<\/table>\n","protected":false},"excerpt":{"rendered":"<p>SP\u00c9CIFICIT\u00c9S\u00a0: &nbsp; Construction hybride carbone\/aluminium monocoque T8 haute r\u00e9sistance Long. 150 cm: tubes de 27,5 mm de diam\u00e8tre et nouvelle rallonge arri\u00e8re en carbone Square Tail, Loop-to-Loop pour toute utilisation Wave, Freestyle, Freemove Long. 190 cm: tubes de 29 mm &hellip;<\/p>\n","protected":false},"featured_media":3706,"comment_status":"open","ping_status":"open","template":"","product_category":[267],"product_tag":[],"_links":{"self":[{"href":"https:\/\/kitesurfnoumea.nc\/en\/wp-json\/wp\/v2\/product\/3636"}],"collection":[{"href":"https:\/\/kitesurfnoumea.nc\/en\/wp-json\/wp\/v2\/product"}],"about":[{"href":"https:\/\/kitesurfnoumea.nc\/en\/wp-json\/wp\/v2\/types\/product"}],"replies":[{"embeddable":true,"href":"https:\/\/kitesurfnoumea.nc\/en\/wp-json\/wp\/v2\/comments?post=3636"}],"version-history":[{"count":0,"href":"https:\/\/kitesurfnoumea.nc\/en\/wp-json\/wp\/v2\/product\/3636\/revisions"}],"wp:featuredmedia":[{"embeddable":true,"href":"https:\/\/kitesurfnoumea.nc\/en\/wp-json\/wp\/v2\/media\/3706"}],"wp:attachment":[{"href":"https:\/\/kitesurfnoumea.nc\/en\/wp-json\/wp\/v2\/media?parent=3636"}],"wp:term":[{"taxonomy":"product_category","embeddable":true,"href":"https:\/\/kitesurfnoumea.nc\/en\/wp-json\/wp\/v2\/product_category?post=3636"},{"taxonomy":"product_tag","embeddable":true,"href":"https:\/\/kitesurfnoumea.nc\/en\/wp-json\/wp\/v2\/product_tag?post=3636"}],"curies":[{"name":"wp","href":"https:\/\/api.w.org\/{rel}","templated":true}]}}