{"id":3634,"date":"2017-03-10T18:57:01","date_gmt":"2017-03-10T07:57:01","guid":{"rendered":"http:\/\/kitesurfnoumea.nc\/?post_type=product&#038;p=3634"},"modified":"2017-03-11T11:59:20","modified_gmt":"2017-03-11T00:59:20","slug":"gun-sails-v-cross","status":"publish","type":"product","link":"https:\/\/kitesurfnoumea.nc\/en\/product\/gun-sails-v-cross\/","title":{"rendered":"Gun Sails V-CROSS"},"content":{"rendered":"<p><em><strong>SP\u00c9CIFICIT\u00c9S<\/strong><\/em><em><strong>\u00a0:<\/strong><\/em><\/p>\n<p>&nbsp;<\/p>\n<ul>\n<ul>\n<li>Construction en <strong><span style=\"text-decoration: underline;\">aluminium monocoque double alliage<\/span><\/strong>, profil\u00e9 en V<\/li>\n<\/ul>\n<\/ul>\n<p>&nbsp;<\/p>\n<ul>\n<ul>\n<li>Nouvelle poign\u00e9e avant SL \u00e0 fermeture rapide sans pincement des doigts<\/li>\n<\/ul>\n<\/ul>\n<p>&nbsp;<\/p>\n<ul>\n<ul>\n<li>Courbe New School<\/li>\n<\/ul>\n<\/ul>\n<p>&nbsp;<\/p>\n<ul>\n<ul>\n<li>Tubes de diam\u00e8tre 26 mm ovalis\u00e9s (V-Design) pour une excellente prise en main, moins de fatigue, plus de confort<\/li>\n<\/ul>\n<\/ul>\n<p>&nbsp;<\/p>\n<ul>\n<ul>\n<li>Rigidit\u00e9 comparable \u00e0 un wishbone 100 % carbone<\/li>\n<\/ul>\n<\/ul>\n<p>&nbsp;<\/p>\n<ul>\n<li>Rallonge arri\u00e8re Loop-to-Loop identique au mod\u00e8le CROSS<\/li>\n<\/ul>\n","protected":false},"excerpt":{"rendered":"<p>SP\u00c9CIFICIT\u00c9S\u00a0: &nbsp; Construction en aluminium monocoque double alliage, profil\u00e9 en V &nbsp; Nouvelle poign\u00e9e avant SL \u00e0 fermeture rapide sans pincement des doigts &nbsp; Courbe New School &nbsp; Tubes de diam\u00e8tre 26 mm ovalis\u00e9s (V-Design) pour une excellente prise en &hellip;<\/p>\n","protected":false},"featured_media":3707,"comment_status":"open","ping_status":"open","template":"","product_category":[267],"product_tag":[],"_links":{"self":[{"href":"https:\/\/kitesurfnoumea.nc\/en\/wp-json\/wp\/v2\/product\/3634"}],"collection":[{"href":"https:\/\/kitesurfnoumea.nc\/en\/wp-json\/wp\/v2\/product"}],"about":[{"href":"https:\/\/kitesurfnoumea.nc\/en\/wp-json\/wp\/v2\/types\/product"}],"replies":[{"embeddable":true,"href":"https:\/\/kitesurfnoumea.nc\/en\/wp-json\/wp\/v2\/comments?post=3634"}],"version-history":[{"count":0,"href":"https:\/\/kitesurfnoumea.nc\/en\/wp-json\/wp\/v2\/product\/3634\/revisions"}],"wp:featuredmedia":[{"embeddable":true,"href":"https:\/\/kitesurfnoumea.nc\/en\/wp-json\/wp\/v2\/media\/3707"}],"wp:attachment":[{"href":"https:\/\/kitesurfnoumea.nc\/en\/wp-json\/wp\/v2\/media?parent=3634"}],"wp:term":[{"taxonomy":"product_category","embeddable":true,"href":"https:\/\/kitesurfnoumea.nc\/en\/wp-json\/wp\/v2\/product_category?post=3634"},{"taxonomy":"product_tag","embeddable":true,"href":"https:\/\/kitesurfnoumea.nc\/en\/wp-json\/wp\/v2\/product_tag?post=3634"}],"curies":[{"name":"wp","href":"https:\/\/api.w.org\/{rel}","templated":true}]}}