{"id":3631,"date":"2017-03-10T18:55:30","date_gmt":"2017-03-10T07:55:30","guid":{"rendered":"http:\/\/kitesurfnoumea.nc\/?post_type=product&#038;p=3631"},"modified":"2017-03-11T12:00:07","modified_gmt":"2017-03-11T01:00:07","slug":"gun-sails-cross","status":"publish","type":"product","link":"https:\/\/kitesurfnoumea.nc\/en\/product\/gun-sails-cross\/","title":{"rendered":"Gun Sails CROSS"},"content":{"rendered":"<p><em><strong>SP\u00c9CIFICIT\u00c9S<\/strong><\/em><em><strong>\u00a0:<\/strong><\/em><\/p>\n<ul>\n<ul>\n<li>Construit en <strong>aluminium monocoque<\/strong> T8 haute r\u00e9sistance offrant une <span style=\"text-decoration: underline;\">excellente rigidit\u00e9<\/span><\/li>\n<\/ul>\n<\/ul>\n<p>&nbsp;<\/p>\n<ul>\n<ul>\n<li>Courbe New School permettant de naviguer sans fatigue, ni crampe notamment au niveau du positionnement de la main avant<\/li>\n<\/ul>\n<\/ul>\n<p>&nbsp;<\/p>\n<ul>\n<ul>\n<li>Longueurs 140, 150, 160 cm : tubes de 26 mm au niveau des bouts de harnais, puis 29 mm pour conserver un maximum de rigidit\u00e9<\/li>\n<\/ul>\n<\/ul>\n<p>&nbsp;<\/p>\n<ul>\n<ul>\n<li>Longueurs 180 et 200 cm : tubes de 29 mm sur l&#8217;int\u00e9gralit\u00e9 du wishbone<\/li>\n<\/ul>\n<\/ul>\n<p>&nbsp;<\/p>\n<ul>\n<li>Syst\u00e8me Double Pin-Lock s\u00e9curis\u00e9 avec verrouillage tous les 2 cm<\/li>\n<\/ul>\n","protected":false},"excerpt":{"rendered":"<p>SP\u00c9CIFICIT\u00c9S\u00a0: Construit en aluminium monocoque T8 haute r\u00e9sistance offrant une excellente rigidit\u00e9 &nbsp; Courbe New School permettant de naviguer sans fatigue, ni crampe notamment au niveau du positionnement de la main avant &nbsp; Longueurs 140, 150, 160 cm : tubes &hellip;<\/p>\n","protected":false},"featured_media":3708,"comment_status":"open","ping_status":"open","template":"","product_category":[267],"product_tag":[],"_links":{"self":[{"href":"https:\/\/kitesurfnoumea.nc\/en\/wp-json\/wp\/v2\/product\/3631"}],"collection":[{"href":"https:\/\/kitesurfnoumea.nc\/en\/wp-json\/wp\/v2\/product"}],"about":[{"href":"https:\/\/kitesurfnoumea.nc\/en\/wp-json\/wp\/v2\/types\/product"}],"replies":[{"embeddable":true,"href":"https:\/\/kitesurfnoumea.nc\/en\/wp-json\/wp\/v2\/comments?post=3631"}],"version-history":[{"count":0,"href":"https:\/\/kitesurfnoumea.nc\/en\/wp-json\/wp\/v2\/product\/3631\/revisions"}],"wp:featuredmedia":[{"embeddable":true,"href":"https:\/\/kitesurfnoumea.nc\/en\/wp-json\/wp\/v2\/media\/3708"}],"wp:attachment":[{"href":"https:\/\/kitesurfnoumea.nc\/en\/wp-json\/wp\/v2\/media?parent=3631"}],"wp:term":[{"taxonomy":"product_category","embeddable":true,"href":"https:\/\/kitesurfnoumea.nc\/en\/wp-json\/wp\/v2\/product_category?post=3631"},{"taxonomy":"product_tag","embeddable":true,"href":"https:\/\/kitesurfnoumea.nc\/en\/wp-json\/wp\/v2\/product_tag?post=3631"}],"curies":[{"name":"wp","href":"https:\/\/api.w.org\/{rel}","templated":true}]}}