{"id":3628,"date":"2017-03-10T18:50:34","date_gmt":"2017-03-10T07:50:34","guid":{"rendered":"http:\/\/kitesurfnoumea.nc\/?post_type=product&#038;p=3628"},"modified":"2017-03-11T11:50:34","modified_gmt":"2017-03-11T00:50:34","slug":"gun-sails-transwave","status":"publish","type":"product","link":"https:\/\/kitesurfnoumea.nc\/en\/product\/gun-sails-transwave\/","title":{"rendered":"Gun Sails TRANSWAVE"},"content":{"rendered":"<p>TRANSWAVE, la voile de vagues la plus &#8220;p\u00eachue&#8221; de la gamme. En qu\u00eate de puissance dans la vague, de vitesse maximale pour vos jumps, choisissez cette voile, vous n&#8217;allez plus la l\u00e2cher. Comparativement \u00e0 la Blow et la Peak, la TRANSWAVE pr\u00e9sente un creux plus prononc\u00e9 et ne connait pas de temps mort, ce qui signifie pas de vrai Off. Cette voile est destin\u00e9e avant tout aux rideurs qui recherchent une voile Power plut\u00f4t On Shore. Son mast panel en Dacron dose et lib\u00e8re progressivement toute sa puissance sans jamais lui faire perdre sa sportivit\u00e9 et sa dynamique. Avec la TRANSWAVE, vous avez \u00e0 la fois une voile Power Wave tr\u00e8s contr\u00f4lable et performante en glisse, couvrant ainsi une plage d&#8217;utilisation allant de la vague aux conditions plus plates freemove\/freeride.<\/p>\n<p><em><strong>Particularit\u00e9s<\/strong><\/em><\/p>\n<p>\u25ba Voile de vague puissante au profil bien prononc\u00e9<br \/>\n\u25ba Grande plage d&#8217;utilisation de la Vague au Freestyle<br \/>\n\u25ba RBL, wish raccourci pour plus de contr\u00f4le et de maniabilit\u00e9<br \/>\n\u25ba 60 % X-Ply optimis\u00e9 pour gagner en poids et durer dans le temps<br \/>\n\u25ba Compatible avec les m\u00e2ts RDM et SDM<\/p>\n","protected":false},"excerpt":{"rendered":"<p>TRANSWAVE, la voile de vagues la plus &#8220;p\u00eachue&#8221; de la gamme. En qu\u00eate de puissance dans la vague, de vitesse maximale pour vos jumps, choisissez cette voile, vous n&#8217;allez plus la l\u00e2cher. Comparativement \u00e0 la Blow et la Peak, la &hellip;<\/p>\n","protected":false},"featured_media":3701,"comment_status":"open","ping_status":"open","template":"","product_category":[266],"product_tag":[],"_links":{"self":[{"href":"https:\/\/kitesurfnoumea.nc\/en\/wp-json\/wp\/v2\/product\/3628"}],"collection":[{"href":"https:\/\/kitesurfnoumea.nc\/en\/wp-json\/wp\/v2\/product"}],"about":[{"href":"https:\/\/kitesurfnoumea.nc\/en\/wp-json\/wp\/v2\/types\/product"}],"replies":[{"embeddable":true,"href":"https:\/\/kitesurfnoumea.nc\/en\/wp-json\/wp\/v2\/comments?post=3628"}],"version-history":[{"count":0,"href":"https:\/\/kitesurfnoumea.nc\/en\/wp-json\/wp\/v2\/product\/3628\/revisions"}],"wp:featuredmedia":[{"embeddable":true,"href":"https:\/\/kitesurfnoumea.nc\/en\/wp-json\/wp\/v2\/media\/3701"}],"wp:attachment":[{"href":"https:\/\/kitesurfnoumea.nc\/en\/wp-json\/wp\/v2\/media?parent=3628"}],"wp:term":[{"taxonomy":"product_category","embeddable":true,"href":"https:\/\/kitesurfnoumea.nc\/en\/wp-json\/wp\/v2\/product_category?post=3628"},{"taxonomy":"product_tag","embeddable":true,"href":"https:\/\/kitesurfnoumea.nc\/en\/wp-json\/wp\/v2\/product_tag?post=3628"}],"curies":[{"name":"wp","href":"https:\/\/api.w.org\/{rel}","templated":true}]}}