{"id":3626,"date":"2017-03-10T18:48:54","date_gmt":"2017-03-10T07:48:54","guid":{"rendered":"http:\/\/kitesurfnoumea.nc\/?post_type=product&#038;p=3626"},"modified":"2017-03-11T11:51:48","modified_gmt":"2017-03-11T00:51:48","slug":"gun-sails-vector","status":"publish","type":"product","link":"https:\/\/kitesurfnoumea.nc\/en\/product\/gun-sails-vector\/","title":{"rendered":"Gun Sails VECTOR"},"content":{"rendered":"<p>La VECTOR profite du d\u00e9veloppement des voiles de Slalom GS-R pour s&#8217;\u00e9quiper techniquement avec quelques points communs. La diff\u00e9rence est toutefois claire entre ces deux voiles, la VECTOR est plus maniable et confortable que sa grande s\u0153ur. Equip\u00e9e de 3 Roll Cams, 7 lattes dont 4 tubulaires et d&#8217;un fourreau de m\u00e2t 3D Wing Sleeve, cette freeraceuse pure sang d\u00e9veloppe un maximum de puissance au planing, acc\u00e9l\u00e8re tr\u00e8s franchement pour atteindre des vitessses de pointe hors pair. Son fourreau de m\u00e2t ne b\u00e9n\u00e9ficie toutefois pas des m\u00eames proportions que celui de la GS-R, la VECTOR \u00e9tant \u00e9galement plus facile en navigation. En 2016, l&#8217;aspect ratio a l\u00e9g\u00e8rement \u00e9t\u00e9 modifi\u00e9 et son wishbone raccourci afin de gagner encore plus en contr\u00f4le. La VECTOR s&#8217;adresse parfaitement aux freeracers orient\u00e9s performances.<\/p>\n<p>N.B. : Les surfaces de voile 6.0 \/ 6.5 et 7.0 m\u00b2 peuvent se gr\u00e9er sur un m\u00e2t RDM en utilisant le\u00a0<a href=\"http:\/\/www.gunsails.com\/rdm-camber-set-vector.html\">SET CAMBER RDM<\/a>.<\/p>\n<p><em><strong>Particularit\u00e9s<\/strong><\/em><\/p>\n<p>\u25ba Voile Freerace 3 cambers avec un d\u00e9part au planing explosif et un excellent contr\u00f4le dans le vent fort<br \/>\n\u25ba Fourreau de m\u00e2t en X-Ply transparent pour une meilleure visibilit\u00e9<br \/>\n\u25ba 2 \u0153illets \u00e0 l\u2019\u00e9coute pour un r\u00e9glage individualis\u00e9<br \/>\n\u25ba Reduced Boom Length (RBL) pour une meilleure maniabilit\u00e9<\/p>\n","protected":false},"excerpt":{"rendered":"<p>La VECTOR profite du d\u00e9veloppement des voiles de Slalom GS-R pour s&#8217;\u00e9quiper techniquement avec quelques points communs. La diff\u00e9rence est toutefois claire entre ces deux voiles, la VECTOR est plus maniable et confortable que sa grande s\u0153ur. Equip\u00e9e de 3 &hellip;<\/p>\n","protected":false},"featured_media":3702,"comment_status":"open","ping_status":"open","template":"","product_category":[266],"product_tag":[],"_links":{"self":[{"href":"https:\/\/kitesurfnoumea.nc\/en\/wp-json\/wp\/v2\/product\/3626"}],"collection":[{"href":"https:\/\/kitesurfnoumea.nc\/en\/wp-json\/wp\/v2\/product"}],"about":[{"href":"https:\/\/kitesurfnoumea.nc\/en\/wp-json\/wp\/v2\/types\/product"}],"replies":[{"embeddable":true,"href":"https:\/\/kitesurfnoumea.nc\/en\/wp-json\/wp\/v2\/comments?post=3626"}],"version-history":[{"count":0,"href":"https:\/\/kitesurfnoumea.nc\/en\/wp-json\/wp\/v2\/product\/3626\/revisions"}],"wp:featuredmedia":[{"embeddable":true,"href":"https:\/\/kitesurfnoumea.nc\/en\/wp-json\/wp\/v2\/media\/3702"}],"wp:attachment":[{"href":"https:\/\/kitesurfnoumea.nc\/en\/wp-json\/wp\/v2\/media?parent=3626"}],"wp:term":[{"taxonomy":"product_category","embeddable":true,"href":"https:\/\/kitesurfnoumea.nc\/en\/wp-json\/wp\/v2\/product_category?post=3626"},{"taxonomy":"product_tag","embeddable":true,"href":"https:\/\/kitesurfnoumea.nc\/en\/wp-json\/wp\/v2\/product_tag?post=3626"}],"curies":[{"name":"wp","href":"https:\/\/api.w.org\/{rel}","templated":true}]}}