{"id":3624,"date":"2017-03-10T18:45:29","date_gmt":"2017-03-10T07:45:29","guid":{"rendered":"http:\/\/kitesurfnoumea.nc\/?post_type=product&#038;p=3624"},"modified":"2017-03-11T11:43:15","modified_gmt":"2017-03-11T00:43:15","slug":"gun-sails-gs-r","status":"publish","type":"product","link":"https:\/\/kitesurfnoumea.nc\/en\/product\/gun-sails-gs-r\/","title":{"rendered":"Gun Sails GS-R"},"content":{"rendered":"<p>La voile de course World Cup Racing de la marque destin\u00e9e aux slalomeurs en qu\u00eate de performances pures, sans compromis. Avec son fourreau de m\u00e2t profil\u00e9 3D Wing Sleeve, retravaill\u00e9 sur cette version 2016, la GS-R gagne en stabilit\u00e9 de profil sur sa partie basse avec un creux toujours bien avanc\u00e9 pour une puissance constante dans n&#8217;importe quelles conditions de vent. L&#8217;assemblage ing\u00e9nieux de diff\u00e9rents mat\u00e9riaux avec notamment l&#8217;apparition d&#8217;un nouveau panneau sur la partie haute de la voile apporte un r\u00e9el \u00e9quilibre et une homog\u00e9n\u00e9it\u00e9 parfaite des performances avec sa partie basse. Cette nouvelle r\u00e9partition fournit \u00e9galement plus de r\u00e9activit\u00e9 \u00e0 la voile, plus de r\u00e9ponse et augmente encore sa plage d&#8217;utilisation. Le twist de la voile \u00e9tant plus harmonieux, le creux reste toujours bloqu\u00e9 vers l&#8217;avant : plus de vitesse, plus de contr\u00f4le, plus de performances. La GS-R 2016 dispose \u00e9galement d&#8217;un nouveau point d&#8217;\u00e9coute Triple Offset Clew avec 3 \u0153illets et une possibilit\u00e9 plus fine de r\u00e9glages. L&#8217; \u0153illet le plus excentr\u00e9 par exemple augmente la plage basse d&#8217;utilisation de la voile. GS-R 2016 : puissance, contr\u00f4le, podium !<\/p>\n<p>N.B. : La surface de voile 6.3 m\u00b2 peut se gr\u00e9er sur un m\u00e2t RDM en utilisant le\u00a0<a href=\"http:\/\/www.gunsails.com\/rdm-camber-set-gsr.html\">SET CAMBER RDM<\/a>.\u00a0La GS-R 5.6 m\u00b2, quant \u00e0 elle, est livr\u00e9e de s\u00e9rie avec un set camber RDM. Pour passer en SDM, utilisez le\u00a0<a href=\"http:\/\/www.gunsails.com\/sdm-camber-set-gsr.html\">SET CAMBER SDM<\/a>.<\/p>\n<p><em><strong>Particularit\u00e9s<\/strong><\/em><\/p>\n<p>\u25ba Voile de Race High Tech pour les slalomeurs<br \/>\n\u25ba Profil tr\u00e8s a\u00e9rodynamique pour un maximum de vitesse et de stabilit\u00e9 du creux<br \/>\n\u25ba 3D Wing Sleeve<br \/>\n\u25ba Contr\u00f4le parfait en plage limite d&#8217;utilisation<br \/>\n\u25ba Triple Offset Clew pour un r\u00e9glage individualis\u00e9<\/p>\n","protected":false},"excerpt":{"rendered":"<p>La voile de course World Cup Racing de la marque destin\u00e9e aux slalomeurs en qu\u00eate de performances pures, sans compromis. Avec son fourreau de m\u00e2t profil\u00e9 3D Wing Sleeve, retravaill\u00e9 sur cette version 2016, la GS-R gagne en stabilit\u00e9 de &hellip;<\/p>\n","protected":false},"featured_media":3699,"comment_status":"open","ping_status":"open","template":"","product_category":[266],"product_tag":[],"_links":{"self":[{"href":"https:\/\/kitesurfnoumea.nc\/en\/wp-json\/wp\/v2\/product\/3624"}],"collection":[{"href":"https:\/\/kitesurfnoumea.nc\/en\/wp-json\/wp\/v2\/product"}],"about":[{"href":"https:\/\/kitesurfnoumea.nc\/en\/wp-json\/wp\/v2\/types\/product"}],"replies":[{"embeddable":true,"href":"https:\/\/kitesurfnoumea.nc\/en\/wp-json\/wp\/v2\/comments?post=3624"}],"version-history":[{"count":0,"href":"https:\/\/kitesurfnoumea.nc\/en\/wp-json\/wp\/v2\/product\/3624\/revisions"}],"wp:featuredmedia":[{"embeddable":true,"href":"https:\/\/kitesurfnoumea.nc\/en\/wp-json\/wp\/v2\/media\/3699"}],"wp:attachment":[{"href":"https:\/\/kitesurfnoumea.nc\/en\/wp-json\/wp\/v2\/media?parent=3624"}],"wp:term":[{"taxonomy":"product_category","embeddable":true,"href":"https:\/\/kitesurfnoumea.nc\/en\/wp-json\/wp\/v2\/product_category?post=3624"},{"taxonomy":"product_tag","embeddable":true,"href":"https:\/\/kitesurfnoumea.nc\/en\/wp-json\/wp\/v2\/product_tag?post=3624"}],"curies":[{"name":"wp","href":"https:\/\/api.w.org\/{rel}","templated":true}]}}