{"id":3621,"date":"2017-03-10T18:42:08","date_gmt":"2017-03-10T07:42:08","guid":{"rendered":"http:\/\/kitesurfnoumea.nc\/?post_type=product&#038;p=3621"},"modified":"2017-03-10T19:50:06","modified_gmt":"2017-03-10T08:50:06","slug":"gun-sails-stream","status":"publish","type":"product","link":"https:\/\/kitesurfnoumea.nc\/en\/product\/gun-sails-stream\/","title":{"rendered":"Gun Sails STREAM"},"content":{"rendered":"<p>&#8221; FAST AND DELICIOUS &#8221; comme l&#8217;\u00e9voque le magazine WIND dans son Sp\u00e9cial Tests 2015. La STREAM remporta d&#8217;ailleurs cette m\u00eame ann\u00e9e le fameux &#8220;choix des testeurs&#8221; WIND.\u00a0Toujours aussi facile et agr\u00e9able \u00e0 prendre en main, la STREAM 2016 conserve son caract\u00e8re de pure freerideuse plaisir pour les rideurs en qu\u00eate de\u00a0sessions d\u00e9contract\u00e9es.<br \/>\nZ\u00e9ro camber pour z\u00e9ro stress, la &#8221; Stream se cale sur le pont et sait se faire discr\u00e8te au bout des doigts &#8221; (Sp\u00e9cial Tests, Wind 2015). D\u00e9part au planing ais\u00e9, rapide et \u00e9quilibr\u00e9e dans les bras, la STREAM combine parfaitement sportivit\u00e9 et performance avec un excellent confort en navigation. Jusqu&#8217; \u00e0 6,9 m\u00b2, vous pouvez choisir de la gr\u00e9er avec un m\u00e2t RDM pour gagner encore plus en maniabilit\u00e9 pour les m\u00eames performances.<\/p>\n<p><em><strong>Particularit\u00e9s<\/strong><\/em><\/p>\n<p>\u25ba Voile Freeride classique sans camber id\u00e9ale pour planer sans stress<br \/>\n\u25ba Facile \u00e0 \u00e9tarquer, voile sans r\u00e9glage particulier<br \/>\n\u25ba RBL, wish raccourci pour plus de contr\u00f4le et de maniabilit\u00e9<br \/>\n\u25ba Fourreau de m\u00e2t \u00e9troit parfait pour le Waterstart<br \/>\n\u25ba X-Ply Frame pour garantir sa long\u00e9vit\u00e9 et optimiser son poids<\/p>\n","protected":false},"excerpt":{"rendered":"<p>&#8221; FAST AND DELICIOUS &#8221; comme l&#8217;\u00e9voque le magazine WIND dans son Sp\u00e9cial Tests 2015. La STREAM remporta d&#8217;ailleurs cette m\u00eame ann\u00e9e le fameux &#8220;choix des testeurs&#8221; WIND.\u00a0Toujours aussi facile et agr\u00e9able \u00e0 prendre en main, la STREAM 2016 conserve &hellip;<\/p>\n","protected":false},"featured_media":3703,"comment_status":"open","ping_status":"open","template":"","product_category":[266],"product_tag":[],"_links":{"self":[{"href":"https:\/\/kitesurfnoumea.nc\/en\/wp-json\/wp\/v2\/product\/3621"}],"collection":[{"href":"https:\/\/kitesurfnoumea.nc\/en\/wp-json\/wp\/v2\/product"}],"about":[{"href":"https:\/\/kitesurfnoumea.nc\/en\/wp-json\/wp\/v2\/types\/product"}],"replies":[{"embeddable":true,"href":"https:\/\/kitesurfnoumea.nc\/en\/wp-json\/wp\/v2\/comments?post=3621"}],"version-history":[{"count":0,"href":"https:\/\/kitesurfnoumea.nc\/en\/wp-json\/wp\/v2\/product\/3621\/revisions"}],"wp:featuredmedia":[{"embeddable":true,"href":"https:\/\/kitesurfnoumea.nc\/en\/wp-json\/wp\/v2\/media\/3703"}],"wp:attachment":[{"href":"https:\/\/kitesurfnoumea.nc\/en\/wp-json\/wp\/v2\/media?parent=3621"}],"wp:term":[{"taxonomy":"product_category","embeddable":true,"href":"https:\/\/kitesurfnoumea.nc\/en\/wp-json\/wp\/v2\/product_category?post=3621"},{"taxonomy":"product_tag","embeddable":true,"href":"https:\/\/kitesurfnoumea.nc\/en\/wp-json\/wp\/v2\/product_tag?post=3621"}],"curies":[{"name":"wp","href":"https:\/\/api.w.org\/{rel}","templated":true}]}}