{"id":3617,"date":"2017-03-09T19:54:52","date_gmt":"2017-03-09T08:54:52","guid":{"rendered":"http:\/\/kitesurfnoumea.nc\/?post_type=product&#038;p=3617"},"modified":"2017-03-09T19:54:52","modified_gmt":"2017-03-09T08:54:52","slug":"f-one-acid-hrd-girl","status":"publish","type":"product","link":"https:\/\/kitesurfnoumea.nc\/en\/product\/f-one-acid-hrd-girl\/","title":{"rendered":"F-One Acid HRD Girl"},"content":{"rendered":"<p><strong style=\"color: #f59b09;\">F-One Acid HRD Girl<\/strong><\/p>\n<p><strong>ROCKER ET CONCAVE D\u00c9DI\u00c9S AU FREESTYLE NEW SCHOOL\u00a0<\/strong><\/p>\n<p>Meilleur contr\u00f4le de la vitesse et plus de pop<\/p>\n<p><strong>PONT PERFECTIONN\u00c9<\/strong><br \/>\nPlus r\u00e9sistant aux efforts<\/p>\n<p><strong>CONSTRUCTION BIAXIALE<\/strong><br \/>\nPlus de confort<\/p>\n<p><strong>UN CONTR\u00d4LE SUPERIEUR, UNE ACCROCHE MAXIMUM ET UN POP IN\u00c9DIT \u00c0 TOUT MOMENT!<\/strong><\/p>\n<p><strong>\u00c9QUIP\u00c9E DU R\u00c9VOLUTIONNAIRE HELICAL RAIL DESIGN<\/strong><br \/>\nUne meilleure prise de carre, une pr\u00e9cision et une stabilit\u00e9\u00a0impressionnantes, un confort maximum, extr\u00eamement\u00a0indulgente aux erreurs, facilite les r\u00e9ceptions<\/p>\n<p><strong>CHANT ABS BI-COULEUR<\/strong><\/p>\n<div>\n<table border=\"0\" cellspacing=\"1\" cellpadding=\"1\" align=\"left\">\n<tbody>\n<tr>\n<td><strong>TAILLE<\/strong><\/td>\n<td>132 x 40 cm<\/td>\n<td>133 x 42 cm<\/td>\n<\/tr>\n<\/tbody>\n<\/table>\n<\/div>\n","protected":false},"excerpt":{"rendered":"<p>F-One Acid HRD Girl ROCKER ET CONCAVE D\u00c9DI\u00c9S AU FREESTYLE NEW SCHOOL\u00a0 Meilleur contr\u00f4le de la vitesse et plus de pop PONT PERFECTIONN\u00c9 Plus r\u00e9sistant aux efforts CONSTRUCTION BIAXIALE Plus de confort UN CONTR\u00d4LE SUPERIEUR, UNE ACCROCHE MAXIMUM ET UN &hellip;<\/p>\n","protected":false},"featured_media":0,"comment_status":"open","ping_status":"open","template":"","product_category":[272],"product_tag":[],"_links":{"self":[{"href":"https:\/\/kitesurfnoumea.nc\/en\/wp-json\/wp\/v2\/product\/3617"}],"collection":[{"href":"https:\/\/kitesurfnoumea.nc\/en\/wp-json\/wp\/v2\/product"}],"about":[{"href":"https:\/\/kitesurfnoumea.nc\/en\/wp-json\/wp\/v2\/types\/product"}],"replies":[{"embeddable":true,"href":"https:\/\/kitesurfnoumea.nc\/en\/wp-json\/wp\/v2\/comments?post=3617"}],"version-history":[{"count":0,"href":"https:\/\/kitesurfnoumea.nc\/en\/wp-json\/wp\/v2\/product\/3617\/revisions"}],"wp:attachment":[{"href":"https:\/\/kitesurfnoumea.nc\/en\/wp-json\/wp\/v2\/media?parent=3617"}],"wp:term":[{"taxonomy":"product_category","embeddable":true,"href":"https:\/\/kitesurfnoumea.nc\/en\/wp-json\/wp\/v2\/product_category?post=3617"},{"taxonomy":"product_tag","embeddable":true,"href":"https:\/\/kitesurfnoumea.nc\/en\/wp-json\/wp\/v2\/product_tag?post=3617"}],"curies":[{"name":"wp","href":"https:\/\/api.w.org\/{rel}","templated":true}]}}