{"id":3611,"date":"2017-03-09T19:47:11","date_gmt":"2017-03-09T08:47:11","guid":{"rendered":"http:\/\/kitesurfnoumea.nc\/?post_type=product&#038;p=3611"},"modified":"2017-03-09T19:47:11","modified_gmt":"2017-03-09T08:47:11","slug":"f-one-trax-hrd-girl-lite","status":"publish","type":"product","link":"https:\/\/kitesurfnoumea.nc\/en\/product\/f-one-trax-hrd-girl-lite\/","title":{"rendered":"F-One Trax HRD Girl Lite"},"content":{"rendered":"<p style=\"color: #fa9304;\"><strong>F-One Trax HRD Girl Lite<\/strong><\/p>\n<p><strong>DESIGN DES VOLUMES DU PONT ET EPAISSEURS DU NOYAU OPTIMIS\u00c9S\u00a0<\/strong><br \/>\nPlus r\u00e9sistant aux efforts<\/p>\n<p><strong>CONSTRUCTION BIAXIALE<\/strong><br \/>\nPlus de confort et de contr\u00f4le<\/p>\n<p><strong>UN SHAPE INEGAL\u00c9<\/strong><br \/>\nUne navigation tout en douceur, un contr\u00f4le incroyable,\u00a0un d\u00e9part au planning plus rapide, un excellent cap<\/p>\n<p><strong>\u00c9QUIP\u00c9E DU R\u00c9VOLUTIONNAIRE HELICAL RAIL DESIGN<\/strong><br \/>\nUne meilleure prise de carre, une pr\u00e9cision et une stabilit\u00e9\u00a0impressionnantes, un confort maximum,\u00a0extr\u00eamement indulgente aux erreurs<\/p>\n<p><strong>CHANT ABS BI-COULEUR<\/strong><\/p>\n<div>\n<table border=\"0\" cellspacing=\"1\" cellpadding=\"1\" align=\"left\">\n<tbody>\n<tr>\n<td><strong>TAILLE<\/strong><\/td>\n<td>135 x 39 cm<\/td>\n<td>136 x 40.5 cm<\/td>\n<\/tr>\n<\/tbody>\n<\/table>\n<\/div>\n","protected":false},"excerpt":{"rendered":"<p>F-One Trax HRD Girl Lite DESIGN DES VOLUMES DU PONT ET EPAISSEURS DU NOYAU OPTIMIS\u00c9S\u00a0 Plus r\u00e9sistant aux efforts CONSTRUCTION BIAXIALE Plus de confort et de contr\u00f4le UN SHAPE INEGAL\u00c9 Une navigation tout en douceur, un contr\u00f4le incroyable,\u00a0un d\u00e9part au &hellip;<\/p>\n","protected":false},"featured_media":0,"comment_status":"open","ping_status":"open","template":"","product_category":[272],"product_tag":[],"_links":{"self":[{"href":"https:\/\/kitesurfnoumea.nc\/en\/wp-json\/wp\/v2\/product\/3611"}],"collection":[{"href":"https:\/\/kitesurfnoumea.nc\/en\/wp-json\/wp\/v2\/product"}],"about":[{"href":"https:\/\/kitesurfnoumea.nc\/en\/wp-json\/wp\/v2\/types\/product"}],"replies":[{"embeddable":true,"href":"https:\/\/kitesurfnoumea.nc\/en\/wp-json\/wp\/v2\/comments?post=3611"}],"version-history":[{"count":0,"href":"https:\/\/kitesurfnoumea.nc\/en\/wp-json\/wp\/v2\/product\/3611\/revisions"}],"wp:attachment":[{"href":"https:\/\/kitesurfnoumea.nc\/en\/wp-json\/wp\/v2\/media?parent=3611"}],"wp:term":[{"taxonomy":"product_category","embeddable":true,"href":"https:\/\/kitesurfnoumea.nc\/en\/wp-json\/wp\/v2\/product_category?post=3611"},{"taxonomy":"product_tag","embeddable":true,"href":"https:\/\/kitesurfnoumea.nc\/en\/wp-json\/wp\/v2\/product_tag?post=3611"}],"curies":[{"name":"wp","href":"https:\/\/api.w.org\/{rel}","templated":true}]}}