{"id":3607,"date":"2017-03-09T19:04:10","date_gmt":"2017-03-09T08:04:10","guid":{"rendered":"http:\/\/kitesurfnoumea.nc\/?post_type=product&#038;p=3607"},"modified":"2017-03-09T19:07:08","modified_gmt":"2017-03-09T08:07:08","slug":"f-one-acid-hrd-carbone-2017","status":"publish","type":"product","link":"https:\/\/kitesurfnoumea.nc\/en\/product\/f-one-acid-hrd-carbone-2017\/","title":{"rendered":"F-One Acid HRD Carbone 2017"},"content":{"rendered":"<p>ROCKER<strong> ET CONCAVE D\u00c9DI\u00c9S AU FREESTYLE NEW SCHOOL<\/strong><br \/>\nMeilleur contr\u00f4le de la vitesse et plus de pop<\/p>\n<p><strong>PONT PERFECTIONN\u00c9<\/strong><br \/>\nPlus r\u00e9sistant aux efforts<\/p>\n<p><strong>CONSTRUCTION CARBONE<\/strong><br \/>\nRatio solidit\u00e9 \/ poids optimis\u00e9<\/p>\n<p><strong>UN CONTR\u00d4LE SUPERIEUR, UNE ACCROCHE MAXIMUM ET UN POP IN\u00c9DIT \u00c0 TOUT MOMENT!<\/strong><\/p>\n<p><strong>\u00c9QUIP\u00c9E<\/strong><strong>\u00a0DU R\u00c9VOLUTIONNAIRE HELICAL RAIL DESIGN<\/strong><br \/>\nUne meilleure prise de carre, une pr\u00e9cision et une stabilit\u00e9\u00a0impressionnantes, un confort maximum, extr\u00eamement\u00a0indulgente aux erreurs, facilite les r\u00e9ceptions<\/p>\n<p><strong>CHANT ABS BI-COULEUR<\/strong><\/p>\n<div>\n<table border=\"0\" cellspacing=\"1\" cellpadding=\"1\" align=\"left\">\n<tbody>\n<tr>\n<td><strong>TAILLE<\/strong><\/td>\n<td>132 x 40 cm<\/td>\n<td>133 x 42 cm<\/td>\n<\/tr>\n<\/tbody>\n<\/table>\n<p>&nbsp;<\/p>\n<\/div>\n","protected":false},"excerpt":{"rendered":"<p>ROCKER ET CONCAVE D\u00c9DI\u00c9S AU FREESTYLE NEW SCHOOL Meilleur contr\u00f4le de la vitesse et plus de pop PONT PERFECTIONN\u00c9 Plus r\u00e9sistant aux efforts CONSTRUCTION CARBONE Ratio solidit\u00e9 \/ poids optimis\u00e9 UN CONTR\u00d4LE SUPERIEUR, UNE ACCROCHE MAXIMUM ET UN POP IN\u00c9DIT &hellip;<\/p>\n","protected":false},"featured_media":0,"comment_status":"open","ping_status":"open","template":"","product_category":[272],"product_tag":[],"_links":{"self":[{"href":"https:\/\/kitesurfnoumea.nc\/en\/wp-json\/wp\/v2\/product\/3607"}],"collection":[{"href":"https:\/\/kitesurfnoumea.nc\/en\/wp-json\/wp\/v2\/product"}],"about":[{"href":"https:\/\/kitesurfnoumea.nc\/en\/wp-json\/wp\/v2\/types\/product"}],"replies":[{"embeddable":true,"href":"https:\/\/kitesurfnoumea.nc\/en\/wp-json\/wp\/v2\/comments?post=3607"}],"version-history":[{"count":0,"href":"https:\/\/kitesurfnoumea.nc\/en\/wp-json\/wp\/v2\/product\/3607\/revisions"}],"wp:attachment":[{"href":"https:\/\/kitesurfnoumea.nc\/en\/wp-json\/wp\/v2\/media?parent=3607"}],"wp:term":[{"taxonomy":"product_category","embeddable":true,"href":"https:\/\/kitesurfnoumea.nc\/en\/wp-json\/wp\/v2\/product_category?post=3607"},{"taxonomy":"product_tag","embeddable":true,"href":"https:\/\/kitesurfnoumea.nc\/en\/wp-json\/wp\/v2\/product_tag?post=3607"}],"curies":[{"name":"wp","href":"https:\/\/api.w.org\/{rel}","templated":true}]}}