{"id":3599,"date":"2017-03-09T17:21:30","date_gmt":"2017-03-09T06:21:30","guid":{"rendered":"http:\/\/kitesurfnoumea.nc\/?post_type=product&#038;p=3599"},"modified":"2017-04-13T17:20:26","modified_gmt":"2017-04-13T06:20:26","slug":"f-one-matira-gonflable-2016","status":"publish","type":"product","link":"https:\/\/kitesurfnoumea.nc\/en\/product\/f-one-matira-gonflable-2016\/","title":{"rendered":"F-One Matira Gonflable 2016 Prix Liquid\u00e9 79 999F"},"content":{"rendered":"<p><strong>Id\u00e9ales pour profiter simplement et pleinement de la pratique du Stand up Paddle, les planches gonflables MATIRA vous offriront toute la polyvalence et les performances dont vous aurez besoin.<\/strong><\/p>\n<p>La gamme de Stand Up Paddle gonflables MATIRA 2016 est compos\u00e9e de 12 mod\u00e8les afin de vous proposer un produit parfaitement adapt\u00e9 \u00e0 votre pratique, votre gabarit et votre niveau, et ce, afin de vous procurer un maximum de plaisir sur l\u2019eau.\u00a0Une fois repli\u00e9es dans leur sac, elles se transportent tr\u00e8s facilement et ne prennent pas de place pour le stockage.<\/p>\n<p>Tous les shapes ont \u00e9t\u00e9s design\u00e9s afin de rendre ces planches performantes dans leur cat\u00e9gorie que ce soit le surf (fluidit\u00e9 des courbes d\u2019outline, scoop optimis\u00e9),\u00a0la race et le touring (rocker optimis\u00e9 pour la technologie gonflable, ratio\u00a0\u00e9paisseur \/ largeur id\u00e9al pour le confort,\u00a0la vitesse et la stabilit\u00e9) et la balade ( stabilit\u00e9, confort, accessibilit\u00e9 et polyvalence).<\/p>\n<p>Nous avons fait le choix de proposer deux technologies :<\/p>\n<p>Les\u00a0<strong>MATIRA LIGHTWEIGHT SERIES\u00a0<\/strong>sont plus l\u00e9gers et vous permettront donc\u00a0 de transporter votre SUP encore plus facilement. Ils seront \u00e9galement plus maniables dans les vagues et plus rapides sur l\u2019eau. Leur l\u00e9g\u00e8ret\u00e9 facilite l\u2019acc\u00e9l\u00e9ration \u00e0 la rame,\u00a0ils sont donc conseill\u00e9s aux gabarits les plus l\u00e9gers.<\/p>\n<p>Les\u00a0<strong>MATIRA SUPERSTIFF SERIES<\/strong>\u00a0re\u00e7oivent une couche de renforcement de plus que les LIGHT WEIGHT SERIES, cela les rend plus rigides et plus r\u00e9sistantes aux chocs.<\/p>\n<table border=\"0\" cellspacing=\"1\" cellpadding=\"1\" align=\"center\">\n<tbody>\n<tr>\n<td><strong>SIZE<\/strong><\/td>\n<td><strong>DIMENSION<\/strong><\/td>\n<td><strong>VOLUME<\/strong><\/td>\n<td><strong>WEIGHT<\/strong><\/td>\n<\/tr>\n<tr>\n<td><\/td>\n<td><\/td>\n<td><\/td>\n<td><\/td>\n<\/tr>\n<tr>\n<td>10.6\u2019\u2019 x 33&#8221; x 6&#8221;<\/td>\n<td>320 x 84 x 15 Cm<\/td>\n<td>310 L<\/td>\n<td>9.8 Kg*<\/td>\n<\/tr>\n<tr>\n<td><\/td>\n<td><\/td>\n<td><\/td>\n<td><\/td>\n<\/tr>\n<\/tbody>\n<\/table>\n","protected":false},"excerpt":{"rendered":"<p>Id\u00e9ales pour profiter simplement et pleinement de la pratique du Stand up Paddle, les planches gonflables MATIRA vous offriront toute la polyvalence et les performances dont vous aurez besoin. La gamme de Stand Up Paddle gonflables MATIRA 2016 est compos\u00e9e &hellip;<\/p>\n","protected":false},"featured_media":0,"comment_status":"open","ping_status":"closed","template":"","product_category":[97],"product_tag":[],"_links":{"self":[{"href":"https:\/\/kitesurfnoumea.nc\/en\/wp-json\/wp\/v2\/product\/3599"}],"collection":[{"href":"https:\/\/kitesurfnoumea.nc\/en\/wp-json\/wp\/v2\/product"}],"about":[{"href":"https:\/\/kitesurfnoumea.nc\/en\/wp-json\/wp\/v2\/types\/product"}],"replies":[{"embeddable":true,"href":"https:\/\/kitesurfnoumea.nc\/en\/wp-json\/wp\/v2\/comments?post=3599"}],"version-history":[{"count":0,"href":"https:\/\/kitesurfnoumea.nc\/en\/wp-json\/wp\/v2\/product\/3599\/revisions"}],"wp:attachment":[{"href":"https:\/\/kitesurfnoumea.nc\/en\/wp-json\/wp\/v2\/media?parent=3599"}],"wp:term":[{"taxonomy":"product_category","embeddable":true,"href":"https:\/\/kitesurfnoumea.nc\/en\/wp-json\/wp\/v2\/product_category?post=3599"},{"taxonomy":"product_tag","embeddable":true,"href":"https:\/\/kitesurfnoumea.nc\/en\/wp-json\/wp\/v2\/product_tag?post=3599"}],"curies":[{"name":"wp","href":"https:\/\/api.w.org\/{rel}","templated":true}]}}