{"id":3597,"date":"2017-03-09T17:08:54","date_gmt":"2017-03-09T06:08:54","guid":{"rendered":"http:\/\/kitesurfnoumea.nc\/?post_type=product&#038;p=3597"},"modified":"2017-04-13T17:21:10","modified_gmt":"2017-04-13T06:21:10","slug":"f-one-anakao-2016","status":"publish","type":"product","link":"https:\/\/kitesurfnoumea.nc\/en\/product\/f-one-anakao-2016\/","title":{"rendered":"F-One Anakao 2016 Prix Liquid\u00e9 123 000F"},"content":{"rendered":"<p><strong>La gamme ANAKAO vous ouvre les portes du surf en stand-up et saura vous faire progresser.\u00a0<\/strong><\/p>\n<p>Vitesse \u00e0 la rame, accroche excellente, prise d\u2019angle instinctive et \u00e9quilibre parfait dans la courbe rendent les\u00a0<strong>ANAKAO<\/strong>\u00a0extr\u00eamement saines dans toutes les vagues.<\/p>\n<p>Elles ont \u00e9t\u00e9 d\u00e9velopp\u00e9es avec l\u2019aide de notre surfeur exp\u00e9riment\u00e9 R\u00e9mi QUIQUE et de notre waterman tahitien Patrice CHANZY.<\/p>\n<p>Au niveau du shape, on retrouve tout ce qui a fait le succ\u00e8s de ces planches: Rocker assez rond pour la maniabilit\u00e9 mais assez rapide pour les acc\u00e9l\u00e9rations, outline pinc\u00e9 sur l\u2019arri\u00e8re pour un maximum d\u2019accroche et de drive. De par leur largeur mod\u00e9r\u00e9e sur l\u2019avant, les\u00a0<strong>ANAKAO<\/strong>\u00a0sont l\u00e9g\u00e8res dans les manoeuvres et offrent un tr\u00e8s bon passage de mousse. Toute la gamme\u00a0<strong>ANAKAO<\/strong>\u00a0est \u00e9quip\u00e9e de bevels afin de rendre les rails les plus efficaces et faciles possible.<\/p>\n<p>V\u00e9ritables planches de vagues avec une plage d\u2019utilisation tr\u00e8s \u00e9tendue, les\u00a0<strong>ANAKAO<\/strong>\u00a0sont l\u2019arme id\u00e9ale pour s\u2019amuser dans toutes les conditions et tailles de vagues. Surf radical ou grandes courbes, vous trouverez forc\u00e9ment une\u00a0<strong>ANAKAO<\/strong>\u00a0adapt\u00e9e \u00e0 votre gabarit et \u00e0 votre niveau technique.<\/p>\n","protected":false},"excerpt":{"rendered":"<p>La gamme ANAKAO vous ouvre les portes du surf en stand-up et saura vous faire progresser.\u00a0 Vitesse \u00e0 la rame, accroche excellente, prise d\u2019angle instinctive et \u00e9quilibre parfait dans la courbe rendent les\u00a0ANAKAO\u00a0extr\u00eamement saines dans toutes les vagues. Elles ont &hellip;<\/p>\n","protected":false},"featured_media":0,"comment_status":"open","ping_status":"closed","template":"","product_category":[97],"product_tag":[],"_links":{"self":[{"href":"https:\/\/kitesurfnoumea.nc\/en\/wp-json\/wp\/v2\/product\/3597"}],"collection":[{"href":"https:\/\/kitesurfnoumea.nc\/en\/wp-json\/wp\/v2\/product"}],"about":[{"href":"https:\/\/kitesurfnoumea.nc\/en\/wp-json\/wp\/v2\/types\/product"}],"replies":[{"embeddable":true,"href":"https:\/\/kitesurfnoumea.nc\/en\/wp-json\/wp\/v2\/comments?post=3597"}],"version-history":[{"count":0,"href":"https:\/\/kitesurfnoumea.nc\/en\/wp-json\/wp\/v2\/product\/3597\/revisions"}],"wp:attachment":[{"href":"https:\/\/kitesurfnoumea.nc\/en\/wp-json\/wp\/v2\/media?parent=3597"}],"wp:term":[{"taxonomy":"product_category","embeddable":true,"href":"https:\/\/kitesurfnoumea.nc\/en\/wp-json\/wp\/v2\/product_category?post=3597"},{"taxonomy":"product_tag","embeddable":true,"href":"https:\/\/kitesurfnoumea.nc\/en\/wp-json\/wp\/v2\/product_tag?post=3597"}],"curies":[{"name":"wp","href":"https:\/\/api.w.org\/{rel}","templated":true}]}}