{"id":3594,"date":"2017-03-09T17:06:19","date_gmt":"2017-03-09T06:06:19","guid":{"rendered":"http:\/\/kitesurfnoumea.nc\/?post_type=product&#038;p=3594"},"modified":"2017-04-13T17:23:30","modified_gmt":"2017-04-13T06:23:30","slug":"f-one-manawa-2016","status":"publish","type":"product","link":"https:\/\/kitesurfnoumea.nc\/en\/product\/f-one-manawa-2016\/","title":{"rendered":"F-One Manawa 2016 114 000 F"},"content":{"rendered":"<p><strong>La gamme MANAWA a \u00e9t\u00e9 con\u00e7ue pour offrir des planches parfaitement accessibles, stables et polyvalentes.\u00a0<\/strong><\/p>\n<p>Id\u00e9ales pour vos ballades en mer, en rivi\u00e8re ou sur lacs, elles vous permettront \u00e9galement de surfer vos premi\u00e8res vagues.<\/p>\n<p>Les quatre planches de la gamme permettent \u00e0 chacun de trouver le bon ratio volume\/ longueur en fonction de son poids et de son niveau. Id\u00e9ales pour les d\u00e9butants et les personnes ayant un niveau interm\u00e9diaire, elles sauront vous accompagner durant votre apprentissage. Avec leur outline assez rond, leur excellent rocker, elles glissent tr\u00e8s facilement et permettent de surfer des vagues peu puissantes. Gr\u00e2ce \u00e0 leur tr\u00e8s grande stabilit\u00e9, elles vous guideront parfaitement pendant vos premiers surfs et pardonneront vos erreurs. D\u00e8s que vous aurez plus de technique, vous serez surpris par leur grande maniabilit\u00e9.<\/p>\n<p>&nbsp;<\/p>\n<table border=\"0\" cellspacing=\"1\" cellpadding=\"1\" align=\"center\">\n<tbody>\n<tr>\n<td><strong>SIZE<\/strong><\/td>\n<td><strong>DIMENSION<\/strong><\/td>\n<td><strong>VOLUME<\/strong><\/td>\n<td><strong>WEIGHT<\/strong><\/td>\n<\/tr>\n<tr>\n<td>10&#8217;0\u2019\u2019 x 33&#8221;<\/td>\n<td>305 x 84 Cm<\/td>\n<td>185 L<\/td>\n<td>11.6 Kg*<\/td>\n<\/tr>\n<tr>\n<td>10&#8217;6\u2019\u2019 x 33&#8221;<\/td>\n<td>320 x 84 Cm<\/td>\n<td>196 L<\/td>\n<td>12.5 Kg*<\/td>\n<\/tr>\n<\/tbody>\n<\/table>\n","protected":false},"excerpt":{"rendered":"<p>La gamme MANAWA a \u00e9t\u00e9 con\u00e7ue pour offrir des planches parfaitement accessibles, stables et polyvalentes.\u00a0 Id\u00e9ales pour vos ballades en mer, en rivi\u00e8re ou sur lacs, elles vous permettront \u00e9galement de surfer vos premi\u00e8res vagues. Les quatre planches de la &hellip;<\/p>\n","protected":false},"featured_media":0,"comment_status":"open","ping_status":"closed","template":"","product_category":[97],"product_tag":[],"_links":{"self":[{"href":"https:\/\/kitesurfnoumea.nc\/en\/wp-json\/wp\/v2\/product\/3594"}],"collection":[{"href":"https:\/\/kitesurfnoumea.nc\/en\/wp-json\/wp\/v2\/product"}],"about":[{"href":"https:\/\/kitesurfnoumea.nc\/en\/wp-json\/wp\/v2\/types\/product"}],"replies":[{"embeddable":true,"href":"https:\/\/kitesurfnoumea.nc\/en\/wp-json\/wp\/v2\/comments?post=3594"}],"version-history":[{"count":0,"href":"https:\/\/kitesurfnoumea.nc\/en\/wp-json\/wp\/v2\/product\/3594\/revisions"}],"wp:attachment":[{"href":"https:\/\/kitesurfnoumea.nc\/en\/wp-json\/wp\/v2\/media?parent=3594"}],"wp:term":[{"taxonomy":"product_category","embeddable":true,"href":"https:\/\/kitesurfnoumea.nc\/en\/wp-json\/wp\/v2\/product_category?post=3594"},{"taxonomy":"product_tag","embeddable":true,"href":"https:\/\/kitesurfnoumea.nc\/en\/wp-json\/wp\/v2\/product_tag?post=3594"}],"curies":[{"name":"wp","href":"https:\/\/api.w.org\/{rel}","templated":true}]}}