{"id":3592,"date":"2017-03-09T16:56:25","date_gmt":"2017-03-09T05:56:25","guid":{"rendered":"http:\/\/kitesurfnoumea.nc\/?post_type=product&#038;p=3592"},"modified":"2017-04-13T17:24:04","modified_gmt":"2017-04-13T06:24:04","slug":"f-one-race-pro-2016","status":"publish","type":"product","link":"https:\/\/kitesurfnoumea.nc\/en\/product\/f-one-race-pro-2016\/","title":{"rendered":"F-One Race pro 2016  Prix liquid\u00e9 169 000 F"},"content":{"rendered":"<p><strong>La gamme RACE PRO est constitu\u00e9e de deux mod\u00e8les bien sp\u00e9cifiques: 12\u20196 et 14\u2019. Ces deux mod\u00e8les ont subi de grosses \u00e9volutions pour 2016 pour atteindre un niveau de performance toujours sup\u00e9rieur.\u00a0<\/strong><\/p>\n<p>Disponibles en 26 \u00a0de large, la 12\u20196 est une planche ultra polyvalente pour performer en comp\u00e9tition. Son rocker tendu lui conf\u00e8re la vitesse sur le plat alors que la forme et le volume de son \u00e9trave relev\u00e9e lui permettent de n\u00e9gocier les bumps sans enfourner. Sa car\u00e8ne plate offre un comportement tr\u00e8s dynamique alors qu\u2019un V progressif sur l\u2019arri\u00e8re am\u00e9liore les \u00e9coulements. Les rails ronds sur l\u2019avant \u00e9voluent vers des rails vifs et carr\u00e9s sur l\u2019arri\u00e8re pour maintenir une bonne accroche au surf. L\u2019outline et la r\u00e9partition du volume conf\u00e8rent \u00e0 ces planches une excellente stabilit\u00e9 alors que le tail carr\u00e9 permet de se d\u00e9placer facilement sur l\u2019arri\u00e8re pour n\u00e9gocier les passages de bou\u00e9es.<\/p>\n<p>Fid\u00e8le \u00e0 l\u2019\u00e9thique F-ONE de cr\u00e9er des produits tr\u00e8s complets, la 14\u2019 est une planche typ\u00e9e oc\u00e9an mais capable de performer dans toutes les conditions. Son rocker tendu et son outline pinc\u00e9 sur l\u2019arri\u00e8re la rende tr\u00e8s efficace sur le plat alors que sa nouvelle \u00e9trave relev\u00e9e et toujours volumineuse lui permet d\u2019exceller en conditions plus agit\u00e9es et en downwind. En particulier, la r\u00e9partition du volume avec son arri\u00e8re pinc\u00e9 permet au rider de limiter ses d\u00e9placements sur la planche pour se concentrer sur sa rame et sa trajectoire dans les bumps. Avec sa car\u00e8ne plate, la planche est dynamique et r\u00e9active, elle se place facilement sur la trajectoire d\u00e9sir\u00e9e. Un V se dessine progressivement sur l\u2019arri\u00e8re de la car\u00e8ne pour am\u00e9liorer les \u00e9coulements au tail. Les rails sont arrondis sur l\u2019avant et deviennent plus marqu\u00e9s sur l\u2019arri\u00e8re. Ils conf\u00e8rent ainsi \u00e0 la planche une bonne accroche et participe \u00e0 l\u2019excellente stabilit\u00e9 offerte par cette 14\u2019 qui est disponible en 26&#8242; de large.<\/p>\n<p>Construite en utilisant la\u00a0<strong>technologie CARBON COMPOSITE<\/strong>\u00a0avec une mise en oeuvre sous vide, autour d\u2019un noyau en EPS, ces planches re\u00e7oivent une finition bross\u00e9e pour atteindre un poids particuli\u00e8rement l\u00e9ger et une r\u00e9sistance impressionnante. Un double patch de bamboo est situ\u00e9 sous les pieds pour \u00e9viter les enfoncements.<\/p>\n<p>Arm\u00e9s de ces planches, les riders pro n\u2019ont pas besoin de prototypes pour s\u2019aligner sur les comp\u00e9titions internationales.<\/p>\n","protected":false},"excerpt":{"rendered":"<p>La gamme RACE PRO est constitu\u00e9e de deux mod\u00e8les bien sp\u00e9cifiques: 12\u20196 et 14\u2019. Ces deux mod\u00e8les ont subi de grosses \u00e9volutions pour 2016 pour atteindre un niveau de performance toujours sup\u00e9rieur.\u00a0 Disponibles en 26 \u00a0de large, la 12\u20196 est &hellip;<\/p>\n","protected":false},"featured_media":0,"comment_status":"open","ping_status":"open","template":"","product_category":[97],"product_tag":[],"_links":{"self":[{"href":"https:\/\/kitesurfnoumea.nc\/en\/wp-json\/wp\/v2\/product\/3592"}],"collection":[{"href":"https:\/\/kitesurfnoumea.nc\/en\/wp-json\/wp\/v2\/product"}],"about":[{"href":"https:\/\/kitesurfnoumea.nc\/en\/wp-json\/wp\/v2\/types\/product"}],"replies":[{"embeddable":true,"href":"https:\/\/kitesurfnoumea.nc\/en\/wp-json\/wp\/v2\/comments?post=3592"}],"version-history":[{"count":0,"href":"https:\/\/kitesurfnoumea.nc\/en\/wp-json\/wp\/v2\/product\/3592\/revisions"}],"wp:attachment":[{"href":"https:\/\/kitesurfnoumea.nc\/en\/wp-json\/wp\/v2\/media?parent=3592"}],"wp:term":[{"taxonomy":"product_category","embeddable":true,"href":"https:\/\/kitesurfnoumea.nc\/en\/wp-json\/wp\/v2\/product_category?post=3592"},{"taxonomy":"product_tag","embeddable":true,"href":"https:\/\/kitesurfnoumea.nc\/en\/wp-json\/wp\/v2\/product_tag?post=3592"}],"curies":[{"name":"wp","href":"https:\/\/api.w.org\/{rel}","templated":true}]}}