{"id":3575,"date":"2017-03-08T18:27:08","date_gmt":"2017-03-08T07:27:08","guid":{"rendered":"http:\/\/kitesurfnoumea.nc\/?post_type=product&#038;p=3575"},"modified":"2017-03-08T18:41:50","modified_gmt":"2017-03-08T07:41:50","slug":"f-one-2017-furtive","status":"publish","type":"product","link":"https:\/\/kitesurfnoumea.nc\/en\/product\/f-one-2017-furtive\/","title":{"rendered":"F-One 2017 Furtive"},"content":{"rendered":"<p><strong style=\"color: #f3a40b;\">F-one 2017 Furtive<\/strong><\/p>\n<p>La Furtive a \u00e9t\u00e9 cr\u00e9\u00e9 pour qu&#8217;Alex Cazeirgues batte ses record de vitesse. C&#8217;est donc avant tout une aile incroyablement rapide mais qui a aussi r\u00e9v\u00e9l\u00e9 au cours de son d\u00e9veloppement un \u00e9norme hang time!<\/p>\n<p>&#8211; Hang time : elle vous tracte haut et gr\u00e2ce \u00e0 sa portance vous planez longtemps<br \/>\n&#8211; Rapport cap\/vitesse optimal avec une traction incroyable vers le bord de fen\u00eatre<br \/>\n&#8211; Stabilit\u00e9 dynamique en vol hors pair, informations en barre pr\u00e9cises<br \/>\n&#8211; Puissance et acc\u00e9l\u00e9rations maximales gr\u00e2ce \u00e0 un grand allongement et un lobe peu prononc\u00e9<br \/>\n&#8211; Contr\u00f4le total du profil et des d\u00e9formations gr\u00e2ce au nouveau bridage W5 + 5 lattes<\/p>\n<p>La Furtive est l\u2019aile de tous les records en twintip, gun ou foil!<\/p>\n<p>&nbsp;<\/p>\n<p>&nbsp;<\/p>\n","protected":false},"excerpt":{"rendered":"<p>F-one 2017 Furtive La Furtive a \u00e9t\u00e9 cr\u00e9\u00e9 pour qu&#8217;Alex Cazeirgues batte ses record de vitesse. C&#8217;est donc avant tout une aile incroyablement rapide mais qui a aussi r\u00e9v\u00e9l\u00e9 au cours de son d\u00e9veloppement un \u00e9norme hang time! &#8211; Hang &hellip;<\/p>\n","protected":false},"featured_media":0,"comment_status":"open","ping_status":"closed","template":"","product_category":[24],"product_tag":[265],"_links":{"self":[{"href":"https:\/\/kitesurfnoumea.nc\/en\/wp-json\/wp\/v2\/product\/3575"}],"collection":[{"href":"https:\/\/kitesurfnoumea.nc\/en\/wp-json\/wp\/v2\/product"}],"about":[{"href":"https:\/\/kitesurfnoumea.nc\/en\/wp-json\/wp\/v2\/types\/product"}],"replies":[{"embeddable":true,"href":"https:\/\/kitesurfnoumea.nc\/en\/wp-json\/wp\/v2\/comments?post=3575"}],"version-history":[{"count":0,"href":"https:\/\/kitesurfnoumea.nc\/en\/wp-json\/wp\/v2\/product\/3575\/revisions"}],"wp:attachment":[{"href":"https:\/\/kitesurfnoumea.nc\/en\/wp-json\/wp\/v2\/media?parent=3575"}],"wp:term":[{"taxonomy":"product_category","embeddable":true,"href":"https:\/\/kitesurfnoumea.nc\/en\/wp-json\/wp\/v2\/product_category?post=3575"},{"taxonomy":"product_tag","embeddable":true,"href":"https:\/\/kitesurfnoumea.nc\/en\/wp-json\/wp\/v2\/product_tag?post=3575"}],"curies":[{"name":"wp","href":"https:\/\/api.w.org\/{rel}","templated":true}]}}