{"id":3570,"date":"2017-03-08T18:27:21","date_gmt":"2017-03-08T07:27:21","guid":{"rendered":"http:\/\/kitesurfnoumea.nc\/?post_type=product&#038;p=3570"},"modified":"2017-03-08T18:41:33","modified_gmt":"2017-03-08T07:41:33","slug":"f-one-2017-breeze","status":"publish","type":"product","link":"https:\/\/kitesurfnoumea.nc\/en\/product\/f-one-2017-breeze\/","title":{"rendered":"F-One 2017 Breeze"},"content":{"rendered":"<p><strong style=\"color: #f19a0d;\">F-One 2017 Breeze<\/strong><\/p>\n<p>F-One compl\u00e8te sa gamme avec la<strong>\u00a0Breeze<\/strong>, une aile\u00a0<strong>une latte<\/strong>,\u00a0<strong>ultra l\u00e9g\u00e8re id\u00e9ale pour la p\u00e9tole et la navigation en foil<\/strong>; mais \u00e9galement pour l&#8217;<strong>apprentissage<\/strong>\u00a0du kitesurf.<\/p>\n<p>&#8211; Une latte\u00a0: une l\u00e9g\u00e8ret\u00e9 ultime\u00a0pour voler dans moins de 10 noeuds<br \/>\n&#8211; D\u00e9part au planning facilit\u00e9 gr\u00e2ce \u00e0 sa puissance, l\u00e9g\u00e8ret\u00e9 et maniabilit\u00e9<br \/>\n&#8211; Plage d&#8217;utilisation et confort surtoil\u00e9 surprenant<br \/>\n&#8211; Ultra rassurante gr\u00e2ce \u00e0\u00a0sa stabilit\u00e9<br \/>\n&#8211;\u00a0Un red\u00e9collage efficace m\u00eame dans le vent l\u00e9ger<br \/>\n&#8211; Une bonne maniabilit\u00e9 pour des transitions intuitives et un apprentissage rapide<\/p>\n<p>La Breeze est une aile qui red\u00e9colle facilement, un point positif pour la navigation en vents l\u00e9gers mais aussi lorsque l&#8217;on d\u00e9bute. Coupl\u00e9 avec une traction constante et rassurante, c&#8217;est une aile qui permettra aux novices d&#8217;apprendre en toute s\u00e9r\u00e9nit\u00e9.<\/p>\n","protected":false},"excerpt":{"rendered":"<p>F-One 2017 Breeze F-One compl\u00e8te sa gamme avec la\u00a0Breeze, une aile\u00a0une latte,\u00a0ultra l\u00e9g\u00e8re id\u00e9ale pour la p\u00e9tole et la navigation en foil; mais \u00e9galement pour l&#8217;apprentissage\u00a0du kitesurf. &#8211; Une latte\u00a0: une l\u00e9g\u00e8ret\u00e9 ultime\u00a0pour voler dans moins de 10 noeuds &#8211; &hellip;<\/p>\n","protected":false},"featured_media":0,"comment_status":"open","ping_status":"closed","template":"","product_category":[24],"product_tag":[264],"_links":{"self":[{"href":"https:\/\/kitesurfnoumea.nc\/en\/wp-json\/wp\/v2\/product\/3570"}],"collection":[{"href":"https:\/\/kitesurfnoumea.nc\/en\/wp-json\/wp\/v2\/product"}],"about":[{"href":"https:\/\/kitesurfnoumea.nc\/en\/wp-json\/wp\/v2\/types\/product"}],"replies":[{"embeddable":true,"href":"https:\/\/kitesurfnoumea.nc\/en\/wp-json\/wp\/v2\/comments?post=3570"}],"version-history":[{"count":0,"href":"https:\/\/kitesurfnoumea.nc\/en\/wp-json\/wp\/v2\/product\/3570\/revisions"}],"wp:attachment":[{"href":"https:\/\/kitesurfnoumea.nc\/en\/wp-json\/wp\/v2\/media?parent=3570"}],"wp:term":[{"taxonomy":"product_category","embeddable":true,"href":"https:\/\/kitesurfnoumea.nc\/en\/wp-json\/wp\/v2\/product_category?post=3570"},{"taxonomy":"product_tag","embeddable":true,"href":"https:\/\/kitesurfnoumea.nc\/en\/wp-json\/wp\/v2\/product_tag?post=3570"}],"curies":[{"name":"wp","href":"https:\/\/api.w.org\/{rel}","templated":true}]}}