{"id":3561,"date":"2017-03-08T16:41:46","date_gmt":"2017-03-08T05:41:46","guid":{"rendered":"http:\/\/kitesurfnoumea.nc\/?post_type=product&#038;p=3561"},"modified":"2017-03-08T16:44:43","modified_gmt":"2017-03-08T05:44:43","slug":"bandit-x-f-one-2017","status":"publish","type":"product","link":"https:\/\/kitesurfnoumea.nc\/en\/product\/bandit-x-f-one-2017\/","title":{"rendered":"F-One 2017 Bandit X"},"content":{"rendered":"<p><strong style=\"color: #f99305;\">Bandit X F-One 2017<\/strong><\/p>\n<p style=\"color: #090500;\"><span style=\"text-decoration: underline;\">Construction<\/span>:<\/p>\n<p style=\"color: #090500;\">La Bandit X est un <strong>Delta C Shape<\/strong>, avec 3 lattes, et mont\u00e9e en <strong>4 lignes<\/strong>. Le spi a \u00e9t\u00e9<strong> renforc\u00e9<\/strong> en TechnoforceTM de Teijin, un polyester r\u00e9sistant. `<\/p>\n<p style=\"color: #090500;\">&#8211; Un nouvel outline plus carr\u00e9<br \/>\n&#8211; Moins de traction lat\u00e9rale pour un confort unique<br \/>\n&#8211; Une traction douce et homog\u00e8ne mais puissante<br \/>\n&#8211; Une vitesse et des acc\u00e9l\u00e9rations contr\u00f4l\u00e9es<br \/>\n&#8211; Une stabilit\u00e9 rassurante et efficace m\u00eame surtoil\u00e9e<br \/>\n&#8211; L\u00e9g\u00e8re et maniable tout en \u00e9tant pr\u00e9visible<br \/>\n&#8211; Hang-time am\u00e9lior\u00e9 et plus facile<\/p>\n<p>La Bandit X offre toujours de\u00a0<strong>tr\u00e8s bonnes sensations en freestyle<\/strong>. D\u00e9hook\u00e9s, hook\u00e9s l&#8217;aile est\u00a0<strong>rapide<\/strong>, avec une<strong>\u00a0puissance progressive<\/strong>\u00a0et<strong>tourne vite<\/strong>. Les\u00a0<strong>kiteloops<\/strong>\u00a0sont toujours aussi propres. Le\u00a0<strong>hang time est meilleur<\/strong>\u00a0et elle\u00a0<strong>porte plus pendant la descente<\/strong>.<\/p>\n<p>La<strong>\u00a0stabilit\u00e9<\/strong>, la\u00a0<strong>traction homog\u00e8ne<\/strong>\u00a0et les\u00a0<strong>acc\u00e9l\u00e9rations contr\u00f4l\u00e9es<\/strong>\u00a0sont des qualit\u00e9s non n\u00e9gligeables pour les<strong>\u00a0foileurs<\/strong>!<\/p>\n<p>En ce qui concerne le\u00a0<strong>programme vague<\/strong>, il suffit de regarder\u00a0<strong>Mitu<\/strong>\u00a0pour se rendre compte qu&#8217;elle est tout aussi\u00a0<strong>performante<\/strong>\u00a0dans ce domaine!<\/p>\n<p>&nbsp;<\/p>\n","protected":false},"excerpt":{"rendered":"<p>Bandit X F-One 2017 Construction: La Bandit X est un Delta C Shape, avec 3 lattes, et mont\u00e9e en 4 lignes. Le spi a \u00e9t\u00e9 renforc\u00e9 en TechnoforceTM de Teijin, un polyester r\u00e9sistant. ` &#8211; Un nouvel outline plus carr\u00e9 &hellip;<\/p>\n","protected":false},"featured_media":0,"comment_status":"open","ping_status":"open","template":"","product_category":[24],"product_tag":[],"_links":{"self":[{"href":"https:\/\/kitesurfnoumea.nc\/en\/wp-json\/wp\/v2\/product\/3561"}],"collection":[{"href":"https:\/\/kitesurfnoumea.nc\/en\/wp-json\/wp\/v2\/product"}],"about":[{"href":"https:\/\/kitesurfnoumea.nc\/en\/wp-json\/wp\/v2\/types\/product"}],"replies":[{"embeddable":true,"href":"https:\/\/kitesurfnoumea.nc\/en\/wp-json\/wp\/v2\/comments?post=3561"}],"version-history":[{"count":0,"href":"https:\/\/kitesurfnoumea.nc\/en\/wp-json\/wp\/v2\/product\/3561\/revisions"}],"wp:attachment":[{"href":"https:\/\/kitesurfnoumea.nc\/en\/wp-json\/wp\/v2\/media?parent=3561"}],"wp:term":[{"taxonomy":"product_category","embeddable":true,"href":"https:\/\/kitesurfnoumea.nc\/en\/wp-json\/wp\/v2\/product_category?post=3561"},{"taxonomy":"product_tag","embeddable":true,"href":"https:\/\/kitesurfnoumea.nc\/en\/wp-json\/wp\/v2\/product_tag?post=3561"}],"curies":[{"name":"wp","href":"https:\/\/api.w.org\/{rel}","templated":true}]}}