{"id":3451,"date":"2016-12-17T15:45:14","date_gmt":"2016-12-17T04:45:14","guid":{"rendered":"http:\/\/kitesurfnoumea.nc\/?post_type=product&#038;p=3451"},"modified":"2016-12-17T15:45:14","modified_gmt":"2016-12-17T04:45:14","slug":"takoon-furia","status":"publish","type":"product","link":"https:\/\/kitesurfnoumea.nc\/en\/product\/takoon-furia\/","title":{"rendered":"Takoon &#8211; Furia"},"content":{"rendered":"<p>Nous avons donc :<\/p>\n<p>&#8211; une Takoon Furia 9m\u00b2 de l&#8217;ann\u00e9e\u00a02016 avec sa barre 55 000 frs<\/p>\n<p>&#8211; une Takoon Furia 9m\u00b2 de l&#8217;ann\u00e9e 2016 avec barre aile de test donc tr\u00e8s peu de sortie tr\u00e8s bon \u00e9tat.<\/p>\n<p>&nbsp;<\/p>\n","protected":false},"excerpt":{"rendered":"<p>Nous avons donc : &#8211; une Takoon Furia 9m\u00b2 de l&#8217;ann\u00e9e\u00a02016 avec sa barre 55 000 frs &#8211; une Takoon Furia 9m\u00b2 de l&#8217;ann\u00e9e 2016 avec barre aile de test donc tr\u00e8s peu de sortie tr\u00e8s bon \u00e9tat. &nbsp;<\/p>\n","protected":false},"featured_media":0,"comment_status":"open","ping_status":"open","template":"","product_category":[271],"product_tag":[184,261,283,276],"_links":{"self":[{"href":"https:\/\/kitesurfnoumea.nc\/en\/wp-json\/wp\/v2\/product\/3451"}],"collection":[{"href":"https:\/\/kitesurfnoumea.nc\/en\/wp-json\/wp\/v2\/product"}],"about":[{"href":"https:\/\/kitesurfnoumea.nc\/en\/wp-json\/wp\/v2\/types\/product"}],"replies":[{"embeddable":true,"href":"https:\/\/kitesurfnoumea.nc\/en\/wp-json\/wp\/v2\/comments?post=3451"}],"version-history":[{"count":0,"href":"https:\/\/kitesurfnoumea.nc\/en\/wp-json\/wp\/v2\/product\/3451\/revisions"}],"wp:attachment":[{"href":"https:\/\/kitesurfnoumea.nc\/en\/wp-json\/wp\/v2\/media?parent=3451"}],"wp:term":[{"taxonomy":"product_category","embeddable":true,"href":"https:\/\/kitesurfnoumea.nc\/en\/wp-json\/wp\/v2\/product_category?post=3451"},{"taxonomy":"product_tag","embeddable":true,"href":"https:\/\/kitesurfnoumea.nc\/en\/wp-json\/wp\/v2\/product_tag?post=3451"}],"curies":[{"name":"wp","href":"https:\/\/api.w.org\/{rel}","templated":true}]}}