{"id":3442,"date":"2016-12-16T17:57:04","date_gmt":"2016-12-16T06:57:04","guid":{"rendered":"http:\/\/kitesurfnoumea.nc\/?post_type=product&#038;p=3442"},"modified":"2016-12-16T17:57:51","modified_gmt":"2016-12-16T06:57:51","slug":"airush-lithium-2016-2","status":"publish","type":"product","link":"https:\/\/kitesurfnoumea.nc\/en\/product\/airush-lithium-2016-2\/","title":{"rendered":"Airush &#8211; Lithium 2016"},"content":{"rendered":"<div>\u00a0\u00a0<a href=\"http:\/\/kitesurfnoumea.nc\/wp\/wp-content\/uploads\/2015\/09\/lithium-best-2016.png\"><img loading=\"lazy\" alt=\"lithium best 2016\" src=\"http:\/\/kitesurfnoumea.nc\/wp\/wp-content\/uploads\/2015\/09\/lithium-best-2016-262x300.png\" width=\"262\" height=\"300\" \/><\/a><\/div>\n<div><\/div>\n<div>\u00a0La Lithium a su prouver ses qualit\u00e9s pour des riders qui recherchent une voile Freeride pour sauter, surfer et naviguer! Avec une puissance constante et agr\u00e9ablement contr\u00f4lable, une bonne stabilit\u00e9 et une prise en main imm\u00e9diate, la Lithium est simplement le meilleur kite Freeride!<\/div>\n<div><\/div>\n<div>\n<p>Un r\u00e9el focus sur les oreilles et la forme des lattes, en compl\u00e9ment du shape Delta Hybrid donne \u00e0 la Lithium 2016 une tr\u00e8s bonne r\u00e9ponse au pilotage et la rend instinctive, ainsi qu&#8217;un tr\u00e8s bon red\u00e9collage.<\/p>\n<p>La Lithium 17m int\u00e8gre les m\u00eames qualit\u00e9s de vol que la Airush Vantage, la voile pour le tr\u00e8s petit temps. Le r\u00e9sultat est une voile tr\u00e8s l\u00e9g\u00e8re pour assurer une traction et un pilotage excellent dans le vent faible.<\/p>\n<\/div>\n<div>\n<p><strong>Le mot du designer:<\/strong><\/p>\n<p><em>&#8220;La Lithium est de loin notre mod\u00e8le le plus populaire. Ann\u00e9es apr\u00e8s ann\u00e9es, les riders utilisent la Lithium parce qu&#8217;elle est facile d&#8217;utilisation, avec une puissance douce et contr\u00f4lable, tr\u00e8s polyvalente pour toutes les conditions et disciplines, et avec un red\u00e9collage tr\u00e8s rapide. En changeant les oreilles de l&#8217;aile et en changeant subtilement l&#8217;aspect du ratio, la Lithium en petites tailles a une meilleure plage haute pour les conditions les plus muscl\u00e9es. La forme des oreilles apporte \u00e9galement un feeling plus direct en barre et un meilleur depower, ce qui permet d&#8217;avoir un pilotage plus sage et contr\u00f4lable. Si vous \u00eates \u00e0 la recherche d&#8217;un kite fun, id\u00e9al pour rider tous les jours, la Lithium 2016 est faite pour vous&#8230;&#8221;\u00a0<\/em>Mark Pattison &#8211; Designer Airush Kite.Tailles : 5, 6, 7, 8, 9, 10, 12, 17m<a href=\"http:\/\/kitesurfnoumea.nc\/wp\/wp-content\/uploads\/2015\/09\/lithium-2016-orange.png\"><img loading=\"lazy\" alt=\"lithium  2016 orange\" src=\"http:\/\/kitesurfnoumea.nc\/wp\/wp-content\/uploads\/2015\/09\/lithium-2016-orange-262x300.png\" width=\"262\" height=\"300\" \/><\/a><\/p>\n<p>A partir de 92 000 frs<\/p>\n<\/div>\n","protected":false},"excerpt":{"rendered":"<p>\u00a0\u00a0 \u00a0La Lithium a su prouver ses qualit\u00e9s pour des riders qui recherchent une voile Freeride pour sauter, surfer et naviguer! Avec une puissance constante et agr\u00e9ablement contr\u00f4lable, une bonne stabilit\u00e9 et une prise en main imm\u00e9diate, la Lithium est &hellip;<\/p>\n","protected":false},"featured_media":3051,"comment_status":"open","ping_status":"open","template":"","product_category":[247],"product_tag":[184,275,250,259],"_links":{"self":[{"href":"https:\/\/kitesurfnoumea.nc\/en\/wp-json\/wp\/v2\/product\/3442"}],"collection":[{"href":"https:\/\/kitesurfnoumea.nc\/en\/wp-json\/wp\/v2\/product"}],"about":[{"href":"https:\/\/kitesurfnoumea.nc\/en\/wp-json\/wp\/v2\/types\/product"}],"replies":[{"embeddable":true,"href":"https:\/\/kitesurfnoumea.nc\/en\/wp-json\/wp\/v2\/comments?post=3442"}],"version-history":[{"count":0,"href":"https:\/\/kitesurfnoumea.nc\/en\/wp-json\/wp\/v2\/product\/3442\/revisions"}],"wp:featuredmedia":[{"embeddable":true,"href":"https:\/\/kitesurfnoumea.nc\/en\/wp-json\/wp\/v2\/media\/3051"}],"wp:attachment":[{"href":"https:\/\/kitesurfnoumea.nc\/en\/wp-json\/wp\/v2\/media?parent=3442"}],"wp:term":[{"taxonomy":"product_category","embeddable":true,"href":"https:\/\/kitesurfnoumea.nc\/en\/wp-json\/wp\/v2\/product_category?post=3442"},{"taxonomy":"product_tag","embeddable":true,"href":"https:\/\/kitesurfnoumea.nc\/en\/wp-json\/wp\/v2\/product_tag?post=3442"}],"curies":[{"name":"wp","href":"https:\/\/api.w.org\/{rel}","templated":true}]}}