{"id":3441,"date":"2016-12-16T17:33:11","date_gmt":"2016-12-16T06:33:11","guid":{"rendered":"http:\/\/kitesurfnoumea.nc\/?post_type=product&#038;p=3441"},"modified":"2016-12-16T17:59:29","modified_gmt":"2016-12-16T06:59:29","slug":"destockage-union-2016-a-partir-de-92000-f","status":"publish","type":"product","link":"https:\/\/kitesurfnoumea.nc\/en\/product\/destockage-union-2016-a-partir-de-92000-f\/","title":{"rendered":"Airush &#8211; Union 2016"},"content":{"rendered":"<h4><strong>Aile Airush Union 2016:<\/strong><\/h4>\n<div>\u00a0 Tarifs Destockage \u00a0Aile Nu 97 000 F \u00a0en 8m2<\/div>\n<div><\/div>\n<p>Airush \u00a0pr\u00e9sente sa nouvelle aile pour 2016, la \u00a0Union.En partant de z\u00e9ro, la Union est le kite qui unit les performances en Freestyle de la Razor, tout en poss\u00e9dant les caract\u00e9ristiques de Freeride et de Wave de la Lithium.<\/p>\n<p>Le r\u00e9sultat est un kite tr\u00e8s bien \u00e9quilibr\u00e9, qui ravira un maximum de riders, quelque soit le programme d&#8217;utilisation. La voile reste saine et explosive en Freestyle\/Wakestyle, et permet de faire du Freeride et de la Vague comme jamais. Digne rempla\u00e7ante de la Varial-X, c&#8217;est un tout nouveau Kite \u00e0mettre entre\u00a0toutes les mains!<\/p>\n<p><img loading=\"lazy\" alt=\"Airush blue-union1\" src=\"http:\/\/kitesurfnoumea.nc\/wp\/wp-content\/uploads\/2015\/09\/Airush-blue-union1-262x300.png\" width=\"262\" height=\"300\" \/><\/p>\n<p>La nouvelle g\u00e9n\u00e9ration de Dyneema Load Frame, le spi crois\u00e9 sur les panneaux de la voile, combin\u00e9 au spi Technoforce D2, en font un kite tr\u00e8s rigide et r\u00e9sistant. En effet, la r\u00e9partition des efforts sur le spi a \u00e9t\u00e9 calcul\u00e9 afin de permettre \u00e0 la voile de rester rigide quelles que soient les conditions et l&#8217;utilisation. On retrouve une aile tr\u00e8s saine qui ne se d\u00e9forme pas sous l&#8217;effet des rafales, ce qui am\u00e9liore le confort en navigation et ses peformances en Freestyle.<\/p>\n","protected":false},"excerpt":{"rendered":"<p>Aile Airush Union 2016: \u00a0 Tarifs Destockage \u00a0Aile Nu 97 000 F \u00a0en 8m2 Airush \u00a0pr\u00e9sente sa nouvelle aile pour 2016, la \u00a0Union.En partant de z\u00e9ro, la Union est le kite qui unit les performances en Freestyle de la Razor, &hellip;<\/p>\n","protected":false},"featured_media":3037,"comment_status":"open","ping_status":"open","template":"","product_category":[247],"product_tag":[184,250,90,286],"_links":{"self":[{"href":"https:\/\/kitesurfnoumea.nc\/en\/wp-json\/wp\/v2\/product\/3441"}],"collection":[{"href":"https:\/\/kitesurfnoumea.nc\/en\/wp-json\/wp\/v2\/product"}],"about":[{"href":"https:\/\/kitesurfnoumea.nc\/en\/wp-json\/wp\/v2\/types\/product"}],"replies":[{"embeddable":true,"href":"https:\/\/kitesurfnoumea.nc\/en\/wp-json\/wp\/v2\/comments?post=3441"}],"version-history":[{"count":0,"href":"https:\/\/kitesurfnoumea.nc\/en\/wp-json\/wp\/v2\/product\/3441\/revisions"}],"wp:featuredmedia":[{"embeddable":true,"href":"https:\/\/kitesurfnoumea.nc\/en\/wp-json\/wp\/v2\/media\/3037"}],"wp:attachment":[{"href":"https:\/\/kitesurfnoumea.nc\/en\/wp-json\/wp\/v2\/media?parent=3441"}],"wp:term":[{"taxonomy":"product_category","embeddable":true,"href":"https:\/\/kitesurfnoumea.nc\/en\/wp-json\/wp\/v2\/product_category?post=3441"},{"taxonomy":"product_tag","embeddable":true,"href":"https:\/\/kitesurfnoumea.nc\/en\/wp-json\/wp\/v2\/product_tag?post=3441"}],"curies":[{"name":"wp","href":"https:\/\/api.w.org\/{rel}","templated":true}]}}