{"id":3425,"date":"2016-12-16T16:10:18","date_gmt":"2016-12-16T05:10:18","guid":{"rendered":"http:\/\/kitesurfnoumea.nc\/?post_type=product&#038;p=3425"},"modified":"2016-12-16T16:16:55","modified_gmt":"2016-12-16T05:16:55","slug":"airush-apex-2","status":"publish","type":"product","link":"https:\/\/kitesurfnoumea.nc\/en\/product\/airush-apex-2\/","title":{"rendered":"Airush &#8211; Apex 2016"},"content":{"rendered":"<p>La Apex est la board parfaite pour le all-round freeride\/Freestyle. Son shape offre un compromis entre stabilit\u00e9 et agressivit\u00e9 elle conviendra donc parfaitement au rider interm\u00e9diaire qui souhaite performer dans la discipline.<\/p>\n<p>taille disponible 135 &#8211; 132<\/p>\n<p><del>85 000<\/del> &#8211;&gt; 65 000<\/p>\n","protected":false},"excerpt":{"rendered":"<p>La Apex est la board parfaite pour le all-round freeride\/Freestyle. Son shape offre un compromis entre stabilit\u00e9 et agressivit\u00e9 elle conviendra donc parfaitement au rider interm\u00e9diaire qui souhaite performer dans la discipline. taille disponible 135 &#8211; 132 85 000 &#8211;&gt; &hellip;<\/p>\n","protected":false},"featured_media":0,"comment_status":"open","ping_status":"open","template":"","product_category":[247],"product_tag":[184,275,165,250,166,161],"_links":{"self":[{"href":"https:\/\/kitesurfnoumea.nc\/en\/wp-json\/wp\/v2\/product\/3425"}],"collection":[{"href":"https:\/\/kitesurfnoumea.nc\/en\/wp-json\/wp\/v2\/product"}],"about":[{"href":"https:\/\/kitesurfnoumea.nc\/en\/wp-json\/wp\/v2\/types\/product"}],"replies":[{"embeddable":true,"href":"https:\/\/kitesurfnoumea.nc\/en\/wp-json\/wp\/v2\/comments?post=3425"}],"version-history":[{"count":1,"href":"https:\/\/kitesurfnoumea.nc\/en\/wp-json\/wp\/v2\/product\/3425\/revisions"}],"predecessor-version":[{"id":3427,"href":"https:\/\/kitesurfnoumea.nc\/en\/wp-json\/wp\/v2\/product\/3425\/revisions\/3427"}],"wp:attachment":[{"href":"https:\/\/kitesurfnoumea.nc\/en\/wp-json\/wp\/v2\/media?parent=3425"}],"wp:term":[{"taxonomy":"product_category","embeddable":true,"href":"https:\/\/kitesurfnoumea.nc\/en\/wp-json\/wp\/v2\/product_category?post=3425"},{"taxonomy":"product_tag","embeddable":true,"href":"https:\/\/kitesurfnoumea.nc\/en\/wp-json\/wp\/v2\/product_tag?post=3425"}],"curies":[{"name":"wp","href":"https:\/\/api.w.org\/{rel}","templated":true}]}}