{"id":3419,"date":"2016-12-16T15:17:58","date_gmt":"2016-12-16T04:17:58","guid":{"rendered":"http:\/\/kitesurfnoumea.nc\/?post_type=product&#038;p=3419"},"modified":"2016-12-16T16:13:12","modified_gmt":"2016-12-16T05:13:12","slug":"airush-livewire-2016","status":"publish","type":"product","link":"https:\/\/kitesurfnoumea.nc\/en\/product\/airush-livewire-2016\/","title":{"rendered":"Airush &#8211; Livewire 2016"},"content":{"rendered":"<p>La Airush Livewire est devenu l&#8217;une des reines dans son domaine! Construction, finition et performances sont au rendez-vous!<\/p>\n<p>La planche Livewire est construite \u00e0 partir de plusieurs couches et lamelles de bois en sandiwch (type Paulownia), renforc\u00e9s par du carbon en &#8220;V&#8221; au niveau des spatules, et un gros top sheet sous la board pour la prot\u00e9ger des modules, et autres surfaces pour les frottements. Toutes ses mati\u00e8res et finitions lui procure une rigidit\u00e9 et un pop explosif!<\/p>\n<p>De plus les inserts sont renforc\u00e9s, ce qui \u00e9vitera de plier la board en deux ou de tout arracher.<\/p>\n<p>Que ce soit en straps ou en chausses, elle vous comblera \u00e0 coup s\u00fbr.<\/p>\n<p><del>90 000 frs<\/del>\u00a0&#8211;&gt; 65 000 frs<\/p>\n<p>tailles disponibles : 135 &#8211; 138<\/p>\n","protected":false},"excerpt":{"rendered":"<p>La Airush Livewire est devenu l&#8217;une des reines dans son domaine! Construction, finition et performances sont au rendez-vous! La planche Livewire est construite \u00e0 partir de plusieurs couches et lamelles de bois en sandiwch (type Paulownia), renforc\u00e9s par du carbon &hellip;<\/p>\n","protected":false},"featured_media":0,"comment_status":"open","ping_status":"open","template":"","product_category":[247],"product_tag":[184,275,250,162],"_links":{"self":[{"href":"https:\/\/kitesurfnoumea.nc\/en\/wp-json\/wp\/v2\/product\/3419"}],"collection":[{"href":"https:\/\/kitesurfnoumea.nc\/en\/wp-json\/wp\/v2\/product"}],"about":[{"href":"https:\/\/kitesurfnoumea.nc\/en\/wp-json\/wp\/v2\/types\/product"}],"replies":[{"embeddable":true,"href":"https:\/\/kitesurfnoumea.nc\/en\/wp-json\/wp\/v2\/comments?post=3419"}],"version-history":[{"count":1,"href":"https:\/\/kitesurfnoumea.nc\/en\/wp-json\/wp\/v2\/product\/3419\/revisions"}],"predecessor-version":[{"id":3424,"href":"https:\/\/kitesurfnoumea.nc\/en\/wp-json\/wp\/v2\/product\/3419\/revisions\/3424"}],"wp:attachment":[{"href":"https:\/\/kitesurfnoumea.nc\/en\/wp-json\/wp\/v2\/media?parent=3419"}],"wp:term":[{"taxonomy":"product_category","embeddable":true,"href":"https:\/\/kitesurfnoumea.nc\/en\/wp-json\/wp\/v2\/product_category?post=3419"},{"taxonomy":"product_tag","embeddable":true,"href":"https:\/\/kitesurfnoumea.nc\/en\/wp-json\/wp\/v2\/product_tag?post=3419"}],"curies":[{"name":"wp","href":"https:\/\/api.w.org\/{rel}","templated":true}]}}