{"id":3407,"date":"2016-12-16T10:01:02","date_gmt":"2016-12-15T23:01:02","guid":{"rendered":"http:\/\/kitesurfnoumea.nc\/?post_type=product&#038;p=3407"},"modified":"2016-12-16T10:01:02","modified_gmt":"2016-12-15T23:01:02","slug":"roces-slim-201","status":"publish","type":"product","link":"https:\/\/kitesurfnoumea.nc\/en\/product\/roces-slim-201\/","title":{"rendered":"Roces &#8211; Slim 201"},"content":{"rendered":"<p>Un mod\u00e8le d&#8217;entr\u00e9e de gamme de Roces \u00e9quip\u00e9 d&#8217;une platine en aluminium embouti et rivet\u00e9e dont la taille peut varier selon votre pointure. ces roller sont \u00e9quip\u00e9s de roulements ABEC 7 ainsi que d&#8217;un chausson enti\u00e8rement a\u00e9r\u00e9 et d\u00e9montable.<\/p>\n","protected":false},"excerpt":{"rendered":"<p>Un mod\u00e8le d&#8217;entr\u00e9e de gamme de Roces \u00e9quip\u00e9 d&#8217;une platine en aluminium embouti et rivet\u00e9e dont la taille peut varier selon votre pointure. ces roller sont \u00e9quip\u00e9s de roulements ABEC 7 ainsi que d&#8217;un chausson enti\u00e8rement a\u00e9r\u00e9 et d\u00e9montable.<\/p>\n","protected":false},"featured_media":3408,"comment_status":"open","ping_status":"open","template":"","product_category":[244],"product_tag":[69,287,245,246],"_links":{"self":[{"href":"https:\/\/kitesurfnoumea.nc\/en\/wp-json\/wp\/v2\/product\/3407"}],"collection":[{"href":"https:\/\/kitesurfnoumea.nc\/en\/wp-json\/wp\/v2\/product"}],"about":[{"href":"https:\/\/kitesurfnoumea.nc\/en\/wp-json\/wp\/v2\/types\/product"}],"replies":[{"embeddable":true,"href":"https:\/\/kitesurfnoumea.nc\/en\/wp-json\/wp\/v2\/comments?post=3407"}],"version-history":[{"count":0,"href":"https:\/\/kitesurfnoumea.nc\/en\/wp-json\/wp\/v2\/product\/3407\/revisions"}],"wp:featuredmedia":[{"embeddable":true,"href":"https:\/\/kitesurfnoumea.nc\/en\/wp-json\/wp\/v2\/media\/3408"}],"wp:attachment":[{"href":"https:\/\/kitesurfnoumea.nc\/en\/wp-json\/wp\/v2\/media?parent=3407"}],"wp:term":[{"taxonomy":"product_category","embeddable":true,"href":"https:\/\/kitesurfnoumea.nc\/en\/wp-json\/wp\/v2\/product_category?post=3407"},{"taxonomy":"product_tag","embeddable":true,"href":"https:\/\/kitesurfnoumea.nc\/en\/wp-json\/wp\/v2\/product_tag?post=3407"}],"curies":[{"name":"wp","href":"https:\/\/api.w.org\/{rel}","templated":true}]}}