{"id":3404,"date":"2016-12-15T16:46:54","date_gmt":"2016-12-15T05:46:54","guid":{"rendered":"http:\/\/kitesurfnoumea.nc\/?post_type=product&#038;p=3404"},"modified":"2016-12-15T16:46:54","modified_gmt":"2016-12-15T05:46:54","slug":"dup-alias","status":"publish","type":"product","link":"https:\/\/kitesurfnoumea.nc\/en\/product\/dup-alias\/","title":{"rendered":"DUP &#8211; Alias"},"content":{"rendered":"<p>La Double UP Alias est une chausse ouverte sur le devant et de par sa composition en n\u00e9opr\u00e8ne, maintient bien le pied et s&#8217;av\u00e8re confortable. Elle est id\u00e9ale pour la pratique du freestyle<\/p>\n","protected":false},"excerpt":{"rendered":"<p>La Double UP Alias est une chausse ouverte sur le devant et de par sa composition en n\u00e9opr\u00e8ne, maintient bien le pied et s&#8217;av\u00e8re confortable. Elle est id\u00e9ale pour la pratique du freestyle<\/p>\n","protected":false},"featured_media":3405,"comment_status":"open","ping_status":"open","template":"","product_category":[273],"product_tag":[242,63,222,243,231,217,232],"_links":{"self":[{"href":"https:\/\/kitesurfnoumea.nc\/en\/wp-json\/wp\/v2\/product\/3404"}],"collection":[{"href":"https:\/\/kitesurfnoumea.nc\/en\/wp-json\/wp\/v2\/product"}],"about":[{"href":"https:\/\/kitesurfnoumea.nc\/en\/wp-json\/wp\/v2\/types\/product"}],"replies":[{"embeddable":true,"href":"https:\/\/kitesurfnoumea.nc\/en\/wp-json\/wp\/v2\/comments?post=3404"}],"version-history":[{"count":0,"href":"https:\/\/kitesurfnoumea.nc\/en\/wp-json\/wp\/v2\/product\/3404\/revisions"}],"wp:featuredmedia":[{"embeddable":true,"href":"https:\/\/kitesurfnoumea.nc\/en\/wp-json\/wp\/v2\/media\/3405"}],"wp:attachment":[{"href":"https:\/\/kitesurfnoumea.nc\/en\/wp-json\/wp\/v2\/media?parent=3404"}],"wp:term":[{"taxonomy":"product_category","embeddable":true,"href":"https:\/\/kitesurfnoumea.nc\/en\/wp-json\/wp\/v2\/product_category?post=3404"},{"taxonomy":"product_tag","embeddable":true,"href":"https:\/\/kitesurfnoumea.nc\/en\/wp-json\/wp\/v2\/product_tag?post=3404"}],"curies":[{"name":"wp","href":"https:\/\/api.w.org\/{rel}","templated":true}]}}