{"id":3392,"date":"2016-12-15T09:21:24","date_gmt":"2016-12-14T22:21:24","guid":{"rendered":"http:\/\/kitesurfnoumea.nc\/?post_type=product&#038;p=3392"},"modified":"2016-12-15T10:59:53","modified_gmt":"2016-12-14T23:59:53","slug":"takoon-flyer","status":"publish","type":"product","link":"https:\/\/kitesurfnoumea.nc\/en\/product\/takoon-flyer\/","title":{"rendered":"Takoon &#8211; Flyer"},"content":{"rendered":"<p>Fruit la recherche de Takoon dans le domaine du foil et de la collaboration avec JBK, nous sommes fiers de pr\u00e9senter la Flyer dans sa deuxieme version.<\/p>\n<p>La Flyer est une planche en 148cm sp\u00e9cifique de foil, tant au niveau du shape que de la construction. Facile d\u2019acc\u00e8s, cette planche vous permettra d\u2019apprendre ou de progresser rapidement dans la pratique gr\u00e2ce a son ressenti et au contr\u00f4le du foil.<\/p>\n<p>La planche a \u00e9t\u00e9 d\u00e9velopp\u00e9e sp\u00e9cialement pour le Foil avec une ligne de scoop bien particuli\u00e8re, et hyper efficace. Confortable en navigation et tr\u00e8s stable, La Flyer a un \u00e9quilibre parfait avec l\u2019aileron foil. Un long travail a \u00e9t\u00e9 fait afin d\u2019obtenir une planche r\u00e9sistante et extr\u00eamement stable.<a href=\"http:\/\/kitesurfnoumea.nc\/wp\/wp-content\/uploads\/2016\/12\/PICTO-FOIL.png\"><img loading=\"lazy\" class=\"alignleft size-medium wp-image-3401\" alt=\"picto-foil\" src=\"http:\/\/kitesurfnoumea.nc\/wp\/wp-content\/uploads\/2016\/12\/PICTO-FOIL-300x214.png\" width=\"300\" height=\"214\" \/><\/a><\/p>\n","protected":false},"excerpt":{"rendered":"<p>Fruit la recherche de Takoon dans le domaine du foil et de la collaboration avec JBK, nous sommes fiers de pr\u00e9senter la Flyer dans sa deuxieme version. La Flyer est une planche en 148cm sp\u00e9cifique de foil, tant au niveau &hellip;<\/p>\n","protected":false},"featured_media":0,"comment_status":"open","ping_status":"open","template":"","product_category":[236],"product_tag":[240,237,284,241,276],"_links":{"self":[{"href":"https:\/\/kitesurfnoumea.nc\/en\/wp-json\/wp\/v2\/product\/3392"}],"collection":[{"href":"https:\/\/kitesurfnoumea.nc\/en\/wp-json\/wp\/v2\/product"}],"about":[{"href":"https:\/\/kitesurfnoumea.nc\/en\/wp-json\/wp\/v2\/types\/product"}],"replies":[{"embeddable":true,"href":"https:\/\/kitesurfnoumea.nc\/en\/wp-json\/wp\/v2\/comments?post=3392"}],"version-history":[{"count":1,"href":"https:\/\/kitesurfnoumea.nc\/en\/wp-json\/wp\/v2\/product\/3392\/revisions"}],"predecessor-version":[{"id":3402,"href":"https:\/\/kitesurfnoumea.nc\/en\/wp-json\/wp\/v2\/product\/3392\/revisions\/3402"}],"wp:attachment":[{"href":"https:\/\/kitesurfnoumea.nc\/en\/wp-json\/wp\/v2\/media?parent=3392"}],"wp:term":[{"taxonomy":"product_category","embeddable":true,"href":"https:\/\/kitesurfnoumea.nc\/en\/wp-json\/wp\/v2\/product_category?post=3392"},{"taxonomy":"product_tag","embeddable":true,"href":"https:\/\/kitesurfnoumea.nc\/en\/wp-json\/wp\/v2\/product_tag?post=3392"}],"curies":[{"name":"wp","href":"https:\/\/api.w.org\/{rel}","templated":true}]}}