{"id":3390,"date":"2016-12-15T09:18:22","date_gmt":"2016-12-14T22:18:22","guid":{"rendered":"http:\/\/kitesurfnoumea.nc\/?post_type=product&#038;p=3390"},"modified":"2016-12-15T11:33:34","modified_gmt":"2016-12-15T00:33:34","slug":"ketos-foil","status":"publish","type":"product","link":"https:\/\/kitesurfnoumea.nc\/en\/product\/ketos-foil\/","title":{"rendered":"Ketos &#8211; Foil"},"content":{"rendered":"<p>Le foil Takoon est fabriqu\u00e9 \u00e0 100 % en France par une PME qui \u0153uvre dans le composite depuis 25 ans.<\/p>\n<p>Les m\u00e9thodes de fabrication les plus avanc\u00e9es ont \u00e9t\u00e9 s\u00e9lectionn\u00e9es en fonction des contraintes de chaque \u00e9l\u00e9ment du foil.<\/p>\n<p>Sa r\u00e9alisation full carbone permet ainsi de proposer un foil ultra-r\u00e9sistant, rigide et l\u00e9ger \u00e0 la fois.<\/p>\n<p>Ce foil enti\u00e8rement d\u00e9montable se pr\u00e9pare en 5 mn. La technique d\u2019assemblage ainsi que le montage ont \u00e9t\u00e9 \u00e9prouv\u00e9s depuis 4 ans. Vous pouvez le d\u00e9monter partiellement ou totalement selon vos pr\u00e9f\u00e9rences. La d\u00e9rive est positionn\u00e9e sur le dessus du fuselage pour un meilleur \u00e9quilibre en virage.<\/p>\n<p>La taille de m\u00e2t est adapt\u00e9e aux pratiquants qui cherchent polyvalence et accessibilit\u00e9.<\/p>\n<p>Un long travail de R&amp;D a permis d\u2019obtenir une combinaison d\u2019ailes favorisant un ride vraiment tr\u00e8s stable. Adieu les d\u00e9sagr\u00e9ables sensations de yoyo. Le tangage est d\u00e9finitivement ma\u00eetris\u00e9.<\/p>\n<p>Les 595 cm\u00b2 de l\u2019aile autorisent un cap tr\u00e8s important sans sacrifier \u00e0 la vitesse. Un profil fin dot\u00e9 d\u2019un twist adapt\u00e9 apporte une glisse incomparable. Le foil Takoon glisse comme des rollers en Abec 9. Une fois lanc\u00e9, m\u00eame avec peu de puissance dans sa voile, on peut progressivement prendre de la vitesse. Et \u00e7a speed vraiment vite si on charge sa voile\u2026<\/p>\n<p>Il sera possible de choisir une taille de voile voire deux en-dessous de vos rep\u00e8res habituels. La navigation en petit temps entre 6 et 12 n\u0153uds n\u00e9cessite quant \u00e0 elle une taille de 12 \u00e0 14 m\u00b2<a href=\"http:\/\/kitesurfnoumea.nc\/wp\/wp-content\/uploads\/2016\/12\/PICTO-FOIL.png\"><img loading=\"lazy\" class=\"alignleft size-medium wp-image-3401\" alt=\"picto-foil\" src=\"http:\/\/kitesurfnoumea.nc\/wp\/wp-content\/uploads\/2016\/12\/PICTO-FOIL-300x214.png\" width=\"300\" height=\"214\" \/><\/a><\/p>\n","protected":false},"excerpt":{"rendered":"<p>Le foil Takoon est fabriqu\u00e9 \u00e0 100 % en France par une PME qui \u0153uvre dans le composite depuis 25 ans. Les m\u00e9thodes de fabrication les plus avanc\u00e9es ont \u00e9t\u00e9 s\u00e9lectionn\u00e9es en fonction des contraintes de chaque \u00e9l\u00e9ment du foil. &hellip;<\/p>\n","protected":false},"featured_media":0,"comment_status":"open","ping_status":"open","template":"","product_category":[236],"product_tag":[238,237,239,284,276],"_links":{"self":[{"href":"https:\/\/kitesurfnoumea.nc\/en\/wp-json\/wp\/v2\/product\/3390"}],"collection":[{"href":"https:\/\/kitesurfnoumea.nc\/en\/wp-json\/wp\/v2\/product"}],"about":[{"href":"https:\/\/kitesurfnoumea.nc\/en\/wp-json\/wp\/v2\/types\/product"}],"replies":[{"embeddable":true,"href":"https:\/\/kitesurfnoumea.nc\/en\/wp-json\/wp\/v2\/comments?post=3390"}],"version-history":[{"count":1,"href":"https:\/\/kitesurfnoumea.nc\/en\/wp-json\/wp\/v2\/product\/3390\/revisions"}],"predecessor-version":[{"id":3403,"href":"https:\/\/kitesurfnoumea.nc\/en\/wp-json\/wp\/v2\/product\/3390\/revisions\/3403"}],"wp:attachment":[{"href":"https:\/\/kitesurfnoumea.nc\/en\/wp-json\/wp\/v2\/media?parent=3390"}],"wp:term":[{"taxonomy":"product_category","embeddable":true,"href":"https:\/\/kitesurfnoumea.nc\/en\/wp-json\/wp\/v2\/product_category?post=3390"},{"taxonomy":"product_tag","embeddable":true,"href":"https:\/\/kitesurfnoumea.nc\/en\/wp-json\/wp\/v2\/product_tag?post=3390"}],"curies":[{"name":"wp","href":"https:\/\/api.w.org\/{rel}","templated":true}]}}