{"id":3387,"date":"2016-12-14T18:30:14","date_gmt":"2016-12-14T07:30:14","guid":{"rendered":"http:\/\/kitesurfnoumea.nc\/?post_type=product&#038;p=3387"},"modified":"2016-12-16T10:25:33","modified_gmt":"2016-12-15T23:25:33","slug":"dup-shoes-dupwake","status":"publish","type":"product","link":"https:\/\/kitesurfnoumea.nc\/en\/product\/dup-shoes-dupwake\/","title":{"rendered":"DUP &#8211; Shoes Program"},"content":{"rendered":"<p>L&#8217;atout premier de la Double UP Program est sa robustesse gr\u00e2ce \u00e0 composition en n\u00e9opr\u00e8ne et lycra doubl\u00e9.Il s&#8217;agit d&#8217;une Chausse mixte<\/p>\n","protected":false},"excerpt":{"rendered":"<p>L&#8217;atout premier de la Double UP Program est sa robustesse gr\u00e2ce \u00e0 composition en n\u00e9opr\u00e8ne et lycra doubl\u00e9.Il s&#8217;agit d&#8217;une Chausse mixte<\/p>\n","protected":false},"featured_media":0,"comment_status":"open","ping_status":"open","template":"","product_category":[273],"product_tag":[235,231,217,232],"_links":{"self":[{"href":"https:\/\/kitesurfnoumea.nc\/en\/wp-json\/wp\/v2\/product\/3387"}],"collection":[{"href":"https:\/\/kitesurfnoumea.nc\/en\/wp-json\/wp\/v2\/product"}],"about":[{"href":"https:\/\/kitesurfnoumea.nc\/en\/wp-json\/wp\/v2\/types\/product"}],"replies":[{"embeddable":true,"href":"https:\/\/kitesurfnoumea.nc\/en\/wp-json\/wp\/v2\/comments?post=3387"}],"version-history":[{"count":1,"href":"https:\/\/kitesurfnoumea.nc\/en\/wp-json\/wp\/v2\/product\/3387\/revisions"}],"predecessor-version":[{"id":3406,"href":"https:\/\/kitesurfnoumea.nc\/en\/wp-json\/wp\/v2\/product\/3387\/revisions\/3406"}],"wp:attachment":[{"href":"https:\/\/kitesurfnoumea.nc\/en\/wp-json\/wp\/v2\/media?parent=3387"}],"wp:term":[{"taxonomy":"product_category","embeddable":true,"href":"https:\/\/kitesurfnoumea.nc\/en\/wp-json\/wp\/v2\/product_category?post=3387"},{"taxonomy":"product_tag","embeddable":true,"href":"https:\/\/kitesurfnoumea.nc\/en\/wp-json\/wp\/v2\/product_tag?post=3387"}],"curies":[{"name":"wp","href":"https:\/\/api.w.org\/{rel}","templated":true}]}}