{"id":3383,"date":"2016-12-14T18:27:39","date_gmt":"2016-12-14T07:27:39","guid":{"rendered":"http:\/\/kitesurfnoumea.nc\/?post_type=product&#038;p=3383"},"modified":"2016-12-16T10:32:45","modified_gmt":"2016-12-15T23:32:45","slug":"dup-shoes-unite-ct","status":"publish","type":"product","link":"https:\/\/kitesurfnoumea.nc\/en\/product\/dup-shoes-unite-ct\/","title":{"rendered":"DUP &#8211; Chausse Unite CT"},"content":{"rendered":"<p>La chausse Unite CT poss\u00e8de un design qui allie confort et performance. Gr\u00e2ce \u00e0 des zones la chausse est rendue moins rigide et permet une certaine libert\u00e9 de mouvement, id\u00e9al pour la pratique du freestyle.<\/p>\n","protected":false},"excerpt":{"rendered":"<p>La chausse Unite CT poss\u00e8de un design qui allie confort et performance. Gr\u00e2ce \u00e0 des zones la chausse est rendue moins rigide et permet une certaine libert\u00e9 de mouvement, id\u00e9al pour la pratique du freestyle.<\/p>\n","protected":false},"featured_media":3384,"comment_status":"open","ping_status":"open","template":"","product_category":[273],"product_tag":[90,231,233,217,232],"_links":{"self":[{"href":"https:\/\/kitesurfnoumea.nc\/en\/wp-json\/wp\/v2\/product\/3383"}],"collection":[{"href":"https:\/\/kitesurfnoumea.nc\/en\/wp-json\/wp\/v2\/product"}],"about":[{"href":"https:\/\/kitesurfnoumea.nc\/en\/wp-json\/wp\/v2\/types\/product"}],"replies":[{"embeddable":true,"href":"https:\/\/kitesurfnoumea.nc\/en\/wp-json\/wp\/v2\/comments?post=3383"}],"version-history":[{"count":1,"href":"https:\/\/kitesurfnoumea.nc\/en\/wp-json\/wp\/v2\/product\/3383\/revisions"}],"predecessor-version":[{"id":3410,"href":"https:\/\/kitesurfnoumea.nc\/en\/wp-json\/wp\/v2\/product\/3383\/revisions\/3410"}],"wp:featuredmedia":[{"embeddable":true,"href":"https:\/\/kitesurfnoumea.nc\/en\/wp-json\/wp\/v2\/media\/3384"}],"wp:attachment":[{"href":"https:\/\/kitesurfnoumea.nc\/en\/wp-json\/wp\/v2\/media?parent=3383"}],"wp:term":[{"taxonomy":"product_category","embeddable":true,"href":"https:\/\/kitesurfnoumea.nc\/en\/wp-json\/wp\/v2\/product_category?post=3383"},{"taxonomy":"product_tag","embeddable":true,"href":"https:\/\/kitesurfnoumea.nc\/en\/wp-json\/wp\/v2\/product_tag?post=3383"}],"curies":[{"name":"wp","href":"https:\/\/api.w.org\/{rel}","templated":true}]}}