{"id":3377,"date":"2016-12-14T18:07:07","date_gmt":"2016-12-14T07:07:07","guid":{"rendered":"http:\/\/kitesurfnoumea.nc\/?post_type=product&#038;p=3377"},"modified":"2016-12-14T18:08:28","modified_gmt":"2016-12-14T07:08:28","slug":"airush-supra-trainers-kite","status":"publish","type":"product","link":"https:\/\/kitesurfnoumea.nc\/en\/product\/airush-supra-trainers-kite\/","title":{"rendered":"Airush &#8211; Supra Trainers Kite"},"content":{"rendered":"<p>Le Supra Trainers Kite est une aile \u00e0 caisson donc qui ne n\u00e9cessite pas d&#8217;\u00eatre gonfler, cette aile de traction se controle \u00e0 l&#8217;aide d&#8217;une barre qui ne poss\u00e8de que 2 lignes. C&#8217;est un outil simple qui peut convenir au d\u00e9butant qui souhaite s&#8217;initier au maniement de l&#8217;aile et peut tr\u00e8s vite devenir un jouet avec lequel on peut pratiquer le char a voile.<\/p>\n","protected":false},"excerpt":{"rendered":"<p>Le Supra Trainers Kite est une aile \u00e0 caisson donc qui ne n\u00e9cessite pas d&#8217;\u00eatre gonfler, cette aile de traction se controle \u00e0 l&#8217;aide d&#8217;une barre qui ne poss\u00e8de que 2 lignes. C&#8217;est un outil simple qui peut convenir au &hellip;<\/p>\n","protected":false},"featured_media":0,"comment_status":"open","ping_status":"open","template":"","product_category":[24],"product_tag":[282,228,275,229,227],"_links":{"self":[{"href":"https:\/\/kitesurfnoumea.nc\/en\/wp-json\/wp\/v2\/product\/3377"}],"collection":[{"href":"https:\/\/kitesurfnoumea.nc\/en\/wp-json\/wp\/v2\/product"}],"about":[{"href":"https:\/\/kitesurfnoumea.nc\/en\/wp-json\/wp\/v2\/types\/product"}],"replies":[{"embeddable":true,"href":"https:\/\/kitesurfnoumea.nc\/en\/wp-json\/wp\/v2\/comments?post=3377"}],"version-history":[{"count":0,"href":"https:\/\/kitesurfnoumea.nc\/en\/wp-json\/wp\/v2\/product\/3377\/revisions"}],"wp:attachment":[{"href":"https:\/\/kitesurfnoumea.nc\/en\/wp-json\/wp\/v2\/media?parent=3377"}],"wp:term":[{"taxonomy":"product_category","embeddable":true,"href":"https:\/\/kitesurfnoumea.nc\/en\/wp-json\/wp\/v2\/product_category?post=3377"},{"taxonomy":"product_tag","embeddable":true,"href":"https:\/\/kitesurfnoumea.nc\/en\/wp-json\/wp\/v2\/product_tag?post=3377"}],"curies":[{"name":"wp","href":"https:\/\/api.w.org\/{rel}","templated":true}]}}