{"id":3365,"date":"2016-12-14T17:32:50","date_gmt":"2016-12-14T06:32:50","guid":{"rendered":"http:\/\/kitesurfnoumea.nc\/?post_type=product&#038;p=3365"},"modified":"2016-12-16T10:14:00","modified_gmt":"2016-12-15T23:14:00","slug":"dup-rodeo","status":"publish","type":"product","link":"https:\/\/kitesurfnoumea.nc\/en\/product\/dup-rodeo\/","title":{"rendered":"DUP &#8211; Rodeo"},"content":{"rendered":"<p>Petite planche qui s&#8217;adaptera au petits rider qui cherchent \u00e0 progresser. Le shape de la board lui conf\u00e8re un excellent pop. M\u00eame en park la Rodeo est excellente sur tout types de modules, elle peut \u00eatre monter avec et sans ailerons.<\/p>\n","protected":false},"excerpt":{"rendered":"<p>Petite planche qui s&#8217;adaptera au petits rider qui cherchent \u00e0 progresser. Le shape de la board lui conf\u00e8re un excellent pop. M\u00eame en park la Rodeo est excellente sur tout types de modules, elle peut \u00eatre monter avec et sans &hellip;<\/p>\n","protected":false},"featured_media":0,"comment_status":"open","ping_status":"open","template":"","product_category":[273],"product_tag":[63,222,225,217],"_links":{"self":[{"href":"https:\/\/kitesurfnoumea.nc\/en\/wp-json\/wp\/v2\/product\/3365"}],"collection":[{"href":"https:\/\/kitesurfnoumea.nc\/en\/wp-json\/wp\/v2\/product"}],"about":[{"href":"https:\/\/kitesurfnoumea.nc\/en\/wp-json\/wp\/v2\/types\/product"}],"replies":[{"embeddable":true,"href":"https:\/\/kitesurfnoumea.nc\/en\/wp-json\/wp\/v2\/comments?post=3365"}],"version-history":[{"count":1,"href":"https:\/\/kitesurfnoumea.nc\/en\/wp-json\/wp\/v2\/product\/3365\/revisions"}],"predecessor-version":[{"id":3409,"href":"https:\/\/kitesurfnoumea.nc\/en\/wp-json\/wp\/v2\/product\/3365\/revisions\/3409"}],"wp:attachment":[{"href":"https:\/\/kitesurfnoumea.nc\/en\/wp-json\/wp\/v2\/media?parent=3365"}],"wp:term":[{"taxonomy":"product_category","embeddable":true,"href":"https:\/\/kitesurfnoumea.nc\/en\/wp-json\/wp\/v2\/product_category?post=3365"},{"taxonomy":"product_tag","embeddable":true,"href":"https:\/\/kitesurfnoumea.nc\/en\/wp-json\/wp\/v2\/product_tag?post=3365"}],"curies":[{"name":"wp","href":"https:\/\/api.w.org\/{rel}","templated":true}]}}