{"id":3359,"date":"2016-12-14T16:12:27","date_gmt":"2016-12-14T05:12:27","guid":{"rendered":"http:\/\/kitesurfnoumea.nc\/?post_type=product&#038;p=3359"},"modified":"2016-12-15T10:13:06","modified_gmt":"2016-12-14T23:13:06","slug":"airush-core-bar-2016","status":"publish","type":"product","link":"https:\/\/kitesurfnoumea.nc\/en\/product\/airush-core-bar-2016\/","title":{"rendered":"Airush &#8211; Core Bar 2016"},"content":{"rendered":"<p>La Core Bar Consid\u00e9r\u00e9e comme la barre la plus multifonctions du march\u00e9 tout en gardant comme priorit\u00e9 la s\u00e9curit\u00e9, la Barre Core\u00a0a \u00e9t\u00e9 l\u00e9g\u00e8rement modifi\u00e9e mais conserve les options pour personnaliser votre navigation et s\u2019adapter \u00e0 votre style.<br \/>\nElle a \u00e9t\u00e9 la premi\u00e8re barre \u00e0 proposer 4 longueurs diff\u00e9rentes : 45-55 ou 52-62, facilement modifiable. Ceci permet d\u2019utiliser la m\u00eame barre pour les surfaces de kite les plus petites aux plus grandes dans la gamme Airush. Le bout de depower gain\u00e9 de PU facilite le mouvement de border-choquer.<br \/>\nLa priorit\u00e9 reste la s\u00e9curit\u00e9. Utilisant le Brain Quick Release et des codes couleur \u00e0 tous les niveaux, le syst\u00e8me de s\u00e9curit\u00e9 est parfaitement s\u00e9curisant pour tous les riders. A nouveau utilis\u00e9 en 2015, le largage est pris sur un seul avant permettant de neutraliser compl\u00e8tement le kite.<\/p>\n","protected":false},"excerpt":{"rendered":"<p>La Core Bar Consid\u00e9r\u00e9e comme la barre la plus multifonctions du march\u00e9 tout en gardant comme priorit\u00e9 la s\u00e9curit\u00e9, la Barre Core\u00a0a \u00e9t\u00e9 l\u00e9g\u00e8rement modifi\u00e9e mais conserve les options pour personnaliser votre navigation et s\u2019adapter \u00e0 votre style. Elle a &hellip;<\/p>\n","protected":false},"featured_media":3360,"comment_status":"open","ping_status":"open","template":"","product_category":[87],"product_tag":[184,275,215,278,216],"_links":{"self":[{"href":"https:\/\/kitesurfnoumea.nc\/en\/wp-json\/wp\/v2\/product\/3359"}],"collection":[{"href":"https:\/\/kitesurfnoumea.nc\/en\/wp-json\/wp\/v2\/product"}],"about":[{"href":"https:\/\/kitesurfnoumea.nc\/en\/wp-json\/wp\/v2\/types\/product"}],"replies":[{"embeddable":true,"href":"https:\/\/kitesurfnoumea.nc\/en\/wp-json\/wp\/v2\/comments?post=3359"}],"version-history":[{"count":1,"href":"https:\/\/kitesurfnoumea.nc\/en\/wp-json\/wp\/v2\/product\/3359\/revisions"}],"predecessor-version":[{"id":3399,"href":"https:\/\/kitesurfnoumea.nc\/en\/wp-json\/wp\/v2\/product\/3359\/revisions\/3399"}],"wp:featuredmedia":[{"embeddable":true,"href":"https:\/\/kitesurfnoumea.nc\/en\/wp-json\/wp\/v2\/media\/3360"}],"wp:attachment":[{"href":"https:\/\/kitesurfnoumea.nc\/en\/wp-json\/wp\/v2\/media?parent=3359"}],"wp:term":[{"taxonomy":"product_category","embeddable":true,"href":"https:\/\/kitesurfnoumea.nc\/en\/wp-json\/wp\/v2\/product_category?post=3359"},{"taxonomy":"product_tag","embeddable":true,"href":"https:\/\/kitesurfnoumea.nc\/en\/wp-json\/wp\/v2\/product_tag?post=3359"}],"curies":[{"name":"wp","href":"https:\/\/api.w.org\/{rel}","templated":true}]}}