{"id":3357,"date":"2016-12-14T16:09:29","date_gmt":"2016-12-14T05:09:29","guid":{"rendered":"http:\/\/kitesurfnoumea.nc\/?post_type=product&#038;p=3357"},"modified":"2016-12-15T10:56:56","modified_gmt":"2016-12-14T23:56:56","slug":"airush-progression-bar","status":"publish","type":"product","link":"https:\/\/kitesurfnoumea.nc\/en\/product\/airush-progression-bar\/","title":{"rendered":"Airush &#8211; Progression Bar"},"content":{"rendered":"<p>La barre id\u00e9ale pour d\u00e9buter elle s&#8217;adaptera au petits budgets \u00e9tant donn\u00e9 que c&#8217;est un mod\u00e8le d&#8217;usine, le d\u00e9power est extr\u00eamement efficace avec les nouvelles Airush V3 brille, de plus les ajustement au niveau du syst\u00e8me de larguage cette ann\u00e9e favorise la s\u00e9curit\u00e9.<\/p>\n<p>Une barre qui sera donc excellente pour l&#8217;initiation mais qui peut aussi int\u00e9resser un rider interm\u00e9diaire qui recherche le meilleur rapport qualit\u00e9\/prix.<\/p>\n","protected":false},"excerpt":{"rendered":"<p>La barre id\u00e9ale pour d\u00e9buter elle s&#8217;adaptera au petits budgets \u00e9tant donn\u00e9 que c&#8217;est un mod\u00e8le d&#8217;usine, le d\u00e9power est extr\u00eamement efficace avec les nouvelles Airush V3 brille, de plus les ajustement au niveau du syst\u00e8me de larguage cette ann\u00e9e &hellip;<\/p>\n","protected":false},"featured_media":3358,"comment_status":"open","ping_status":"open","template":"","product_category":[87],"product_tag":[275,215,278,171],"_links":{"self":[{"href":"https:\/\/kitesurfnoumea.nc\/en\/wp-json\/wp\/v2\/product\/3357"}],"collection":[{"href":"https:\/\/kitesurfnoumea.nc\/en\/wp-json\/wp\/v2\/product"}],"about":[{"href":"https:\/\/kitesurfnoumea.nc\/en\/wp-json\/wp\/v2\/types\/product"}],"replies":[{"embeddable":true,"href":"https:\/\/kitesurfnoumea.nc\/en\/wp-json\/wp\/v2\/comments?post=3357"}],"version-history":[{"count":1,"href":"https:\/\/kitesurfnoumea.nc\/en\/wp-json\/wp\/v2\/product\/3357\/revisions"}],"predecessor-version":[{"id":3400,"href":"https:\/\/kitesurfnoumea.nc\/en\/wp-json\/wp\/v2\/product\/3357\/revisions\/3400"}],"wp:featuredmedia":[{"embeddable":true,"href":"https:\/\/kitesurfnoumea.nc\/en\/wp-json\/wp\/v2\/media\/3358"}],"wp:attachment":[{"href":"https:\/\/kitesurfnoumea.nc\/en\/wp-json\/wp\/v2\/media?parent=3357"}],"wp:term":[{"taxonomy":"product_category","embeddable":true,"href":"https:\/\/kitesurfnoumea.nc\/en\/wp-json\/wp\/v2\/product_category?post=3357"},{"taxonomy":"product_tag","embeddable":true,"href":"https:\/\/kitesurfnoumea.nc\/en\/wp-json\/wp\/v2\/product_tag?post=3357"}],"curies":[{"name":"wp","href":"https:\/\/api.w.org\/{rel}","templated":true}]}}