{"id":3355,"date":"2016-12-14T15:55:34","date_gmt":"2016-12-14T04:55:34","guid":{"rendered":"http:\/\/kitesurfnoumea.nc\/?post_type=product&#038;p=3355"},"modified":"2016-12-14T15:55:34","modified_gmt":"2016-12-14T04:55:34","slug":"airush-diamond-bar","status":"publish","type":"product","link":"https:\/\/kitesurfnoumea.nc\/en\/product\/airush-diamond-bar\/","title":{"rendered":"Airush &#8211; Diamond bar"},"content":{"rendered":"<p>La Diamond diamond bar elle la barre pour les rideuses qui recherchent performance et confort, de par son ergonomie elle s&#8217;adaptera aux besoins de Mesdames. Cette ann\u00e9e la raccourcissement au niveau du depower apportera de meilleur sensations ainsi que plus de s\u00e9curit\u00e9.<\/p>\n","protected":false},"excerpt":{"rendered":"<p>La Diamond diamond bar elle la barre pour les rideuses qui recherchent performance et confort, de par son ergonomie elle s&#8217;adaptera aux besoins de Mesdames. Cette ann\u00e9e la raccourcissement au niveau du depower apportera de meilleur sensations ainsi que plus &hellip;<\/p>\n","protected":false},"featured_media":3356,"comment_status":"open","ping_status":"open","template":"","product_category":[87],"product_tag":[163,275,215,278,148],"_links":{"self":[{"href":"https:\/\/kitesurfnoumea.nc\/en\/wp-json\/wp\/v2\/product\/3355"}],"collection":[{"href":"https:\/\/kitesurfnoumea.nc\/en\/wp-json\/wp\/v2\/product"}],"about":[{"href":"https:\/\/kitesurfnoumea.nc\/en\/wp-json\/wp\/v2\/types\/product"}],"replies":[{"embeddable":true,"href":"https:\/\/kitesurfnoumea.nc\/en\/wp-json\/wp\/v2\/comments?post=3355"}],"version-history":[{"count":0,"href":"https:\/\/kitesurfnoumea.nc\/en\/wp-json\/wp\/v2\/product\/3355\/revisions"}],"wp:featuredmedia":[{"embeddable":true,"href":"https:\/\/kitesurfnoumea.nc\/en\/wp-json\/wp\/v2\/media\/3356"}],"wp:attachment":[{"href":"https:\/\/kitesurfnoumea.nc\/en\/wp-json\/wp\/v2\/media?parent=3355"}],"wp:term":[{"taxonomy":"product_category","embeddable":true,"href":"https:\/\/kitesurfnoumea.nc\/en\/wp-json\/wp\/v2\/product_category?post=3355"},{"taxonomy":"product_tag","embeddable":true,"href":"https:\/\/kitesurfnoumea.nc\/en\/wp-json\/wp\/v2\/product_tag?post=3355"}],"curies":[{"name":"wp","href":"https:\/\/api.w.org\/{rel}","templated":true}]}}