{"id":3347,"date":"2016-12-13T18:23:35","date_gmt":"2016-12-13T07:23:35","guid":{"rendered":"http:\/\/kitesurfnoumea.nc\/?post_type=product&#038;p=3347"},"modified":"2016-12-15T10:23:08","modified_gmt":"2016-12-14T23:23:08","slug":"airush-ap-bar","status":"publish","type":"product","link":"https:\/\/kitesurfnoumea.nc\/en\/product\/airush-ap-bar\/","title":{"rendered":"Airush &#8211; AP Bar"},"content":{"rendered":"<p>Barre du champion du monde 2013 Alex Pastore, profil tr\u00e8s freestyle con\u00e7u selon les pr\u00e9f\u00e9rences de ce dernier. Avec sa configuration 5 lignes elle s&#8217;adaptera tr\u00e8s bien \u00e0 la puissance d\u00e9velopper par la Razor.<\/p>\n<p>&nbsp;<\/p>\n<p><a href=\"http:\/\/kitesurfnoumea.nc\/wp\/wp-content\/uploads\/2016\/12\/AP.png\"><img loading=\"lazy\" class=\"alignleft size-medium wp-image-3348\" alt=\"ap\" src=\"http:\/\/kitesurfnoumea.nc\/wp\/wp-content\/uploads\/2016\/12\/AP-300x254.png\" width=\"300\" height=\"254\" srcset=\"https:\/\/kitesurfnoumea.nc\/wp-content\/uploads\/2016\/12\/AP-300x254.png 300w, https:\/\/kitesurfnoumea.nc\/wp-content\/uploads\/2016\/12\/AP-353x300.png 353w, https:\/\/kitesurfnoumea.nc\/wp-content\/uploads\/2016\/12\/AP-176x150.png 176w, https:\/\/kitesurfnoumea.nc\/wp-content\/uploads\/2016\/12\/AP-36x30.png 36w, https:\/\/kitesurfnoumea.nc\/wp-content\/uploads\/2016\/12\/AP-90x76.png 90w, https:\/\/kitesurfnoumea.nc\/wp-content\/uploads\/2016\/12\/AP-150x127.png 150w, https:\/\/kitesurfnoumea.nc\/wp-content\/uploads\/2016\/12\/AP-32x27.png 32w, https:\/\/kitesurfnoumea.nc\/wp-content\/uploads\/2016\/12\/AP.png 530w\" sizes=\"(max-width: 300px) 100vw, 300px\" \/><\/a><\/p>\n","protected":false},"excerpt":{"rendered":"<p>Barre du champion du monde 2013 Alex Pastore, profil tr\u00e8s freestyle con\u00e7u selon les pr\u00e9f\u00e9rences de ce dernier. Avec sa configuration 5 lignes elle s&#8217;adaptera tr\u00e8s bien \u00e0 la puissance d\u00e9velopper par la Razor. &nbsp;<\/p>\n","protected":false},"featured_media":3348,"comment_status":"open","ping_status":"open","template":"","product_category":[87],"product_tag":[163,278,161],"_links":{"self":[{"href":"https:\/\/kitesurfnoumea.nc\/en\/wp-json\/wp\/v2\/product\/3347"}],"collection":[{"href":"https:\/\/kitesurfnoumea.nc\/en\/wp-json\/wp\/v2\/product"}],"about":[{"href":"https:\/\/kitesurfnoumea.nc\/en\/wp-json\/wp\/v2\/types\/product"}],"replies":[{"embeddable":true,"href":"https:\/\/kitesurfnoumea.nc\/en\/wp-json\/wp\/v2\/comments?post=3347"}],"version-history":[{"count":1,"href":"https:\/\/kitesurfnoumea.nc\/en\/wp-json\/wp\/v2\/product\/3347\/revisions"}],"predecessor-version":[{"id":3349,"href":"https:\/\/kitesurfnoumea.nc\/en\/wp-json\/wp\/v2\/product\/3347\/revisions\/3349"}],"wp:featuredmedia":[{"embeddable":true,"href":"https:\/\/kitesurfnoumea.nc\/en\/wp-json\/wp\/v2\/media\/3348"}],"wp:attachment":[{"href":"https:\/\/kitesurfnoumea.nc\/en\/wp-json\/wp\/v2\/media?parent=3347"}],"wp:term":[{"taxonomy":"product_category","embeddable":true,"href":"https:\/\/kitesurfnoumea.nc\/en\/wp-json\/wp\/v2\/product_category?post=3347"},{"taxonomy":"product_tag","embeddable":true,"href":"https:\/\/kitesurfnoumea.nc\/en\/wp-json\/wp\/v2\/product_tag?post=3347"}],"curies":[{"name":"wp","href":"https:\/\/api.w.org\/{rel}","templated":true}]}}